{"id":287,"date":"2018-08-10T13:41:05","date_gmt":"2018-08-10T13:41:05","guid":{"rendered":"http:\/\/students.ebs.ee\/\/?page_id=287"},"modified":"2022-08-12T15:07:33","modified_gmt":"2022-08-12T12:07:33","slug":"akadeemiline-petturlus","status":"publish","type":"page","link":"https:\/\/students.ebs.ee\/et\/oppetoo\/oppeinfo\/akadeemiline-petturlus\/","title":{"rendered":"Akadeemiline petturlus"},"content":{"rendered":"\n<p>\u00d5ppimise eesm\u00e4rk on omandada teadmisi ja oskusi ning iseennast arendada. Akadeemilises maailmas on t\u00e4htis tunnustada ka teiste teadmisi ja avastusi. Teise isiku kirjutise v\u00f5i selle osa avaldamine oma nime all, ka v\u00f5\u00f5raste teaduslike seisukohtade esitamine nende allikatele viitamata on loomevargus ehk plagiaat. Plagiaadi v\u00e4ltimise eest vastutab t\u00f6\u00f6 autor. Seep\u00e4rast peab \u00fcli\u00f5pilane olema kursis reeglitega, mis allikate kasutamisel kehtivad. EBSi Kirjalike t\u00f6\u00f6de vormistamise stiilijuhend on leitav <a href=\"https:\/\/students.ebs.ee\/et\/oppetoo\/oppeinfo\/kirjalike-toode-vormistamine\/\" data-type=\"URL\" data-id=\"https:\/\/students.ebs.ee\/et\/oppetoo\/oppeinfo\/kirjalike-toode-vormistamine\/\" target=\"_blank\" rel=\"noreferrer noopener\">siit<\/a>.<\/p>\n\n\n\n<p>Akadeemiline petturlus on:<\/p>\n\n\n\n<ul class=\"wp-block-list\"><li class=\"row3 row2 first second-item\">\u00f5piv\u00e4ljundite hindamisel selliste materjalide kasutamine, mida \u00f5ppej\u00f5ud ei ole s\u00f5naselgelt lubanud kasutada;<\/li><li class=\"second third-item\">teadmiste lubamatu vahetamine (nt ette\u00fctlemine, mahakirjutamine jms) \u00fcli\u00f5pilaste vahel, kelle \u00f5piv\u00e4ljundeid hinnatakse;<\/li><li class=\"row2 third fourth-item\">teise \u00fcli\u00f5pilase eest \u00f5piv\u00e4ljundite hindamisel osalemine v\u00f5i teisel isikul enda nimel hindamisel osalemise v\u00f5imaldamine;<\/li><li class=\"row3 fourth fifth-item\">kellegi teise kirjaliku t\u00f6\u00f6 esitamine oma nime all v\u00f5i selle osade kasutamine n\u00f5uetekohase akadeemilise viitamiseta;<\/li><li class=\"row2 fifth first-item\">plagieerimine ehk kellegi teise t\u00f6\u00f6 ulatuslik \u00fcmbers\u00f5nastatus, refereering v\u00f5i tsiteerimine, ilma n\u00f5uetekohase akadeemilise viitamiseta;<\/li><li class=\"sixth second-item\">iseenda t\u00f6\u00f6 uuesti esitamine, kui selle eest on juba ainepunkte saadud.<\/li><\/ul>\n\n\n\n<p>V\u00e4\u00e4ritu akadeemilise k\u00e4itumise juhtumitena k\u00e4sitletakse \u00fcldtunnustatud k\u00e4itumisnormide v\u00f5i akadeemiliste tavade vastu olulisel m\u00e4\u00e4ral eksimist, dokumentide v\u00f5ltsimist, valeandmete teadlikku esitamist oma t\u00f6\u00f6des ja\/v\u00f5i taotlustes, \u00fclikooli maine kahjustamist, milleks on \u00fclikooli kohta p\u00f5hjendamatute negatiivsete v\u00e4\u00e4rtushinnangute andmine, \u00fclikooliga koosk\u00f5lastamata ja varalise kasu saamise eesm\u00e4rgil \u00fclikooli poolt pakutavate \u00f5ppimisv\u00f5imaluste v\u00f5i teenuste vahendamist v\u00f5i \u00fclikooli tutvustavate materjalide koostamine ja levitamine v\u00f5i muud tegevused, millega p\u00f5hjustatakse \u00fclikoolile varalist v\u00f5i mainekahju.<\/p>\n\n\n\n<p>Kui \u00fcli\u00f5pilane on toime pannud akadeemilise petturluse v\u00f5i v\u00e4\u00e4ritult k\u00e4itunud, on \u00f5ppeosakonna juhatajal kohustus vastavalt rikkumise ulatusele teha kas \u00fcli\u00f5pilasele noomitus v\u00f5i akadeemilisele prorektorile esildis \u00fcli\u00f5pilase eksmatrikuleerimiseks.<\/p>\n","protected":false},"excerpt":{"rendered":"<p>\u00d5ppimise eesm\u00e4rk on omandada teadmisi ja oskusi ning iseennast arendada. Akadeemilises maailmas on t\u00e4htis tunnustada ka teiste teadmisi ja avastusi. Teise isiku kirjutise v\u00f5i selle osa avaldamine oma nime all, ka v\u00f5\u00f5raste teaduslike seisukohtade esitamine nende allikatele viitamata on loomevargus ehk plagiaat. Plagiaadi v\u00e4ltimise eest vastutab t\u00f6\u00f6 autor. Seep\u00e4rast peab \u00fcli\u00f5pilane olema kursis reeglitega, mis&#8230;<\/p>\n","protected":false},"author":6,"featured_media":0,"parent":267,"menu_order":24,"comment_status":"closed","ping_status":"closed","template":"","meta":{"_eb_attr":"","footnotes":""},"categories":[51],"semester":[],"campus":[],"class_list":["post-287","page","type-page","status-publish","hentry","category-oppetoo"],"acf":[],"_links":{"self":[{"href":"https:\/\/students.ebs.ee\/et\/wp-json\/wp\/v2\/pages\/287","targetHints":{"allow":["GET"]}}],"collection":[{"href":"https:\/\/students.ebs.ee\/et\/wp-json\/wp\/v2\/pages"}],"about":[{"href":"https:\/\/students.ebs.ee\/et\/wp-json\/wp\/v2\/types\/page"}],"author":[{"embeddable":true,"href":"https:\/\/students.ebs.ee\/et\/wp-json\/wp\/v2\/users\/6"}],"replies":[{"embeddable":true,"href":"https:\/\/students.ebs.ee\/et\/wp-json\/wp\/v2\/comments?post=287"}],"version-history":[{"count":3,"href":"https:\/\/students.ebs.ee\/et\/wp-json\/wp\/v2\/pages\/287\/revisions"}],"predecessor-version":[{"id":7715,"href":"https:\/\/students.ebs.ee\/et\/wp-json\/wp\/v2\/pages\/287\/revisions\/7715"}],"up":[{"embeddable":true,"href":"https:\/\/students.ebs.ee\/et\/wp-json\/wp\/v2\/pages\/267"}],"wp:attachment":[{"href":"https:\/\/students.ebs.ee\/et\/wp-json\/wp\/v2\/media?parent=287"}],"wp:term":[{"taxonomy":"category","embeddable":true,"href":"https:\/\/students.ebs.ee\/et\/wp-json\/wp\/v2\/categories?post=287"},{"taxonomy":"semester","embeddable":true,"href":"https:\/\/students.ebs.ee\/et\/wp-json\/wp\/v2\/semester?post=287"},{"taxonomy":"campus","embeddable":true,"href":"https:\/\/students.ebs.ee\/et\/wp-json\/wp\/v2\/campus?post=287"}],"curies":[{"name":"wp","href":"https:\/\/api.w.org\/{rel}","templated":true}]}}