{"id":285,"date":"2018-08-10T13:40:52","date_gmt":"2018-08-10T13:40:52","guid":{"rendered":"http:\/\/students.ebs.ee\/\/?page_id=285"},"modified":"2022-08-18T11:09:17","modified_gmt":"2022-08-18T08:09:17","slug":"varasemate-opingute-ja-tookogemuse-arvestamine-vota","status":"publish","type":"page","link":"https:\/\/students.ebs.ee\/et\/oppetoo\/oppeinfo\/varasemate-opingute-ja-tookogemuse-arvestamine-vota\/","title":{"rendered":"Varasemate \u00f5pingute ja t\u00f6\u00f6kogemuse arvestamine (V\u00d5TA)"},"content":{"rendered":"\n<h4 class=\"wp-block-heading\">V\u00d5TA eesm\u00e4rk<\/h4>\n\n\n\n<p>V\u00d5TA eesm\u00e4rk on elukestva \u00f5ppe ja erinevate \u00f5ppeastmete ning \u00f5pingute ja t\u00f6\u00f6turu vaheliste seoste arendamine. V\u00d5TA aitab muuta n\u00e4htavaks ja v\u00e4\u00e4rtustada inimese teadmisi, oskusi ja p\u00e4devusi s\u00f5ltumata nende omandamise viisist. V\u00d5TA v\u00f5imaldab arvestada varasemaid \u00f5pinguid ja t\u00f6\u00f6kogemust \u00f5pingute osana v\u00f5i eeldusena.<\/p>\n\n\n\n<h4 class=\"wp-block-heading\">V\u00d5TA-t saab kasutada<\/h4>\n\n\n\n<ul class=\"wp-block-list\"><li>\u00fclikooli sisseastumisel, <\/li><li>poolelij\u00e4\u00e4nud \u00f5pingute j\u00e4tkamisel, <\/li><li>\u00f5ppekava t\u00e4itmisel,<\/li><li>\u00f5ppekava vahetamisel.<\/li><\/ul>\n\n\n\n<h4 class=\"wp-block-heading\">V\u00d5TA raames hinnatakse<\/h4>\n\n\n\n<ul class=\"wp-block-list\"><li>kogemustest \u00f5pitut, mitte (t\u00f6\u00f6)kogemust ennast<\/li><li>teadmisi, oskusi, p\u00e4devusi, sh oskusi teadmisi \u00fcldistada ja rakendada<\/li><li>vastavust \u00f5ppeaine, \u00f5ppeainete ploki (mooduli) ning \u00f5ppekava eesm\u00e4rkidele ja \u00f5pitulemustele v\u00f5i kutsestandardile<\/li><li>vastaval tasemel toimetulekut<\/li><li>tervikut, mitte \u00fcksikuid aineid<\/li><\/ul>\n\n\n\n<p>EBSis reguleerib varasemate \u00f5pingute ja t\u00f6\u00f6kogemuse arvestamist \u00f5ppekorralduse eeskiri punkt 6.<\/p>\n\n\n\n<p>Arvestamisel l\u00e4htutakse omandatud teadmiste, oskuste ja kogemuste sisulisest sobivusest.<\/p>\n","protected":false},"excerpt":{"rendered":"<p>V\u00d5TA eesm\u00e4rk V\u00d5TA eesm\u00e4rk on elukestva \u00f5ppe ja erinevate \u00f5ppeastmete ning \u00f5pingute ja t\u00f6\u00f6turu vaheliste seoste arendamine. V\u00d5TA aitab muuta n\u00e4htavaks ja v\u00e4\u00e4rtustada inimese teadmisi, oskusi ja p\u00e4devusi s\u00f5ltumata nende omandamise viisist. V\u00d5TA v\u00f5imaldab arvestada varasemaid \u00f5pinguid ja t\u00f6\u00f6kogemust \u00f5pingute osana v\u00f5i eeldusena. V\u00d5TA-t saab kasutada \u00fclikooli sisseastumisel, poolelij\u00e4\u00e4nud \u00f5pingute j\u00e4tkamisel, \u00f5ppekava t\u00e4itmisel, \u00f5ppekava vahetamisel&#8230;.<\/p>\n","protected":false},"author":6,"featured_media":0,"parent":267,"menu_order":23,"comment_status":"closed","ping_status":"closed","template":"","meta":{"_eb_attr":"","footnotes":""},"categories":[51],"semester":[],"campus":[],"class_list":["post-285","page","type-page","status-publish","hentry","category-oppetoo"],"acf":[],"_links":{"self":[{"href":"https:\/\/students.ebs.ee\/et\/wp-json\/wp\/v2\/pages\/285","targetHints":{"allow":["GET"]}}],"collection":[{"href":"https:\/\/students.ebs.ee\/et\/wp-json\/wp\/v2\/pages"}],"about":[{"href":"https:\/\/students.ebs.ee\/et\/wp-json\/wp\/v2\/types\/page"}],"author":[{"embeddable":true,"href":"https:\/\/students.ebs.ee\/et\/wp-json\/wp\/v2\/users\/6"}],"replies":[{"embeddable":true,"href":"https:\/\/students.ebs.ee\/et\/wp-json\/wp\/v2\/comments?post=285"}],"version-history":[{"count":13,"href":"https:\/\/students.ebs.ee\/et\/wp-json\/wp\/v2\/pages\/285\/revisions"}],"predecessor-version":[{"id":7823,"href":"https:\/\/students.ebs.ee\/et\/wp-json\/wp\/v2\/pages\/285\/revisions\/7823"}],"up":[{"embeddable":true,"href":"https:\/\/students.ebs.ee\/et\/wp-json\/wp\/v2\/pages\/267"}],"wp:attachment":[{"href":"https:\/\/students.ebs.ee\/et\/wp-json\/wp\/v2\/media?parent=285"}],"wp:term":[{"taxonomy":"category","embeddable":true,"href":"https:\/\/students.ebs.ee\/et\/wp-json\/wp\/v2\/categories?post=285"},{"taxonomy":"semester","embeddable":true,"href":"https:\/\/students.ebs.ee\/et\/wp-json\/wp\/v2\/semester?post=285"},{"taxonomy":"campus","embeddable":true,"href":"https:\/\/students.ebs.ee\/et\/wp-json\/wp\/v2\/campus?post=285"}],"curies":[{"name":"wp","href":"https:\/\/api.w.org\/{rel}","templated":true}]}}