{"id":283,"date":"2018-08-10T13:40:30","date_gmt":"2018-08-10T13:40:30","guid":{"rendered":"http:\/\/students.ebs.ee\/\/?page_id=283"},"modified":"2022-08-12T10:29:02","modified_gmt":"2022-08-12T07:29:02","slug":"hindamiskriteeriumid-ja-opivaljundid","status":"publish","type":"page","link":"https:\/\/students.ebs.ee\/et\/oppetoo\/oppeinfo\/hindamiskriteeriumid-ja-opivaljundid\/","title":{"rendered":"Hindamiskriteeriumid ja \u00f5piv\u00e4ljundid"},"content":{"rendered":"<div class=\"c-article-body has-links\">\n<p>\u00d5ppekava, mooduli ja \u00f5ppeaine eesm\u00e4rgid on m\u00e4\u00e4ratletud \u00f5piv\u00e4ljunditena. V\u00e4ljundip\u00f5hine \u00f5pe l\u00e4htub \u00f5ppijast ning erinevalt sisendip\u00f5hisest \u00f5ppest, kus r\u00f5hk on \u00f5petamisel ja \u00f5ppesisul, on v\u00e4ljundip\u00f5hises \u00f5ppes keskne roll \u00fcli\u00f5pilase eesm\u00e4rgistatud \u00f5ppimisel.<\/p>\n<p>\u00d5piv\u00e4ljundid on teadmised, oskused ja hoiakud, mille \u00fcli\u00f5pilane on \u00f5ppimise k\u00e4igus omandanud ning mille olemasolu ja saavutatuse taset on v\u00f5imalik t\u00f5endada ja hinnata. \u00d5piv\u00e4ljundid on kirjeldatud miinimumtasemel, mis on vajalik \u00f5ppekava, mooduli v\u00f5i \u00f5ppeaine l\u00e4bimiseks. Et eristada \u00f5piv\u00e4ljundite saavutamist miinimumi \u00fcletaval tasemel, kasutatakse hindamist.<\/p>\n<p>\u00d5piv\u00e4ljundite hindamine on \u00f5ppeprotsessi lahutamatu osa, mille k\u00e4igus antakse kindlate hindamiskriteeriumide alusel hinnang \u00f5ppija teadmiste ja oskuste omandatuse taseme kohta, juhindudes \u00f5ppekavas kirjeldatud \u00f5piv\u00e4ljunditest. Hindamismeetodid ja -kriteeriumid on kirjeldatud aineprogrammis.<\/p>\n<p>Palun tutvu kohe kursuse alguses \u00f5ppeaine \u00f5piv\u00e4ljundite ja hindamiskriteeriumidega, sest see aitab\u00a0 paremini m\u00f5ista, millele \u00f5ppimisel rohkem t\u00e4helepanu p\u00f6\u00f6rata ja mida \u00f5ppej\u00f5ud hindamisel arvestab. Kui Sulle j\u00e4\u00e4b \u00f5piv\u00e4ljundite ja hindamiskriteeriumite sisu segaseks, siis palun p\u00f6\u00f6rdu selgituste ja t\u00e4psustuste saamiseks otse \u00f5ppej\u00f5u poole.<\/p>\n<\/div>\n","protected":false},"excerpt":{"rendered":"<p>\u00d5ppekava, mooduli ja \u00f5ppeaine eesm\u00e4rgid on m\u00e4\u00e4ratletud \u00f5piv\u00e4ljunditena. V\u00e4ljundip\u00f5hine \u00f5pe l\u00e4htub \u00f5ppijast ning erinevalt sisendip\u00f5hisest \u00f5ppest, kus r\u00f5hk on \u00f5petamisel ja \u00f5ppesisul, on v\u00e4ljundip\u00f5hises \u00f5ppes keskne roll \u00fcli\u00f5pilase eesm\u00e4rgistatud \u00f5ppimisel. \u00d5piv\u00e4ljundid on teadmised, oskused ja hoiakud, mille \u00fcli\u00f5pilane on \u00f5ppimise k\u00e4igus omandanud ning mille olemasolu ja saavutatuse taset on v\u00f5imalik t\u00f5endada ja hinnata. \u00d5piv\u00e4ljundid on&#8230;<\/p>\n","protected":false},"author":6,"featured_media":0,"parent":267,"menu_order":22,"comment_status":"closed","ping_status":"closed","template":"","meta":{"_eb_attr":"","footnotes":""},"categories":[51],"semester":[],"campus":[],"class_list":["post-283","page","type-page","status-publish","hentry","category-oppetoo"],"acf":[],"_links":{"self":[{"href":"https:\/\/students.ebs.ee\/et\/wp-json\/wp\/v2\/pages\/283","targetHints":{"allow":["GET"]}}],"collection":[{"href":"https:\/\/students.ebs.ee\/et\/wp-json\/wp\/v2\/pages"}],"about":[{"href":"https:\/\/students.ebs.ee\/et\/wp-json\/wp\/v2\/types\/page"}],"author":[{"embeddable":true,"href":"https:\/\/students.ebs.ee\/et\/wp-json\/wp\/v2\/users\/6"}],"replies":[{"embeddable":true,"href":"https:\/\/students.ebs.ee\/et\/wp-json\/wp\/v2\/comments?post=283"}],"version-history":[{"count":3,"href":"https:\/\/students.ebs.ee\/et\/wp-json\/wp\/v2\/pages\/283\/revisions"}],"predecessor-version":[{"id":7654,"href":"https:\/\/students.ebs.ee\/et\/wp-json\/wp\/v2\/pages\/283\/revisions\/7654"}],"up":[{"embeddable":true,"href":"https:\/\/students.ebs.ee\/et\/wp-json\/wp\/v2\/pages\/267"}],"wp:attachment":[{"href":"https:\/\/students.ebs.ee\/et\/wp-json\/wp\/v2\/media?parent=283"}],"wp:term":[{"taxonomy":"category","embeddable":true,"href":"https:\/\/students.ebs.ee\/et\/wp-json\/wp\/v2\/categories?post=283"},{"taxonomy":"semester","embeddable":true,"href":"https:\/\/students.ebs.ee\/et\/wp-json\/wp\/v2\/semester?post=283"},{"taxonomy":"campus","embeddable":true,"href":"https:\/\/students.ebs.ee\/et\/wp-json\/wp\/v2\/campus?post=283"}],"curies":[{"name":"wp","href":"https:\/\/api.w.org\/{rel}","templated":true}]}}