{"id":281,"date":"2018-08-10T13:40:09","date_gmt":"2018-08-10T13:40:09","guid":{"rendered":"http:\/\/students.ebs.ee\/\/?page_id=281"},"modified":"2022-08-12T14:43:02","modified_gmt":"2022-08-12T11:43:02","slug":"kodutoode-esitamine","status":"publish","type":"page","link":"https:\/\/students.ebs.ee\/et\/oppetoo\/oppeinfo\/kodutoode-esitamine\/","title":{"rendered":"Kodut\u00f6\u00f6de esitamine"},"content":{"rendered":"<div class=\"c-article-body has-links\">\n<p>Kodut\u00f6\u00f6de juhendid ja t\u00e4htajad on m\u00e4rgitud aineprogrammis ja Canvases \u00fclesannete sektsioonis. Kodut\u00f6\u00f6d tuleb \u00fcli\u00f5pilasel vastavalt \u00f5ppej\u00f5u antud juhistele laadida \u00fcles e-\u00f5ppe platvormile Canvas v\u00f5i saata e-kirja teel.<\/p>\n<p>Paljudel juhtudel on \u00f5ppej\u00f5ud kehtestanud kodut\u00f6\u00f6de laekumisele ka kellaaja n\u00f5ude &#8211; sellisel juhul hiljem esitatud kodut\u00f6id vastu ei v\u00f5eta v\u00f5i antakse miinuspunkte hilinemise eest (vt vastavat aineprogrammi).<\/p>\n<p>Kodut\u00f6\u00f6de vormistamisel peab l\u00e4htuma <a href=\"https:\/\/students.ebs.ee\/et\/oppetoo\/oppeinfo\/kirjalike-toode-vormistamine\/\" target=\"_blank\" rel=\"noopener noreferrer\"><strong>EBSi kirjalike t\u00f6\u00f6de vormistamise juhend.<\/strong><\/a><\/p>\n<p>\u00d5ppej\u00f5ul on kodut\u00f6\u00f6de parandamiseks aega reeglina 10\u201315 p\u00e4eva.<\/p>\n<\/div>\n","protected":false},"excerpt":{"rendered":"<p>Kodut\u00f6\u00f6de juhendid ja t\u00e4htajad on m\u00e4rgitud aineprogrammis ja Canvases \u00fclesannete sektsioonis. Kodut\u00f6\u00f6d tuleb \u00fcli\u00f5pilasel vastavalt \u00f5ppej\u00f5u antud juhistele laadida \u00fcles e-\u00f5ppe platvormile Canvas v\u00f5i saata e-kirja teel. Paljudel juhtudel on \u00f5ppej\u00f5ud kehtestanud kodut\u00f6\u00f6de laekumisele ka kellaaja n\u00f5ude &#8211; sellisel juhul hiljem esitatud kodut\u00f6id vastu ei v\u00f5eta v\u00f5i antakse miinuspunkte hilinemise eest (vt vastavat aineprogrammi). Kodut\u00f6\u00f6de&#8230;<\/p>\n","protected":false},"author":6,"featured_media":0,"parent":267,"menu_order":21,"comment_status":"closed","ping_status":"closed","template":"","meta":{"_eb_attr":"","footnotes":""},"categories":[21],"semester":[],"campus":[],"class_list":["post-281","page","type-page","status-publish","hentry","category-studies"],"acf":[],"_links":{"self":[{"href":"https:\/\/students.ebs.ee\/et\/wp-json\/wp\/v2\/pages\/281","targetHints":{"allow":["GET"]}}],"collection":[{"href":"https:\/\/students.ebs.ee\/et\/wp-json\/wp\/v2\/pages"}],"about":[{"href":"https:\/\/students.ebs.ee\/et\/wp-json\/wp\/v2\/types\/page"}],"author":[{"embeddable":true,"href":"https:\/\/students.ebs.ee\/et\/wp-json\/wp\/v2\/users\/6"}],"replies":[{"embeddable":true,"href":"https:\/\/students.ebs.ee\/et\/wp-json\/wp\/v2\/comments?post=281"}],"version-history":[{"count":9,"href":"https:\/\/students.ebs.ee\/et\/wp-json\/wp\/v2\/pages\/281\/revisions"}],"predecessor-version":[{"id":7695,"href":"https:\/\/students.ebs.ee\/et\/wp-json\/wp\/v2\/pages\/281\/revisions\/7695"}],"up":[{"embeddable":true,"href":"https:\/\/students.ebs.ee\/et\/wp-json\/wp\/v2\/pages\/267"}],"wp:attachment":[{"href":"https:\/\/students.ebs.ee\/et\/wp-json\/wp\/v2\/media?parent=281"}],"wp:term":[{"taxonomy":"category","embeddable":true,"href":"https:\/\/students.ebs.ee\/et\/wp-json\/wp\/v2\/categories?post=281"},{"taxonomy":"semester","embeddable":true,"href":"https:\/\/students.ebs.ee\/et\/wp-json\/wp\/v2\/semester?post=281"},{"taxonomy":"campus","embeddable":true,"href":"https:\/\/students.ebs.ee\/et\/wp-json\/wp\/v2\/campus?post=281"}],"curies":[{"name":"wp","href":"https:\/\/api.w.org\/{rel}","templated":true}]}}