{"id":279,"date":"2018-08-10T13:32:19","date_gmt":"2018-08-10T13:32:19","guid":{"rendered":"http:\/\/students.ebs.ee\/\/?page_id=279"},"modified":"2021-09-06T12:03:38","modified_gmt":"2021-09-06T09:03:38","slug":"tais-ja-osakoormusega-ope","status":"publish","type":"page","link":"https:\/\/students.ebs.ee\/et\/oppetoo\/oppeinfo\/tais-ja-osakoormusega-ope\/","title":{"rendered":"T\u00e4is- ja osakoormusega \u00f5pe"},"content":{"rendered":"<p>Iga \u00f5ppekava jaoks on kehtestatud nominaalkestus, mille jooksul \u00fcli\u00f5pilane peab \u00f5pingud l\u00e4bima. Bakalaureuse\u00f5ppes on \u00f5ppekava nominaalkestus reeglina 3 aastat, v.a. ettev\u00f5tluse ja \u00e4rijuhtimise \u00f5ppekava sessioon\u00f5ppes, kus tegelik \u00f5ppeaeg on 3,5 aastat. Sellega seoses peavad \u00fcli\u00f5pilased arvestama, et riiklikku \u00f5ppelaenu on v\u00f5imalik saada ainult \u00f5ppekava nominaalkestuse (3a bakalaureuse\u00f5ppes ja 2a magistri\u00f5ppes) jooksul, st tegelikku \u00f5ppeaja pikkust pangad laenu andmisel ei arvesta.<\/p>\n<p>Magistri\u00f5ppes on nominaal\u00f5ppeaeg 1-2 aastat.<\/p>\n<p>Selleks, et l\u00f5petada \u00fclikool nominaalajaga, peaks \u00fcli\u00f5pilane planeerima oma \u00f5pinguid nii, et l\u00e4bib igas semestris \u00f5pinguid ligikaudu 30 ainepunkti (EAP) mahus ehk v\u00f5tab igal semestril k\u00f5ik oma r\u00fchmale planeeritud ained. EBSi poolt koostatud \u00f5ppeplaanid ning sellest l\u00e4htuvalt iga r\u00fchma tunniplaanid on jagatud nii, et \u00f5ppekoormus oleks optimaalne. Aastane \u00f5ppekoormus on seega tavaliselt 54\u201360 ainepunkti.<\/p>\n<p>Minimaalset ainepunktide mahtu \u00fcli\u00f5pilase jaoks EBSis ei ole, aineid v\u00f5ib v\u00f5tta ka \u00fchekaupa, aga sellisel juhul tuleb arvestada pikema \u00f5pingute ajaga. Minimaalse \u00f5ppekoormusega \u00f5ppur ei ole \u00fcli\u00f5pilase staatuses, vaid \u00f5pib ekstern\u00f5ppes.<\/p>\n<p>\n<table id=\"tablepress-6\" class=\"tablepress tablepress-id-6\">\n<thead>\n<tr class=\"row-1\">\n\t<th class=\"column-1\">T\u00e4iskoormus<\/th><th class=\"column-2\">Osakoormus<\/th><th class=\"column-3\">Ekstern\u00f5pe<\/th>\n<\/tr>\n<\/thead>\n<tbody>\n<tr class=\"row-2\">\n\t<td class=\"column-1\">\u00d5ppeaasta jooksul sooritab \u00fcli\u00f5pilane 45\u201360 EAP<br \/>\n75\u2013100% \u00f5ppekava nominaalkoormusest<\/td><td class=\"column-2\">\u00d5ppeaasta jooksul sooritab \u00fcli\u00f5pilane 30\u201345 EAP<br \/>\n50\u201374 % \u00f5ppekava nominaalkoormusest<\/td><td class=\"column-3\">\u00d5ppeaasta jooksul sooritab \u00fcli\u00f5pilane kuni 29 EAP<br \/>\n3\u201349 % \u00f5ppekava nominaalkoormusest<\/td>\n<\/tr>\n<tr class=\"row-3\">\n\t<td class=\"column-1\">\u00d5igus taotleda pangast \u00f5ppelaenu<\/td><td class=\"column-2\">\u00d5igus taotleda pangast \u00f5ppelaenu<\/td><td class=\"column-3\">Puudub \u00f5igus taotleda pangast \u00f5ppelaenu<\/td>\n<\/tr>\n<tr class=\"row-4\">\n\t<td class=\"column-1\">Ravikindlustus on kehtiv<\/td><td class=\"column-2\">Ravikindlustus on kehtiv<\/td><td class=\"column-3\">Ravikindlustus ei ole kehtiv<\/td>\n<\/tr>\n<tr class=\"row-5\">\n\t<td class=\"column-1\">\u00d5igus taotleda t\u00f6\u00f6andjalt \u00f5ppepuhkust<\/td><td class=\"column-2\">\u00d5igus taotleda t\u00f6\u00f6andjalt \u00f5ppepuhkust<\/td><td class=\"column-3\">\u00d5igus taotleda t\u00f6\u00f6andjalt \u00f5ppepuhkust<\/td>\n<\/tr>\n<tr class=\"row-6\">\n\t<td class=\"column-1\">\u00d5igus taotleda \u00fcli\u00f5pilaspiletit<\/td><td class=\"column-2\">\u00d5igus taotleda \u00fcli\u00f5pilaspiletit<\/td><td class=\"column-3\">Puudub \u00f5igus taotleda \u00fcli\u00f5pilaspiletit<\/td>\n<\/tr>\n<\/tbody>\n<\/table>\n<br \/>\n*erinevatel \u00f5ppekavadel v\u00f5ivad ainepunktid paari EAP ulatuses k\u00f5ikuda.<\/p>\n<p>Nominaalkoormust arvestatakse vastavale \u00f5ppekavale antud \u00f5ppeaastaks planeeritud ainete alusel.\u00a0\u00d5ppekoormust arvestatakse \u00fcks kord aastas augustis vastavalt eelmisel \u00f5ppeaastal sooritatud \u00f5ppet\u00f6\u00f6 mahule. Sisseastumisel m\u00e4\u00e4ratakse k\u00f5ikidele \u00fcli\u00f5pilastele, kes deklareerivad ette antud nominaalprogrammi v\u00f5i v\u00e4hemalt 75% sellest, t\u00e4iskoormus. T\u00e4iskoormusega \u00f5ppe n\u00f5udeid mittet\u00e4itva \u00fcli\u00f5pilase viib \u00fclikool osakoormusega \u00f5ppesse.<\/p>\n<p>N\u00e4ide: L\u00e4bides esimese \u00f5ppeaastaga 43,5 ainepunkti (EAP) = osakoormus. Deklareerides teisel \u00f5ppeaastal suurema koormuse ja l\u00e4bides teise aasta l\u00f5puks v\u00e4hemalt 90 ainepunkti = t\u00e4iskoormus.<\/p>\n<p>\u00dcli\u00f5pilased, kes t\u00e4idavad \u00f5ppeaasta jooksul \u00f5ppekava mahust v\u00e4hem kui 50%, eksmatrikuleeritakse rektori k\u00e4skkirjaga ja nad j\u00e4tkavad oma \u00f5pinguid eksternina. Ekstern on EBSi \u00f5ppur, kellel on v\u00f5imalik sooritada \u00f5ppekavaj\u00e4rgseid eksameid ja arvestusi alla 30 EAP aastas ning kaitsta l\u00f5put\u00f6\u00f6d v\u00f5i sooritada l\u00f5pueksam.<\/p>\n<p><strong>NB!<\/strong> Ekstern ei ole \u00fcli\u00f5pilane, kuid talle laienevad \u00f5ppekorralduseeskirjas \u00f5ppet\u00f6\u00f6ga ja \u00f5ppekorraldusega seotud \u00f5igused ning kohustused.<\/p>\n","protected":false},"excerpt":{"rendered":"<p>Iga \u00f5ppekava jaoks on kehtestatud nominaalkestus, mille jooksul \u00fcli\u00f5pilane peab \u00f5pingud l\u00e4bima. Bakalaureuse\u00f5ppes on \u00f5ppekava nominaalkestus reeglina 3 aastat, v.a. ettev\u00f5tluse ja \u00e4rijuhtimise \u00f5ppekava sessioon\u00f5ppes, kus tegelik \u00f5ppeaeg on 3,5 aastat. Sellega seoses peavad \u00fcli\u00f5pilased arvestama, et riiklikku \u00f5ppelaenu on v\u00f5imalik saada ainult \u00f5ppekava nominaalkestuse (3a bakalaureuse\u00f5ppes ja 2a magistri\u00f5ppes) jooksul, st tegelikku \u00f5ppeaja pikkust&#8230;<\/p>\n","protected":false},"author":6,"featured_media":0,"parent":267,"menu_order":19,"comment_status":"closed","ping_status":"closed","template":"","meta":{"_eb_attr":"","footnotes":""},"categories":[51],"semester":[],"campus":[],"class_list":["post-279","page","type-page","status-publish","hentry","category-oppetoo"],"acf":[],"_links":{"self":[{"href":"https:\/\/students.ebs.ee\/et\/wp-json\/wp\/v2\/pages\/279","targetHints":{"allow":["GET"]}}],"collection":[{"href":"https:\/\/students.ebs.ee\/et\/wp-json\/wp\/v2\/pages"}],"about":[{"href":"https:\/\/students.ebs.ee\/et\/wp-json\/wp\/v2\/types\/page"}],"author":[{"embeddable":true,"href":"https:\/\/students.ebs.ee\/et\/wp-json\/wp\/v2\/users\/6"}],"replies":[{"embeddable":true,"href":"https:\/\/students.ebs.ee\/et\/wp-json\/wp\/v2\/comments?post=279"}],"version-history":[{"count":12,"href":"https:\/\/students.ebs.ee\/et\/wp-json\/wp\/v2\/pages\/279\/revisions"}],"predecessor-version":[{"id":5717,"href":"https:\/\/students.ebs.ee\/et\/wp-json\/wp\/v2\/pages\/279\/revisions\/5717"}],"up":[{"embeddable":true,"href":"https:\/\/students.ebs.ee\/et\/wp-json\/wp\/v2\/pages\/267"}],"wp:attachment":[{"href":"https:\/\/students.ebs.ee\/et\/wp-json\/wp\/v2\/media?parent=279"}],"wp:term":[{"taxonomy":"category","embeddable":true,"href":"https:\/\/students.ebs.ee\/et\/wp-json\/wp\/v2\/categories?post=279"},{"taxonomy":"semester","embeddable":true,"href":"https:\/\/students.ebs.ee\/et\/wp-json\/wp\/v2\/semester?post=279"},{"taxonomy":"campus","embeddable":true,"href":"https:\/\/students.ebs.ee\/et\/wp-json\/wp\/v2\/campus?post=279"}],"curies":[{"name":"wp","href":"https:\/\/api.w.org\/{rel}","templated":true}]}}