{"id":271,"date":"2018-08-10T13:25:49","date_gmt":"2018-08-10T13:25:49","guid":{"rendered":"http:\/\/students.ebs.ee\/\/?page_id=271"},"modified":"2022-08-12T14:59:35","modified_gmt":"2022-08-12T11:59:35","slug":"aineprogramm","status":"publish","type":"page","link":"https:\/\/students.ebs.ee\/et\/oppetoo\/oppeinfo\/aineprogramm\/","title":{"rendered":"Aineprogramm"},"content":{"rendered":"\n<p>Iga \u00f5ppeaine kohta koostatakse aine eesm\u00e4rkidele vastav aineprogramm, mis &nbsp;kehtestab \u00f5ppeaine eeldusained, auditoorse t\u00f6\u00f6 ajakava ning teemade loetelu, iseseisva t\u00f6\u00f6 ajakava ja kirjelduse, hindamismeetodid ja \u2013kriteeriumid ning p\u00f5hilise \u00f5ppekirjanduse loetelu. Aineprogrammi leiad&nbsp; <a href=\"https:\/\/canvas.ebs.ee\" target=\"_blank\" rel=\"noopener\">Canvas<\/a>est vastava kursuse lehelt.<\/p>\n","protected":false},"excerpt":{"rendered":"<p>Iga \u00f5ppeaine kohta koostatakse aine eesm\u00e4rkidele vastav aineprogramm, mis &nbsp;kehtestab \u00f5ppeaine eeldusained, auditoorse t\u00f6\u00f6 ajakava ning teemade loetelu, iseseisva t\u00f6\u00f6 ajakava ja kirjelduse, hindamismeetodid ja \u2013kriteeriumid ning p\u00f5hilise \u00f5ppekirjanduse loetelu. Aineprogrammi leiad&nbsp; Canvasest vastava kursuse lehelt.<\/p>\n","protected":false},"author":6,"featured_media":0,"parent":267,"menu_order":9,"comment_status":"closed","ping_status":"closed","template":"","meta":{"_eb_attr":"","footnotes":""},"categories":[51],"semester":[],"campus":[],"class_list":["post-271","page","type-page","status-publish","hentry","category-oppetoo"],"acf":[],"_links":{"self":[{"href":"https:\/\/students.ebs.ee\/et\/wp-json\/wp\/v2\/pages\/271","targetHints":{"allow":["GET"]}}],"collection":[{"href":"https:\/\/students.ebs.ee\/et\/wp-json\/wp\/v2\/pages"}],"about":[{"href":"https:\/\/students.ebs.ee\/et\/wp-json\/wp\/v2\/types\/page"}],"author":[{"embeddable":true,"href":"https:\/\/students.ebs.ee\/et\/wp-json\/wp\/v2\/users\/6"}],"replies":[{"embeddable":true,"href":"https:\/\/students.ebs.ee\/et\/wp-json\/wp\/v2\/comments?post=271"}],"version-history":[{"count":7,"href":"https:\/\/students.ebs.ee\/et\/wp-json\/wp\/v2\/pages\/271\/revisions"}],"predecessor-version":[{"id":7709,"href":"https:\/\/students.ebs.ee\/et\/wp-json\/wp\/v2\/pages\/271\/revisions\/7709"}],"up":[{"embeddable":true,"href":"https:\/\/students.ebs.ee\/et\/wp-json\/wp\/v2\/pages\/267"}],"wp:attachment":[{"href":"https:\/\/students.ebs.ee\/et\/wp-json\/wp\/v2\/media?parent=271"}],"wp:term":[{"taxonomy":"category","embeddable":true,"href":"https:\/\/students.ebs.ee\/et\/wp-json\/wp\/v2\/categories?post=271"},{"taxonomy":"semester","embeddable":true,"href":"https:\/\/students.ebs.ee\/et\/wp-json\/wp\/v2\/semester?post=271"},{"taxonomy":"campus","embeddable":true,"href":"https:\/\/students.ebs.ee\/et\/wp-json\/wp\/v2\/campus?post=271"}],"curies":[{"name":"wp","href":"https:\/\/api.w.org\/{rel}","templated":true}]}}