{"id":269,"date":"2018-08-10T13:25:11","date_gmt":"2018-08-10T13:25:11","guid":{"rendered":"http:\/\/students.ebs.ee\/\/?page_id=269"},"modified":"2022-06-08T13:57:39","modified_gmt":"2022-06-08T10:57:39","slug":"oppekava","status":"publish","type":"page","link":"https:\/\/students.ebs.ee\/et\/oppetoo\/oppeinfo\/oppekava\/","title":{"rendered":"\u00d5ppekava ja \u00f5ppeained"},"content":{"rendered":"<p>\u00d5ppet\u00f6\u00f6d ja \u00f5ppet\u00f6\u00f6alaseid suhteid reguleerivad \u00f5ppekorralduse eeskiri ja aineprogramm.<\/p>\n<p>\u00d5ppet\u00f6\u00f6 aluseks on <strong>\u00f5ppekava<\/strong>, mis m\u00e4\u00e4ratleb \u00f5pingute (eriala) eesm\u00e4rgid, \u00f5piv\u00e4ljundid, \u00f5pingute struktuuri, \u00f5ppeainete loetelu koos mahtudega ainepunktides, \u00f5pingute valikuv\u00f5imalused ning nende valikute tingimused, \u00f5pingute alustamise ja l\u00f5petamise n\u00f5uded, peamise \u00f5ppekeele ning nominaalse \u00f5ppeaja.<\/p>\n<p>\u00d5ppekava leiad MyEBSist. Oma \u00f5ppekavaga tutvudes n\u00e4ed, et see on jagatud p\u00f5hiaineteks, erialaaineteks, valik- ja vabaaineteks. \u00d5ppekavas olevad ained on \u00fcli\u00f5pilasele kohustuslikud. Erinevates \u00f5ppekavades v\u00f5ib vastavate ainete osakaal olla erinev. Reeglina tuleb esimesel aastal l\u00e4bida p\u00f5hiained. Vaba- ning valikaineid tuleb valida alates 2. \u00f5ppeaastast.<\/p>\n<p>&nbsp;<\/p>\n<p>\u00d5ppeained jagunevad kohustuslikeks ning vaba- ja valikaineteks.<\/p>\n<p><strong>Kohustuslik aine<\/strong> on \u00f5ppeaine, mis tuleb \u00f5ppekava t\u00e4itmiseks kindlasti l\u00e4bida.<\/p>\n<p><strong>Valikaine<\/strong> on \u00f5ppeaine \u00f5ppekava valikainete blokist, mida tuleb l\u00e4bida \u00f5ppekavas ette n\u00e4htud mahus.<\/p>\n<p><strong>Vabaaine<\/strong> on \u00fcli\u00f5pilase poolt vabalt mistahes \u00f5ppekavast valitav aine, mis ei \u00fchti antud \u00f5ppekava p\u00f5hiainetega. Juhul kui vabaaine v\u00f5tmiseks on s\u00e4testatud eeldusained, siis peavad need olema l\u00e4bitud. Vabaaineid v\u00f5ib v\u00f5tta ka teiste \u00fclikoolide akrediteeritud \u00f5ppekavade ainete seast. Kohustuslik on sooritada vabaaineid v\u00e4hemalt \u00f5ppekavas etten\u00e4htud mahus. Kui \u00fcli\u00f5pilane soovib deklareerida nominaalprogrammile lisaks vabaaineid semestritel, mil tunniplaan vabaaineid ette ei n\u00e4e, tuleb vabaainete eest maksta eraldi ainepunkti hinna alusel.<\/p>\n<p>\u00d5ppeainete mahtu m\u00f5\u00f5detakse ainepunktides, kusjuures 1 Euroopa ainepunkti (EAP) mahuks on 26 tundi t\u00f6\u00f6d (nii auditoorne kui ka iseseisev t\u00f6\u00f6).<\/p>\n","protected":false},"excerpt":{"rendered":"<p>\u00d5ppet\u00f6\u00f6d ja \u00f5ppet\u00f6\u00f6alaseid suhteid reguleerivad \u00f5ppekorralduse eeskiri ja aineprogramm. \u00d5ppet\u00f6\u00f6 aluseks on \u00f5ppekava, mis m\u00e4\u00e4ratleb \u00f5pingute (eriala) eesm\u00e4rgid, \u00f5piv\u00e4ljundid, \u00f5pingute struktuuri, \u00f5ppeainete loetelu koos mahtudega ainepunktides, \u00f5pingute valikuv\u00f5imalused ning nende valikute tingimused, \u00f5pingute alustamise ja l\u00f5petamise n\u00f5uded, peamise \u00f5ppekeele ning nominaalse \u00f5ppeaja. \u00d5ppekava leiad MyEBSist. Oma \u00f5ppekavaga tutvudes n\u00e4ed, et see on jagatud p\u00f5hiaineteks, erialaaineteks,&#8230;<\/p>\n","protected":false},"author":6,"featured_media":0,"parent":267,"menu_order":8,"comment_status":"closed","ping_status":"closed","template":"","meta":{"_eb_attr":"","footnotes":""},"categories":[],"semester":[23],"campus":[],"class_list":["post-269","page","type-page","status-publish","hentry","semester-end-of-the-semester"],"acf":[],"_links":{"self":[{"href":"https:\/\/students.ebs.ee\/et\/wp-json\/wp\/v2\/pages\/269","targetHints":{"allow":["GET"]}}],"collection":[{"href":"https:\/\/students.ebs.ee\/et\/wp-json\/wp\/v2\/pages"}],"about":[{"href":"https:\/\/students.ebs.ee\/et\/wp-json\/wp\/v2\/types\/page"}],"author":[{"embeddable":true,"href":"https:\/\/students.ebs.ee\/et\/wp-json\/wp\/v2\/users\/6"}],"replies":[{"embeddable":true,"href":"https:\/\/students.ebs.ee\/et\/wp-json\/wp\/v2\/comments?post=269"}],"version-history":[{"count":6,"href":"https:\/\/students.ebs.ee\/et\/wp-json\/wp\/v2\/pages\/269\/revisions"}],"predecessor-version":[{"id":7245,"href":"https:\/\/students.ebs.ee\/et\/wp-json\/wp\/v2\/pages\/269\/revisions\/7245"}],"up":[{"embeddable":true,"href":"https:\/\/students.ebs.ee\/et\/wp-json\/wp\/v2\/pages\/267"}],"wp:attachment":[{"href":"https:\/\/students.ebs.ee\/et\/wp-json\/wp\/v2\/media?parent=269"}],"wp:term":[{"taxonomy":"category","embeddable":true,"href":"https:\/\/students.ebs.ee\/et\/wp-json\/wp\/v2\/categories?post=269"},{"taxonomy":"semester","embeddable":true,"href":"https:\/\/students.ebs.ee\/et\/wp-json\/wp\/v2\/semester?post=269"},{"taxonomy":"campus","embeddable":true,"href":"https:\/\/students.ebs.ee\/et\/wp-json\/wp\/v2\/campus?post=269"}],"curies":[{"name":"wp","href":"https:\/\/api.w.org\/{rel}","templated":true}]}}