{"id":2674,"date":"2019-10-23T12:36:48","date_gmt":"2019-10-23T09:36:48","guid":{"rendered":"http:\/\/students.ebs.ee\/?page_id=2674"},"modified":"2023-09-26T13:20:36","modified_gmt":"2023-09-26T10:20:36","slug":"canvas","status":"publish","type":"page","link":"https:\/\/students.ebs.ee\/et\/oppetoo\/oppeinfo\/canvas\/","title":{"rendered":"Canvas"},"content":{"rendered":"\n<p><strong>Virtuaal\u00f5ppe keskkond <a href=\"https:\/\/canvas.ebs.ee\">Canvas LMS<\/a><\/strong><\/p>\n\n\n\n<p>Canvas on kaasaegne lihtsasti kasutatav pilvep\u00f5hine e-\u00f5ppe platvorm, mis on kasutusel paljudes maailma tipp\u00fclikoolides ning mis toetab interaktiivseid \u00f5petamis- ja \u00f5ppimismeetodeid.<\/p>\n\n\n\n<p>LMS Canvas on meie pilvep\u00f5hine \u00f5ppekeskkond. See on interaktiivne digitaalsete t\u00f6\u00f6riistade kogum, mis toetab ja h\u00f5lbustab nii \u00f5petamist kui ka \u00f5ppimist. &nbsp;Platvormi mugav ja funktsionaalne kasutajaliides h\u00f5lbustab nii \u00f5ppej\u00f5udude kui \u00f5ppurite ajaplaneerimist ning toob \u00f5ppet\u00f6\u00f6sse loomingulisust. T\u00e4na pakub EBS Canvases tuge auditoorsele \u00f5ppet\u00f6\u00f6le.<br><strong>Igal EBS ainekursusel on oma Canvase leht, kust \u00fcli\u00f5pilane leiab k\u00f5ik kursusega seonduva <\/strong><strong>&#8211; t\u00e4ispikk aineprogramm, materjalid, teated, \u00fcleslaetud kodut\u00f6\u00f6d ja nende hindeline tagasiside jpm. <\/strong>Canvas kursuse sisu ja selle \u00fcleslaadimise eest vastutab kursuse \u00f5ppej\u00f5ud.<\/p>\n\n\n\n<p>Ligip\u00e4\u00e4su saad kursustele umbes \u00fcks n\u00e4dal enne semestri algust. Juhul kui ligip\u00e4\u00e4su andmine toimub hiljem, siis saad t\u00e4psemat infot \u00f5ppekonsultandilt. Kui oled Canvasesse loginud, siis n\u00e4ed neid kursusi, kuhu oled registreeritud.<\/p>\n\n\n\n<p>Detailsem informatsioon Canvasest ja juhendid selle kasutamiseks on leitavad Canvas Students Guide toetavalt kursuselt, millele on \u00f5pingute ajal ligip\u00e4\u00e4s igal \u00f5ppurist konto omanikul. Loengute ajad ja ruumid ilmuvad automaatselt Syllabus funktsiooni alla.<\/p>\n\n\n\n<p>EBS kasutajakontode info leiad <a href=\"https:\/\/students.ebs.ee\/et\/it-teenused\/kasutajakontod\/\" data-type=\"URL\" data-id=\"https:\/\/students.ebs.ee\/et\/it-teenused\/kasutajakontod\/\" target=\"_blank\" rel=\"noreferrer noopener\">siit.<\/a><\/p>\n\n\n\n<div style=\"overflow: hidden;\"><iframe loading=\"lazy\" src=\"https:\/\/community.instructuremedia.com\/embed\/4cd5e9eb-7f2a-4e75-81b4-fc671dc6fd61\" width=\"560px\" height=\"320px\" frameborder=\"0\" allowfullscreen=\"allowfullscreen\" class=\"video-page-iframe\" allow=\"autoplay *\" title=\"200 - Canvas Overview for Students\"><\/iframe><\/div>\n\n\n\n<p class=\"has-text-align-center\"><a rel=\"noreferrer noopener\" href=\"https:\/\/vimeo.com\/74677642\" data-type=\"URL\" data-id=\"https:\/\/vimeo.com\/74677642\" target=\"_blank\">200 &#8211; Canvas Overview for Students<\/a> from <a href=\"https:\/\/vimeo.com\/canvaslms\" data-type=\"URL\" data-id=\"https:\/\/vimeo.com\/canvaslms\" target=\"_blank\" rel=\"noreferrer noopener\">Instructure Canvas Community<\/a><\/p>\n","protected":false},"excerpt":{"rendered":"<p>Virtuaal\u00f5ppe keskkond Canvas LMS Canvas on kaasaegne lihtsasti kasutatav pilvep\u00f5hine e-\u00f5ppe platvorm, mis on kasutusel paljudes maailma tipp\u00fclikoolides ning mis toetab interaktiivseid \u00f5petamis- ja \u00f5ppimismeetodeid. LMS Canvas on meie pilvep\u00f5hine \u00f5ppekeskkond. See on interaktiivne digitaalsete t\u00f6\u00f6riistade kogum, mis toetab ja h\u00f5lbustab nii \u00f5petamist kui ka \u00f5ppimist. &nbsp;Platvormi mugav ja funktsionaalne kasutajaliides h\u00f5lbustab nii \u00f5ppej\u00f5udude kui&#8230;<\/p>\n","protected":false},"author":6,"featured_media":0,"parent":267,"menu_order":17,"comment_status":"closed","ping_status":"closed","template":"","meta":{"_eb_attr":"","footnotes":""},"categories":[50,61,56],"semester":[],"campus":[],"class_list":["post-2674","page","type-page","status-publish","hentry","category-contacts","category-kontaktid","category-ulikooli-lopetamine"],"acf":[],"_links":{"self":[{"href":"https:\/\/students.ebs.ee\/et\/wp-json\/wp\/v2\/pages\/2674","targetHints":{"allow":["GET"]}}],"collection":[{"href":"https:\/\/students.ebs.ee\/et\/wp-json\/wp\/v2\/pages"}],"about":[{"href":"https:\/\/students.ebs.ee\/et\/wp-json\/wp\/v2\/types\/page"}],"author":[{"embeddable":true,"href":"https:\/\/students.ebs.ee\/et\/wp-json\/wp\/v2\/users\/6"}],"replies":[{"embeddable":true,"href":"https:\/\/students.ebs.ee\/et\/wp-json\/wp\/v2\/comments?post=2674"}],"version-history":[{"count":8,"href":"https:\/\/students.ebs.ee\/et\/wp-json\/wp\/v2\/pages\/2674\/revisions"}],"predecessor-version":[{"id":9366,"href":"https:\/\/students.ebs.ee\/et\/wp-json\/wp\/v2\/pages\/2674\/revisions\/9366"}],"up":[{"embeddable":true,"href":"https:\/\/students.ebs.ee\/et\/wp-json\/wp\/v2\/pages\/267"}],"wp:attachment":[{"href":"https:\/\/students.ebs.ee\/et\/wp-json\/wp\/v2\/media?parent=2674"}],"wp:term":[{"taxonomy":"category","embeddable":true,"href":"https:\/\/students.ebs.ee\/et\/wp-json\/wp\/v2\/categories?post=2674"},{"taxonomy":"semester","embeddable":true,"href":"https:\/\/students.ebs.ee\/et\/wp-json\/wp\/v2\/semester?post=2674"},{"taxonomy":"campus","embeddable":true,"href":"https:\/\/students.ebs.ee\/et\/wp-json\/wp\/v2\/campus?post=2674"}],"curies":[{"name":"wp","href":"https:\/\/api.w.org\/{rel}","templated":true}]}}