{"id":267,"date":"2018-08-10T13:22:34","date_gmt":"2018-08-10T13:22:34","guid":{"rendered":"http:\/\/students.ebs.ee\/\/?page_id=267"},"modified":"2019-01-08T13:48:17","modified_gmt":"2019-01-08T10:48:17","slug":"oppeinfo","status":"publish","type":"page","link":"https:\/\/students.ebs.ee\/et\/oppetoo\/oppeinfo\/","title":{"rendered":"\u00d5ppeinfo"},"content":{"rendered":"<p>Siit leiad infot \u00f5ppet\u00f6\u00f6ga seotud teemade kohta, mis h\u00f5lbustab EBSis \u00f5ppimist.<\/p>\n","protected":false},"excerpt":{"rendered":"<p>Siit leiad infot \u00f5ppet\u00f6\u00f6ga seotud teemade kohta, mis h\u00f5lbustab EBSis \u00f5ppimist.<\/p>\n","protected":false},"author":6,"featured_media":0,"parent":265,"menu_order":1,"comment_status":"closed","ping_status":"closed","template":"","meta":{"_eb_attr":"","footnotes":""},"categories":[51],"semester":[],"campus":[],"class_list":["post-267","page","type-page","status-publish","hentry","category-oppetoo"],"acf":[],"_links":{"self":[{"href":"https:\/\/students.ebs.ee\/et\/wp-json\/wp\/v2\/pages\/267","targetHints":{"allow":["GET"]}}],"collection":[{"href":"https:\/\/students.ebs.ee\/et\/wp-json\/wp\/v2\/pages"}],"about":[{"href":"https:\/\/students.ebs.ee\/et\/wp-json\/wp\/v2\/types\/page"}],"author":[{"embeddable":true,"href":"https:\/\/students.ebs.ee\/et\/wp-json\/wp\/v2\/users\/6"}],"replies":[{"embeddable":true,"href":"https:\/\/students.ebs.ee\/et\/wp-json\/wp\/v2\/comments?post=267"}],"version-history":[{"count":3,"href":"https:\/\/students.ebs.ee\/et\/wp-json\/wp\/v2\/pages\/267\/revisions"}],"predecessor-version":[{"id":1230,"href":"https:\/\/students.ebs.ee\/et\/wp-json\/wp\/v2\/pages\/267\/revisions\/1230"}],"up":[{"embeddable":true,"href":"https:\/\/students.ebs.ee\/et\/wp-json\/wp\/v2\/pages\/265"}],"wp:attachment":[{"href":"https:\/\/students.ebs.ee\/et\/wp-json\/wp\/v2\/media?parent=267"}],"wp:term":[{"taxonomy":"category","embeddable":true,"href":"https:\/\/students.ebs.ee\/et\/wp-json\/wp\/v2\/categories?post=267"},{"taxonomy":"semester","embeddable":true,"href":"https:\/\/students.ebs.ee\/et\/wp-json\/wp\/v2\/semester?post=267"},{"taxonomy":"campus","embeddable":true,"href":"https:\/\/students.ebs.ee\/et\/wp-json\/wp\/v2\/campus?post=267"}],"curies":[{"name":"wp","href":"https:\/\/api.w.org\/{rel}","templated":true}]}}