{"id":2055,"date":"2019-04-17T16:02:21","date_gmt":"2019-04-17T13:02:21","guid":{"rendered":"http:\/\/students.ebs.ee\/?page_id=2055"},"modified":"2026-02-18T11:33:27","modified_gmt":"2026-02-18T08:33:27","slug":"avalduste-vormid","status":"publish","type":"page","link":"https:\/\/students.ebs.ee\/et\/oppetoo\/oppeinfo\/avalduste-vormid\/","title":{"rendered":"Avalduste vormid"},"content":{"rendered":"\n<p>Siit leiad avalduste vormid:<\/p>\n\n\n\n<ul class=\"wp-block-list\">\n<li><a href=\"https:\/\/students.ebs.ee\/wp-content\/uploads\/2026\/02\/EST_Akadeemilise_taotlemine-2026.doc\" data-type=\"link\" data-id=\"https:\/\/students.ebs.ee\/wp-content\/uploads\/2026\/02\/EST_Akadeemilise_taotlemine-2026.doc\" target=\"_blank\" rel=\"noreferrer noopener\">Akadeemilise puhkuse taotlemine<\/a><\/li>\n\n\n\n<li><a href=\"https:\/\/students.ebs.ee\/wp-content\/uploads\/2026\/02\/EST_Akadeemilise_lopetamine-2026.doc\" data-type=\"link\" data-id=\"https:\/\/students.ebs.ee\/wp-content\/uploads\/2026\/02\/EST_Akadeemilise_lopetamine-2026.doc\" target=\"_blank\" rel=\"noreferrer noopener\">Akadeemilise puhkuse l\u00f5petamine<\/a><\/li>\n\n\n\n<li><a href=\"https:\/\/students.ebs.ee\/wp-content\/uploads\/2026\/02\/EST_Ennistamine-2026.doc\" data-type=\"link\" data-id=\"https:\/\/students.ebs.ee\/wp-content\/uploads\/2026\/02\/EST_Ennistamine-2026.doc\" target=\"_blank\" rel=\"noreferrer noopener\">\u00d5ppet\u00f6\u00f6le ennistamine<\/a><\/li>\n\n\n\n<li><a href=\"https:\/\/students.ebs.ee\/wp-content\/uploads\/2026\/02\/EST_Eksmatrikuleerimine_omal_soovil-2026.doc\" data-type=\"link\" data-id=\"https:\/\/students.ebs.ee\/wp-content\/uploads\/2026\/02\/EST_Eksmatrikuleerimine_omal_soovil-2026.doc\" target=\"_blank\" rel=\"noreferrer noopener\">Eksmatrikuleerimine omal soovil<\/a><\/li>\n\n\n\n<li><a href=\"https:\/\/students.ebs.ee\/wp-content\/uploads\/2026\/02\/EST_Oppekava_vahetus-2026.doc\" data-type=\"link\" data-id=\"https:\/\/students.ebs.ee\/wp-content\/uploads\/2026\/02\/EST_Oppekava_vahetus-2026.doc\" target=\"_blank\" rel=\"noreferrer noopener\">\u00d5ppekava, -vormi vahetamine<\/a><\/li>\n<\/ul>\n\n\n\n<p>\u00d5ppeosakonna kontaktid leiad <a href=\"https:\/\/students.ebs.ee\/et\/kontaktid\/oppeosakond\/\" target=\"_blank\" rel=\"noopener noreferrer\">siit.<\/a><\/p>\n","protected":false},"excerpt":{"rendered":"<p>Siit leiad avalduste vormid: \u00d5ppeosakonna kontaktid leiad siit.<\/p>\n","protected":false},"author":6,"featured_media":0,"parent":267,"menu_order":25,"comment_status":"closed","ping_status":"closed","template":"","meta":{"_eb_attr":"","footnotes":""},"categories":[],"semester":[],"campus":[],"class_list":["post-2055","page","type-page","status-publish","hentry"],"acf":[],"_links":{"self":[{"href":"https:\/\/students.ebs.ee\/et\/wp-json\/wp\/v2\/pages\/2055","targetHints":{"allow":["GET"]}}],"collection":[{"href":"https:\/\/students.ebs.ee\/et\/wp-json\/wp\/v2\/pages"}],"about":[{"href":"https:\/\/students.ebs.ee\/et\/wp-json\/wp\/v2\/types\/page"}],"author":[{"embeddable":true,"href":"https:\/\/students.ebs.ee\/et\/wp-json\/wp\/v2\/users\/6"}],"replies":[{"embeddable":true,"href":"https:\/\/students.ebs.ee\/et\/wp-json\/wp\/v2\/comments?post=2055"}],"version-history":[{"count":14,"href":"https:\/\/students.ebs.ee\/et\/wp-json\/wp\/v2\/pages\/2055\/revisions"}],"predecessor-version":[{"id":12846,"href":"https:\/\/students.ebs.ee\/et\/wp-json\/wp\/v2\/pages\/2055\/revisions\/12846"}],"up":[{"embeddable":true,"href":"https:\/\/students.ebs.ee\/et\/wp-json\/wp\/v2\/pages\/267"}],"wp:attachment":[{"href":"https:\/\/students.ebs.ee\/et\/wp-json\/wp\/v2\/media?parent=2055"}],"wp:term":[{"taxonomy":"category","embeddable":true,"href":"https:\/\/students.ebs.ee\/et\/wp-json\/wp\/v2\/categories?post=2055"},{"taxonomy":"semester","embeddable":true,"href":"https:\/\/students.ebs.ee\/et\/wp-json\/wp\/v2\/semester?post=2055"},{"taxonomy":"campus","embeddable":true,"href":"https:\/\/students.ebs.ee\/et\/wp-json\/wp\/v2\/campus?post=2055"}],"curies":[{"name":"wp","href":"https:\/\/api.w.org\/{rel}","templated":true}]}}