{"id":1764,"date":"2019-03-12T16:48:55","date_gmt":"2019-03-12T13:48:55","guid":{"rendered":"http:\/\/students.ebs.ee\/?page_id=1764"},"modified":"2024-05-07T16:07:20","modified_gmt":"2024-05-07T13:07:20","slug":"karjaarinoustamine","status":"publish","type":"page","link":"https:\/\/students.ebs.ee\/et\/oppetoo\/oppe-ja-karjaarinoustamine\/karjaarinoustamine\/","title":{"rendered":"Karj\u00e4\u00e4rin\u00f5ustamine"},"content":{"rendered":"\n<p>Karj\u00e4\u00e4rin\u00f5ustaja poole v\u00f5id p\u00f6\u00f6rduda, kui vajad tuge ja n\u00f5u oma karj\u00e4\u00e4ri kavandamisel, t\u00f6\u00f6- ja haridustee valikutega seotud otsuste tegemisel, n\u00f5u ja abi motivatsioonikirja ja CV kirjutamisel, t\u00f6\u00f6vestluseks ette valmistumisel, praktikakoha leidmisel. Samuti leiad abi kui teemaks on \u00f5pimotivatsioon, t\u00f6\u00f6 ja \u00f5pingute \u00fchitamine, \u00f5pioskuste ja \u00fclikoolis kohanemisega seotud k\u00fcsimused.<br>Karj\u00e4\u00e4rin\u00f5ustamisel saad \u00f5ppida l\u00e4hemalt tundma iseennast ja oma v\u00f5imalusi, l\u00fchi-ja pikaajaliste eesm\u00e4rkide p\u00fcstitamist, otsustamisprotsessi ning tegevusplaani koostamist.<\/p>\n\n\n\n<p>N\u00f5ustamine on privaatne ja konfidentsiaalne, kestab tavaliselt kuni 45 minutit ning reeglina kohtutakse mitu korda. Kui Sa ei soovi kohe kohtumiseks aega kokku leppida, siis v\u00f5id oma murest alustuseks ka e-posti teel kirjutada kontaktil Kadri Osula (<a href=\"mailto:kadri.osula@ebs.ee\">kadri.osula@ebs.ee<\/a>), telefon 6651386.<\/p>\n\n\n\n<p><strong>Karj\u00e4\u00e4riinfo EBSi \u00fcli\u00f5pilastele<\/strong><\/p>\n\n\n\n<ul class=\"wp-block-list\">\n<li><a href=\"https:\/\/students.ebs.ee\/et\/oppetoo\/praktika\/internship-offers-est-2\/\" target=\"_blank\" rel=\"noopener\">Praktikapakkumised<\/a> ettev\u00f5tetelt juhtimise, turunduse ja m\u00fc\u00fcgi, finantside ja ettev\u00f5tluse valdkonnas<\/li>\n\n\n\n<li>Rahvusvahelised t\u00f6\u00f6- ja praktikapakkumised <a href=\"https:\/\/ebsee.higheredtalent.org\/Login\" target=\"_blank\" rel=\"noopener noreferrer\">Higheredtalent portaalis&nbsp;<\/a> (sisselogimine @ebs.ee aadressiga\/ kui Sul pole veel EBSi e-posti aadressi, siis k\u00fcsi IT-st)<\/li>\n\n\n\n<li>Liitu Facebookis ka <a href=\"https:\/\/www.facebook.com\/groups\/100383680071772\" target=\"_blank\" rel=\"noopener noreferrer\">Ebsikate grupiga<\/a>, grupis saad jagada nii oma ettev\u00f5tte t\u00f6\u00f6pakkumisi kui ka ise leida huvitavaid t\u00f6\u00f6pakkumisi, \u00fcritusi ja tudengiv\u00f5istlusi.<\/li>\n\n\n\n<li>Tutvu infomaterjaliga &#8211;  <a href=\"https:\/\/ebsee-my.sharepoint.com\/:b:\/g\/personal\/monika_siiraki_ebs_ee\/EdF4A8UH6a1KtZ0sfo-913MBcNpGENhEBJPGx0hpG7TQyA?e=sVekUQ\" data-type=\"URL\" data-id=\"https:\/\/ebsee-my.sharepoint.com\/:b:\/g\/personal\/monika_siiraki_ebs_ee\/EdF4A8UH6a1KtZ0sfo-913MBcNpGENhEBJPGx0hpG7TQyA?e=sVekUQ\" target=\"_blank\" rel=\"noreferrer noopener\">Noorte teejuht t\u00f6\u00f6\u00f5iguses<\/a><\/li>\n<\/ul>\n\n\n\n<p>Karj\u00e4\u00e4rin\u00f5ustamist pakuvad k\u00f5ikidele Eesti elanikele tasuta hoolimata sellest, kas nad t\u00f6\u00f6tavad v\u00f5i mitte, eesti, inglise ja vene keeles ka T\u00f6\u00f6tukassa karj\u00e4\u00e4rin\u00f5ustajad. Rohkem infot leiad <a href=\"https:\/\/www.minukarjaar.ee\/\" target=\"_blank\" rel=\"noopener noreferrer\">minukarjaar.ee<\/a> lehelt.<\/p>\n","protected":false},"excerpt":{"rendered":"<p>Karj\u00e4\u00e4rin\u00f5ustaja poole v\u00f5id p\u00f6\u00f6rduda, kui vajad tuge ja n\u00f5u oma karj\u00e4\u00e4ri kavandamisel, t\u00f6\u00f6- ja haridustee valikutega seotud otsuste tegemisel, n\u00f5u ja abi motivatsioonikirja ja CV kirjutamisel, t\u00f6\u00f6vestluseks ette valmistumisel, praktikakoha leidmisel. Samuti leiad abi kui teemaks on \u00f5pimotivatsioon, t\u00f6\u00f6 ja \u00f5pingute \u00fchitamine, \u00f5pioskuste ja \u00fclikoolis kohanemisega seotud k\u00fcsimused.Karj\u00e4\u00e4rin\u00f5ustamisel saad \u00f5ppida l\u00e4hemalt tundma iseennast ja oma&#8230;<\/p>\n","protected":false},"author":27,"featured_media":0,"parent":1758,"menu_order":9,"comment_status":"closed","ping_status":"closed","template":"","meta":{"_eb_attr":"","footnotes":""},"categories":[],"semester":[],"campus":[],"class_list":["post-1764","page","type-page","status-publish","hentry"],"acf":[],"_links":{"self":[{"href":"https:\/\/students.ebs.ee\/et\/wp-json\/wp\/v2\/pages\/1764","targetHints":{"allow":["GET"]}}],"collection":[{"href":"https:\/\/students.ebs.ee\/et\/wp-json\/wp\/v2\/pages"}],"about":[{"href":"https:\/\/students.ebs.ee\/et\/wp-json\/wp\/v2\/types\/page"}],"author":[{"embeddable":true,"href":"https:\/\/students.ebs.ee\/et\/wp-json\/wp\/v2\/users\/27"}],"replies":[{"embeddable":true,"href":"https:\/\/students.ebs.ee\/et\/wp-json\/wp\/v2\/comments?post=1764"}],"version-history":[{"count":16,"href":"https:\/\/students.ebs.ee\/et\/wp-json\/wp\/v2\/pages\/1764\/revisions"}],"predecessor-version":[{"id":10000,"href":"https:\/\/students.ebs.ee\/et\/wp-json\/wp\/v2\/pages\/1764\/revisions\/10000"}],"up":[{"embeddable":true,"href":"https:\/\/students.ebs.ee\/et\/wp-json\/wp\/v2\/pages\/1758"}],"wp:attachment":[{"href":"https:\/\/students.ebs.ee\/et\/wp-json\/wp\/v2\/media?parent=1764"}],"wp:term":[{"taxonomy":"category","embeddable":true,"href":"https:\/\/students.ebs.ee\/et\/wp-json\/wp\/v2\/categories?post=1764"},{"taxonomy":"semester","embeddable":true,"href":"https:\/\/students.ebs.ee\/et\/wp-json\/wp\/v2\/semester?post=1764"},{"taxonomy":"campus","embeddable":true,"href":"https:\/\/students.ebs.ee\/et\/wp-json\/wp\/v2\/campus?post=1764"}],"curies":[{"name":"wp","href":"https:\/\/api.w.org\/{rel}","templated":true}]}}