{"id":1760,"date":"2019-03-12T16:36:26","date_gmt":"2019-03-12T13:36:26","guid":{"rendered":"http:\/\/students.ebs.ee\/?page_id=1760"},"modified":"2022-08-12T14:42:55","modified_gmt":"2022-08-12T11:42:55","slug":"oppenoustamine","status":"publish","type":"page","link":"https:\/\/students.ebs.ee\/et\/oppetoo\/oppe-ja-karjaarinoustamine\/oppenoustamine\/","title":{"rendered":"\u00d5ppen\u00f5ustamine"},"content":{"rendered":"\n<p>\u00d5ppeosakonna eesm\u00e4rk on aidata \u00fcli\u00f5pilastel kohanduda \u00fclikooli\u00f5ppega ja saada n\u00f5u ja abi k\u00f5ikides \u00f5ppekorralduslikes k\u00fcsimustes. \u00d5ppeosakonnas t\u00f6\u00f6tavad \u00fcli\u00f5pilaste abistamiseks \u00f5ppekonsultandid, \u00f5ppesekret\u00e4rid ja \u00f5ppekorralduse spetsialistid.<\/p>\n\n\n\n<p><strong>\u00d5ppekonsultandi juurde p\u00f6\u00f6rdu julgesti kui vajad n\u00f5u ja abi j\u00e4rgmistel teemadel:<\/strong><\/p>\n\n\n\n<p>\u2022 individuaalse \u00f5ppeplaani koostamine<br>\u2022 akadeemilisele puhkusele minek ja sellelt naasmine<br>\u2022 spetsialiseerumissuuna v\u00f5i valikainete valimine<br>\u2022 varasemate \u00f5pingute ja t\u00f6\u00f6kogemuse arvestamine (<a rel=\"noopener noreferrer\" href=\"https:\/\/students.ebs.ee\/et\/oppetoo\/oppeinfo\/varasemate-opingute-ja-tookogemuse-arvestamine-vota\/\" target=\"_blank\">V\u00d5TA<\/a>)<br>\u2022 \u00f5ppekava vahetus<br>\u2022 <a href=\"https:\/\/students.ebs.ee\/studying-abroad-2\/\" data-type=\"URL\" data-id=\"https:\/\/students.ebs.ee\/studying-abroad-2\/\" target=\"_blank\" rel=\"noreferrer noopener\">vahetussemestrile minek<\/a> ja sobivate ainete valimine<br>\u2022 <a rel=\"noopener noreferrer\" href=\"https:\/\/students.ebs.ee\/et\/oppetoo\/praktika\/\" target=\"_blank\">praktika<\/a><br>\u2022 edasi\u00f5ppimise v\u00f5imalused valitud erialal<br>\u2022 <a rel=\"noopener noreferrer\" href=\"https:\/\/students.ebs.ee\/et\/oppetoo\/ulikooli-lopetamine\/\" target=\"_blank\">l\u00f5petamine<\/a><br>\u2022 \u00f5pingute j\u00e4tkamine p\u00e4rast katkestamist<br>\u2022 keele\u00f5ppega seotud teemad (Keelekeskuse \u00f5ppekonsultant Kersti Lundver)<\/p>\n\n\n\n<p><strong>\u00d5ppesekret\u00e4rid aitavad teid kui vajate abi j\u00e4rgmistes k\u00fcsimustes:<\/strong><\/p>\n\n\n\n<p>\u2022 T\u00f5endid \u00fclikoolis \u00f5ppimise kohta<br>\u2022 \u00d5pitulemuste v\u00e4ljav\u00f5te<br>\u2022 Akadeemilise puhkusele mineku v\u00f5i naasmise avaldus<br>\u2022 \u00d5ppetoetuste avaldused<br>\u2022 \u00d5ppet\u00f6\u00f6 teenustasu ja arved<\/p>\n\n\n\n<p>\u00d5ppeosakond on avatud t\u00f6\u00f6p\u00e4evadel kell 9.00 kuni 17.30. T\u00f6\u00f6tajate kontaktid leiad <a href=\"https:\/\/students.ebs.ee\/et\/kontaktid\/oppeosakond\/\" target=\"_blank\" rel=\"noopener noreferrer\">siit<\/a><\/p>\n","protected":false},"excerpt":{"rendered":"<p>\u00d5ppeosakonna eesm\u00e4rk on aidata \u00fcli\u00f5pilastel kohanduda \u00fclikooli\u00f5ppega ja saada n\u00f5u ja abi k\u00f5ikides \u00f5ppekorralduslikes k\u00fcsimustes. \u00d5ppeosakonnas t\u00f6\u00f6tavad \u00fcli\u00f5pilaste abistamiseks \u00f5ppekonsultandid, \u00f5ppesekret\u00e4rid ja \u00f5ppekorralduse spetsialistid. \u00d5ppekonsultandi juurde p\u00f6\u00f6rdu julgesti kui vajad n\u00f5u ja abi j\u00e4rgmistel teemadel: \u2022 individuaalse \u00f5ppeplaani koostamine\u2022 akadeemilisele puhkusele minek ja sellelt naasmine\u2022 spetsialiseerumissuuna v\u00f5i valikainete valimine\u2022 varasemate \u00f5pingute ja t\u00f6\u00f6kogemuse arvestamine (V\u00d5TA)\u2022&#8230;<\/p>\n","protected":false},"author":27,"featured_media":0,"parent":1758,"menu_order":8,"comment_status":"closed","ping_status":"closed","template":"","meta":{"_eb_attr":"","footnotes":""},"categories":[],"semester":[],"campus":[],"class_list":["post-1760","page","type-page","status-publish","hentry"],"acf":[],"_links":{"self":[{"href":"https:\/\/students.ebs.ee\/et\/wp-json\/wp\/v2\/pages\/1760","targetHints":{"allow":["GET"]}}],"collection":[{"href":"https:\/\/students.ebs.ee\/et\/wp-json\/wp\/v2\/pages"}],"about":[{"href":"https:\/\/students.ebs.ee\/et\/wp-json\/wp\/v2\/types\/page"}],"author":[{"embeddable":true,"href":"https:\/\/students.ebs.ee\/et\/wp-json\/wp\/v2\/users\/27"}],"replies":[{"embeddable":true,"href":"https:\/\/students.ebs.ee\/et\/wp-json\/wp\/v2\/comments?post=1760"}],"version-history":[{"count":6,"href":"https:\/\/students.ebs.ee\/et\/wp-json\/wp\/v2\/pages\/1760\/revisions"}],"predecessor-version":[{"id":7698,"href":"https:\/\/students.ebs.ee\/et\/wp-json\/wp\/v2\/pages\/1760\/revisions\/7698"}],"up":[{"embeddable":true,"href":"https:\/\/students.ebs.ee\/et\/wp-json\/wp\/v2\/pages\/1758"}],"wp:attachment":[{"href":"https:\/\/students.ebs.ee\/et\/wp-json\/wp\/v2\/media?parent=1760"}],"wp:term":[{"taxonomy":"category","embeddable":true,"href":"https:\/\/students.ebs.ee\/et\/wp-json\/wp\/v2\/categories?post=1760"},{"taxonomy":"semester","embeddable":true,"href":"https:\/\/students.ebs.ee\/et\/wp-json\/wp\/v2\/semester?post=1760"},{"taxonomy":"campus","embeddable":true,"href":"https:\/\/students.ebs.ee\/et\/wp-json\/wp\/v2\/campus?post=1760"}],"curies":[{"name":"wp","href":"https:\/\/api.w.org\/{rel}","templated":true}]}}