{"id":1758,"date":"2019-03-12T16:29:33","date_gmt":"2019-03-12T13:29:33","guid":{"rendered":"http:\/\/students.ebs.ee\/?page_id=1758"},"modified":"2019-03-12T17:22:35","modified_gmt":"2019-03-12T14:22:35","slug":"oppe-ja-karjaarinoustamine","status":"publish","type":"page","link":"https:\/\/students.ebs.ee\/et\/oppetoo\/oppe-ja-karjaarinoustamine\/","title":{"rendered":"\u00d5ppe- ja karj\u00e4\u00e4rin\u00f5ustamine"},"content":{"rendered":"<p>Nii oma \u00f5pingute alguses, keskpaigas kui l\u00f5pus v\u00f5ib sul tekkida kooli, \u00f5ppimise ja nende \u00fchitamisega seoses k\u00fcsimusi, mille lahendamiseks vajad abi. EBS pakub k\u00f5ikidele \u00fcli\u00f5pilastele kogu \u00f5pinguperioodi jooksul igak\u00fclgset n\u00f5ustamist, et sinu \u00f5ppet\u00f6\u00f6 v\u00f5imalikult ladusalt kulgeks.<br \/>\nKui Sul on k\u00fcsimus ja Sa ei tea p\u00e4ris t\u00e4pselt, kelle poole p\u00f6\u00f6rduda, tule \u00f5ppeosakonda, kindlasti leiame Su murele lahenduse!<\/p>\n<p><a href=\"https:\/\/students.ebs.ee\/et\/oppetoo\/oppe-ja-karjaarinoustamine\/oppenoustamine\/\">\u00d5ppen\u00f5ustamine<\/a><br \/>\n<a href=\"https:\/\/students.ebs.ee\/et\/oppetoo\/oppe-ja-karjaarinoustamine\/karjaarinoustamine\/\">Karj\u00e4\u00e4rin\u00f5ustamine<\/a><br \/>\n<a href=\"https:\/\/students.ebs.ee\/et\/oppetoo\/oppe-ja-karjaarinoustamine\/psuhholoogiline-noustamine\/\">Ps\u00fchholoogiline n\u00f5ustamine<\/a><\/p>\n","protected":false},"excerpt":{"rendered":"<p>Nii oma \u00f5pingute alguses, keskpaigas kui l\u00f5pus v\u00f5ib sul tekkida kooli, \u00f5ppimise ja nende \u00fchitamisega seoses k\u00fcsimusi, mille lahendamiseks vajad abi. EBS pakub k\u00f5ikidele \u00fcli\u00f5pilastele kogu \u00f5pinguperioodi jooksul igak\u00fclgset n\u00f5ustamist, et sinu \u00f5ppet\u00f6\u00f6 v\u00f5imalikult ladusalt kulgeks. Kui Sul on k\u00fcsimus ja Sa ei tea p\u00e4ris t\u00e4pselt, kelle poole p\u00f6\u00f6rduda, tule \u00f5ppeosakonda, kindlasti leiame Su murele&#8230;<\/p>\n","protected":false},"author":6,"featured_media":0,"parent":265,"menu_order":1,"comment_status":"closed","ping_status":"closed","template":"","meta":{"_eb_attr":"","footnotes":""},"categories":[],"semester":[],"campus":[],"class_list":["post-1758","page","type-page","status-publish","hentry"],"acf":[],"_links":{"self":[{"href":"https:\/\/students.ebs.ee\/et\/wp-json\/wp\/v2\/pages\/1758","targetHints":{"allow":["GET"]}}],"collection":[{"href":"https:\/\/students.ebs.ee\/et\/wp-json\/wp\/v2\/pages"}],"about":[{"href":"https:\/\/students.ebs.ee\/et\/wp-json\/wp\/v2\/types\/page"}],"author":[{"embeddable":true,"href":"https:\/\/students.ebs.ee\/et\/wp-json\/wp\/v2\/users\/6"}],"replies":[{"embeddable":true,"href":"https:\/\/students.ebs.ee\/et\/wp-json\/wp\/v2\/comments?post=1758"}],"version-history":[{"count":3,"href":"https:\/\/students.ebs.ee\/et\/wp-json\/wp\/v2\/pages\/1758\/revisions"}],"predecessor-version":[{"id":1769,"href":"https:\/\/students.ebs.ee\/et\/wp-json\/wp\/v2\/pages\/1758\/revisions\/1769"}],"up":[{"embeddable":true,"href":"https:\/\/students.ebs.ee\/et\/wp-json\/wp\/v2\/pages\/265"}],"wp:attachment":[{"href":"https:\/\/students.ebs.ee\/et\/wp-json\/wp\/v2\/media?parent=1758"}],"wp:term":[{"taxonomy":"category","embeddable":true,"href":"https:\/\/students.ebs.ee\/et\/wp-json\/wp\/v2\/categories?post=1758"},{"taxonomy":"semester","embeddable":true,"href":"https:\/\/students.ebs.ee\/et\/wp-json\/wp\/v2\/semester?post=1758"},{"taxonomy":"campus","embeddable":true,"href":"https:\/\/students.ebs.ee\/et\/wp-json\/wp\/v2\/campus?post=1758"}],"curies":[{"name":"wp","href":"https:\/\/api.w.org\/{rel}","templated":true}]}}