{"id":1580,"date":"2019-02-28T19:00:41","date_gmt":"2019-02-28T16:00:41","guid":{"rendered":"http:\/\/students.ebs.ee\/?page_id=1580"},"modified":"2024-05-06T15:43:35","modified_gmt":"2024-05-06T12:43:35","slug":"rahvusvaheline-karjaariportaal","status":"publish","type":"page","link":"https:\/\/students.ebs.ee\/et\/oppetoo\/oppe-ja-karjaarinoustamine\/karjaarinoustamine\/rahvusvaheline-karjaariportaal\/","title":{"rendered":"Rahvusvaheline karj\u00e4\u00e4riportaal"},"content":{"rendered":"\n<p><strong>Sooviksid teha praktikat Nike\u2019s v\u00f5i m\u00f5nes rahvusvahelises ettev\u00f5ttes? N\u00fc\u00fcd on sul see v\u00f5imalus!<\/strong><\/p>\n\n\n\n<p>EBSi \u00fcli\u00f5pilasena on Sul v\u00f5imalus liituda rahvusvahelise karj\u00e4\u00e4riportaaliga Highered, mis \u00fchendab sadu rahvusvahelisi tippettev\u00f5tteid. Sisene portaali <a href=\"https:\/\/ebsee.higheredtalent.org\/Login\"><strong>siit<\/strong><\/a><\/p>\n\n\n\n<p><strong>Mida higheredtalent portaal pakub?<\/strong><\/p>\n\n\n\n<p>Portaalist v\u00f5id leida praktika ja trainee programme maailma parimate suurettev\u00f5tetes \u00fcle maailma. Samuti leidub tasuta karj\u00e4\u00e4riteemalisi webinare, artikleid ja kutseid avatud seminaridele \u00fcle ilma. Lisaks saab portaalis t\u00e4ita erinevaid online teste saamaks tagasisidet oma t\u00f6\u00f6k\u00e4itumisega seotud tugevustele ja n\u00f5rkustele, lisaks saab t\u00e4ita matemaatilise- v\u00f5i verbaalse v\u00f5imekuse teste v\u00f5i motivatsiooniga seotud teste. Teste viib l\u00e4bi cut-et, maailma juhtiv online hindaja ning need on \u00f5ppuritele tasuta. Testide tulemusi n\u00e4eb ainult nende t\u00e4itja.<\/p>\n\n\n\n<p>EBSi \u00fcli\u00f5pilased saavad portaali siseneda EBSi e-maili kontoga ning soovi korral andmeid t\u00e4ites sisestada ka alternatiivse e-posti aadressi, millele saate regulaarselt huvitavaid t\u00f6\u00f6- ja praktikapakkumisi rahvusvahelistelt ettev\u00f5tetelt ka p\u00e4rast EBSi l\u00f5petamist. Oma kontol andmeid saab oma varasema hariduse lisada ainult s\u00fcsteemis olemasolevate \u00f5ppeastuste ja erialade vahel. Kuna Eesti \u00f5ppeasutusi (ja paljusid v\u00e4lismaiseid) rippmen\u00fc\u00fcst valida ei saa, siis soovitame oma \u00f5ppeasutuseks m\u00e4rkida EBS alustamise aja (01.09\/XXXX) ja eeldatava l\u00f5petamise aja ning eriala vastavalt teie p\u00f5hierialale.<\/p>\n\n\n\n<p><strong>Neli sammu konto loomiseks&nbsp;<\/strong><\/p>\n\n\n\n<ul class=\"wp-block-list\">\n<li>kui sul&nbsp;pole veel @ebs.ee l\u00f5puga e-maili, siis telli see EBSi&nbsp;IT osakonnast&nbsp;(it@ebs.ee), ruum 210<\/li>\n\n\n\n<li><a href=\"https:\/\/ebsee.higheredtalent.org\/Login\" target=\"_blank\" rel=\"noreferrer noopener\">https:\/\/ebsee.higheredtalent.org\/Login<\/a><\/li>\n\n\n\n<li>tee omale&nbsp;konto&nbsp;(Sign up here), sisselogimiseks kasuta&nbsp;oma ebsi&nbsp;e-posti&nbsp;l\u00f5puga @ebs.ee&nbsp; v\u00f5i @ebshelsinki.fi<\/li>\n\n\n\n<li>sinu e-posti aadressile tuleb kinnitamist n\u00f5udev e-kiri (Your Global Talent Portal User Confirmation link) . Kinnita konto loomine. Kui sa&nbsp;kinnitamisnupp ei vajuta, siis sinu&nbsp;pooleliolev konto kustutatakse. NB! Kontrolli igaks&nbsp;juhuks ka oma junk-mailid&nbsp;\u00fcle.<\/li>\n\n\n\n<li>sisesta&nbsp;oma kontole&nbsp;EBSis \u00f5pingute aeg, kui sa ei&nbsp;ole kooli l\u00f5petanud, siis eeldatav&nbsp;l\u00f5petamise aeg EBSis.<\/li>\n<\/ul>\n\n\n\n<p><\/p>\n\n\n\n<p><\/p>\n","protected":false},"excerpt":{"rendered":"<p>Sooviksid teha praktikat Nike\u2019s v\u00f5i m\u00f5nes rahvusvahelises ettev\u00f5ttes? N\u00fc\u00fcd on sul see v\u00f5imalus! EBSi \u00fcli\u00f5pilasena on Sul v\u00f5imalus liituda rahvusvahelise karj\u00e4\u00e4riportaaliga Highered, mis \u00fchendab sadu rahvusvahelisi tippettev\u00f5tteid. Sisene portaali siit Mida higheredtalent portaal pakub? Portaalist v\u00f5id leida praktika ja trainee programme maailma parimate suurettev\u00f5tetes \u00fcle maailma. Samuti leidub tasuta karj\u00e4\u00e4riteemalisi webinare, artikleid ja kutseid avatud&#8230;<\/p>\n","protected":false},"author":27,"featured_media":0,"parent":1764,"menu_order":7,"comment_status":"closed","ping_status":"closed","template":"","meta":{"_eb_attr":"","footnotes":""},"categories":[],"semester":[],"campus":[],"class_list":["post-1580","page","type-page","status-publish","hentry"],"acf":[],"_links":{"self":[{"href":"https:\/\/students.ebs.ee\/et\/wp-json\/wp\/v2\/pages\/1580","targetHints":{"allow":["GET"]}}],"collection":[{"href":"https:\/\/students.ebs.ee\/et\/wp-json\/wp\/v2\/pages"}],"about":[{"href":"https:\/\/students.ebs.ee\/et\/wp-json\/wp\/v2\/types\/page"}],"author":[{"embeddable":true,"href":"https:\/\/students.ebs.ee\/et\/wp-json\/wp\/v2\/users\/27"}],"replies":[{"embeddable":true,"href":"https:\/\/students.ebs.ee\/et\/wp-json\/wp\/v2\/comments?post=1580"}],"version-history":[{"count":19,"href":"https:\/\/students.ebs.ee\/et\/wp-json\/wp\/v2\/pages\/1580\/revisions"}],"predecessor-version":[{"id":9991,"href":"https:\/\/students.ebs.ee\/et\/wp-json\/wp\/v2\/pages\/1580\/revisions\/9991"}],"up":[{"embeddable":true,"href":"https:\/\/students.ebs.ee\/et\/wp-json\/wp\/v2\/pages\/1764"}],"wp:attachment":[{"href":"https:\/\/students.ebs.ee\/et\/wp-json\/wp\/v2\/media?parent=1580"}],"wp:term":[{"taxonomy":"category","embeddable":true,"href":"https:\/\/students.ebs.ee\/et\/wp-json\/wp\/v2\/categories?post=1580"},{"taxonomy":"semester","embeddable":true,"href":"https:\/\/students.ebs.ee\/et\/wp-json\/wp\/v2\/semester?post=1580"},{"taxonomy":"campus","embeddable":true,"href":"https:\/\/students.ebs.ee\/et\/wp-json\/wp\/v2\/campus?post=1580"}],"curies":[{"name":"wp","href":"https:\/\/api.w.org\/{rel}","templated":true}]}}