{"id":11431,"date":"2025-09-17T10:21:58","date_gmt":"2025-09-17T07:21:58","guid":{"rendered":"https:\/\/students.ebs.ee\/?page_id=11431"},"modified":"2025-09-17T10:21:59","modified_gmt":"2025-09-17T07:21:59","slug":"dokumendid","status":"publish","type":"page","link":"https:\/\/students.ebs.ee\/et\/gumnaasium\/dokumendid\/","title":{"rendered":"Dokumendid"},"content":{"rendered":"\n<div class=\"wp-block-file\"><a id=\"wp-block-file--media-581ded96-671f-446f-8c2d-9555e46a2f57\" href=\"https:\/\/students.ebs.ee\/wp-content\/uploads\/2025\/09\/KODUKORD_EBS-GUMNAASIUMI-uus-OPPEKAVA-2024.pdf\">Kodukord<\/a><\/div>\n\n\n\n<div class=\"wp-block-file\"><a id=\"wp-block-file--media-99fdcc2f-d4d3-42e1-b42e-4bc41220c862\" href=\"https:\/\/students.ebs.ee\/wp-content\/uploads\/2025\/09\/Hindamisjuhend-2024.pdf\">Hindamisjuhend<\/a><\/div>\n\n\n\n<div class=\"wp-block-file\"><a id=\"wp-block-file--media-06851c50-a9d0-4634-853e-99969c317e3a\" href=\"https:\/\/students.ebs.ee\/wp-content\/uploads\/2025\/09\/EBS-GUMNAASIUMI-uus-OPPEKAVA-2024-viimane.pdf\">\u00d5ppekava<\/a><\/div>\n\n\n\n<div class=\"wp-block-file\"><a id=\"wp-block-file--media-715540a4-fce6-42c0-b487-a8db457b22be\" href=\"https:\/\/students.ebs.ee\/wp-content\/uploads\/2025\/09\/Kehtiv_EBS_Gumnaasiumi_Pohikiri_28_11_17_002.pdf\">P\u00f5hikiri<\/a><\/div>\n\n\n\n<div class=\"wp-block-file\"><a id=\"wp-block-file--media-13331a42-d75d-4b06-b561-18bb9d474880\" href=\"https:\/\/students.ebs.ee\/wp-content\/uploads\/2025\/09\/EBS-Gumnaasiumi-uldtooplaan-2022-2023-muudetuduus.pdf\">\u00dcldt\u00f6\u00f6plaan<\/a><\/div>\n\n\n\n<div class=\"wp-block-file\"><a id=\"wp-block-file--media-b572127e-d43c-43b5-819f-9efbe7b189ae\" href=\"https:\/\/students.ebs.ee\/wp-content\/uploads\/2025\/09\/EBS-Gumnaasiumi-arengukava-2024-2028.pdf\">Arengukava<\/a><\/div>\n\n\n\n<div class=\"wp-block-file\"><a id=\"wp-block-file--media-429a3152-256e-40c0-9b3f-d75831c78f61\" href=\"https:\/\/students.ebs.ee\/wp-content\/uploads\/2025\/09\/EBS_Gumnaasiumi_-koolieksam-1.pdf\">Koolieksam<\/a><\/div>\n\n\n\n<div class=\"wp-block-file\"><a id=\"wp-block-file--media-e5f3da84-3522-44a5-95d2-b93bb40b4a3f\" href=\"https:\/\/students.ebs.ee\/wp-content\/uploads\/2025\/09\/Opilasuurimuse-ja-praktilise-too-ettevalmistamise-ning-hindamise-tingimused-ja-kord_2019.pdf\">\u00d5pilasuurimuse ja praktilise t\u00f6\u00f6 kord<\/a><\/div>\n\n\n\n<div class=\"wp-block-file\"><a id=\"wp-block-file--media-59fda49c-a68d-49cf-8a72-76c7ac9d12f2\" href=\"https:\/\/students.ebs.ee\/wp-content\/uploads\/2025\/09\/Uurimistoo-juhend.pdf\">Uurimist\u00f6\u00f6 juhend<\/a><\/div>\n\n\n\n<div class=\"wp-block-file\"><a id=\"wp-block-file--media-9aab48a4-fd9e-4c84-ab08-4172855eccda\" href=\"https:\/\/students.ebs.ee\/wp-content\/uploads\/2025\/09\/Opilasfirma-juhend_0.pdf\">\u00d5pilasfirma juhend<\/a><\/div>\n\n\n\n<div class=\"wp-block-file\"><a id=\"wp-block-file--media-3f2b3d71-a0b0-4fce-93ba-d1bd2d1e0fbf\" href=\"https:\/\/students.ebs.ee\/wp-content\/uploads\/2025\/09\/Ariplaani-juhend_1.pdf\">\u00c4riplaani juhend<\/a><\/div>\n\n\n\n<div class=\"wp-block-file\"><a id=\"wp-block-file--media-79997dc4-0a35-4f44-b9ee-45a141ea4b75\" href=\"https:\/\/students.ebs.ee\/wp-content\/uploads\/2025\/09\/EBS-kirjalike-kodutoode-vormistamise-ja-esitamise-juhend.pdf\">Kirjalike kodut\u00f6\u00f6de vormistamise juhend<\/a><\/div>\n\n\n\n<p class=\"has-medium-font-size\"><\/p>\n","protected":false},"excerpt":{"rendered":"","protected":false},"author":1060,"featured_media":0,"parent":10908,"menu_order":1,"comment_status":"closed","ping_status":"closed","template":"","meta":{"_eb_attr":"","footnotes":""},"categories":[170],"semester":[],"campus":[],"class_list":["post-11431","page","type-page","status-publish","hentry","category-gumnaasium"],"acf":[],"_links":{"self":[{"href":"https:\/\/students.ebs.ee\/et\/wp-json\/wp\/v2\/pages\/11431","targetHints":{"allow":["GET"]}}],"collection":[{"href":"https:\/\/students.ebs.ee\/et\/wp-json\/wp\/v2\/pages"}],"about":[{"href":"https:\/\/students.ebs.ee\/et\/wp-json\/wp\/v2\/types\/page"}],"author":[{"embeddable":true,"href":"https:\/\/students.ebs.ee\/et\/wp-json\/wp\/v2\/users\/1060"}],"replies":[{"embeddable":true,"href":"https:\/\/students.ebs.ee\/et\/wp-json\/wp\/v2\/comments?post=11431"}],"version-history":[{"count":2,"href":"https:\/\/students.ebs.ee\/et\/wp-json\/wp\/v2\/pages\/11431\/revisions"}],"predecessor-version":[{"id":11653,"href":"https:\/\/students.ebs.ee\/et\/wp-json\/wp\/v2\/pages\/11431\/revisions\/11653"}],"up":[{"embeddable":true,"href":"https:\/\/students.ebs.ee\/et\/wp-json\/wp\/v2\/pages\/10908"}],"wp:attachment":[{"href":"https:\/\/students.ebs.ee\/et\/wp-json\/wp\/v2\/media?parent=11431"}],"wp:term":[{"taxonomy":"category","embeddable":true,"href":"https:\/\/students.ebs.ee\/et\/wp-json\/wp\/v2\/categories?post=11431"},{"taxonomy":"semester","embeddable":true,"href":"https:\/\/students.ebs.ee\/et\/wp-json\/wp\/v2\/semester?post=11431"},{"taxonomy":"campus","embeddable":true,"href":"https:\/\/students.ebs.ee\/et\/wp-json\/wp\/v2\/campus?post=11431"}],"curies":[{"name":"wp","href":"https:\/\/api.w.org\/{rel}","templated":true}]}}