{"id":1131,"date":"2018-12-19T16:25:47","date_gmt":"2018-12-19T13:25:47","guid":{"rendered":"http:\/\/students.ebs.ee\/?page_id=1131"},"modified":"2022-08-05T10:03:39","modified_gmt":"2022-08-05T07:03:39","slug":"timeedit","status":"publish","type":"page","link":"https:\/\/students.ebs.ee\/et\/oppetoo\/oppeinfo\/timeedit\/","title":{"rendered":"TimeEdit"},"content":{"rendered":"\n<p>TimeEdit on integreeritud Canvasega, mis annab v\u00f5imaluse n\u00e4ha loengu- ja eksamiaegu Canvase kalendrist kohe kui Canvase kursus on avalikustatud (hiljemalt 2 n\u00e4dalat enne semestri algust).<\/p>\n\n\n\n<p>Enne loenguaegade Canvasesse viimist on tunniplaane v\u00f5imalik n\u00e4ha TimeEdit&#8217;is: <a href=\"https:\/\/cloud.timeedit.net\/ebs\/web\/public1\/\">https:\/\/cloud.timeedit.net\/ebs\/web\/public1\/<\/a><\/p>\n\n\n\n<ol class=\"wp-block-list\"><li>\u00d5ppeainete otsimiseks kasuta otsingumootorit \u2018<strong>Search Course\u2019<\/strong>.<\/li><li>Valitud \u00f5ppeainete tunniplaani n\u00e4gemiseks klikka \u2018<strong>Show schedule\u2019&nbsp;<\/strong><\/li><li>Tunniplaani vaadet (tekst v\u00f5i graafiline) saad muuta &#8216;<strong>Customize&#8217;<\/strong> nupu alt<\/li><\/ol>\n","protected":false},"excerpt":{"rendered":"<p>TimeEdit on integreeritud Canvasega, mis annab v\u00f5imaluse n\u00e4ha loengu- ja eksamiaegu Canvase kalendrist kohe kui Canvase kursus on avalikustatud (hiljemalt 2 n\u00e4dalat enne semestri algust). Enne loenguaegade Canvasesse viimist on tunniplaane v\u00f5imalik n\u00e4ha TimeEdit&#8217;is: https:\/\/cloud.timeedit.net\/ebs\/web\/public1\/ \u00d5ppeainete otsimiseks kasuta otsingumootorit \u2018Search Course\u2019. Valitud \u00f5ppeainete tunniplaani n\u00e4gemiseks klikka \u2018Show schedule\u2019&nbsp; Tunniplaani vaadet (tekst v\u00f5i graafiline) saad muuta&#8230;<\/p>\n","protected":false},"author":6,"featured_media":0,"parent":267,"menu_order":20,"comment_status":"closed","ping_status":"closed","template":"","meta":{"_eb_attr":"","footnotes":""},"categories":[51],"semester":[],"campus":[],"class_list":["post-1131","page","type-page","status-publish","hentry","category-oppetoo"],"acf":[],"_links":{"self":[{"href":"https:\/\/students.ebs.ee\/et\/wp-json\/wp\/v2\/pages\/1131","targetHints":{"allow":["GET"]}}],"collection":[{"href":"https:\/\/students.ebs.ee\/et\/wp-json\/wp\/v2\/pages"}],"about":[{"href":"https:\/\/students.ebs.ee\/et\/wp-json\/wp\/v2\/types\/page"}],"author":[{"embeddable":true,"href":"https:\/\/students.ebs.ee\/et\/wp-json\/wp\/v2\/users\/6"}],"replies":[{"embeddable":true,"href":"https:\/\/students.ebs.ee\/et\/wp-json\/wp\/v2\/comments?post=1131"}],"version-history":[{"count":7,"href":"https:\/\/students.ebs.ee\/et\/wp-json\/wp\/v2\/pages\/1131\/revisions"}],"predecessor-version":[{"id":7486,"href":"https:\/\/students.ebs.ee\/et\/wp-json\/wp\/v2\/pages\/1131\/revisions\/7486"}],"up":[{"embeddable":true,"href":"https:\/\/students.ebs.ee\/et\/wp-json\/wp\/v2\/pages\/267"}],"wp:attachment":[{"href":"https:\/\/students.ebs.ee\/et\/wp-json\/wp\/v2\/media?parent=1131"}],"wp:term":[{"taxonomy":"category","embeddable":true,"href":"https:\/\/students.ebs.ee\/et\/wp-json\/wp\/v2\/categories?post=1131"},{"taxonomy":"semester","embeddable":true,"href":"https:\/\/students.ebs.ee\/et\/wp-json\/wp\/v2\/semester?post=1131"},{"taxonomy":"campus","embeddable":true,"href":"https:\/\/students.ebs.ee\/et\/wp-json\/wp\/v2\/campus?post=1131"}],"curies":[{"name":"wp","href":"https:\/\/api.w.org\/{rel}","templated":true}]}}