{"id":11116,"date":"2025-09-11T15:24:38","date_gmt":"2025-09-11T12:24:38","guid":{"rendered":"https:\/\/students.ebs.ee\/?page_id=11116"},"modified":"2025-12-16T10:55:54","modified_gmt":"2025-12-16T07:55:54","slug":"oigus-poliitika","status":"publish","type":"page","link":"https:\/\/students.ebs.ee\/et\/raamatukogu\/teemavarav\/oigus-poliitika\/","title":{"rendered":"\u00d5igus. Poliitika"},"content":{"rendered":"\n<h3 class=\"wp-block-heading\">Teatmematerjalid:<\/h3>\n\n\n\n<p><a href=\"https:\/\/akit.cyber.ee\/\">Andmekaitse ja infoturbe leksikon<\/a><br>Eesti- ja inglisekeelsed m\u00f5isted.<\/p>\n\n\n\n<p><a href=\"https:\/\/reference.findlaw.com\/lawandeconomics.html\">Encyclopedia of Law and Economics<\/a><br>\u00d5iguse ja majandusteaduse alaste terminite s\u00f5naraamat.<\/p>\n\n\n\n<p><a href=\"https:\/\/www.keeleveeb.ee\/dict\/speciality\/esterm\/\">ESTERM<\/a><br>Eesti-, inglise-, prantsuse-, saksa- ja soomekeelne \u00f5iguss\u00f5nastik, Euroopa Liidu s\u00f5nastik.<\/p>\n\n\n\n<p><a href=\"http:\/\/eur-lex.europa.eu\/homepage.html?locale=et\">EUR-Lex<\/a><br>Euroopa Liidu \u00f5iguse andmebaas.<\/p>\n\n\n\n<p><a href=\"https:\/\/publications.europa.eu\/en\/web\/eu-vocabularies\/\">EuroVoc<\/a><br>EuroVoc on mitmekeelne tesaurus, sh eesti, vene, soome ja inglise keeles.<\/p>\n\n\n\n<p><a href=\"https:\/\/iate.europa.eu\/home\">Inter-Active Terminology for Europe (IATE)<\/a><br>\u00d5igusterminid Euroopa Liidu ametlikes keeltes.<\/p>\n\n\n\n<p><a href=\"https:\/\/legal.ee\/\">Legal.ee<\/a><br>\u00d5igusteabe otsinguportaal xLaw Legal.<\/p>\n\n\n\n<p><a href=\"https:\/\/www.lexadin.nl\/wlg\/\">Lexadin<\/a><br>The World Law Guide. Erinevate riikide seadused ja seadusandlus.<\/p>\n\n\n\n<p><a href=\"https:\/\/bitbucket.icaap.org\/dict.pl\">Online Dictionary of the Social Sciences<\/a><br>Sotsiaalteaduste alane s\u00f5nastik sotsioloogia, kriminoloogia ja poliitika valdkonnas.<\/p>\n\n\n\n<p><a href=\"http:\/\/politicaldictionary.com\/\">Taegan Goddard&#8217;s Political Dictionary<\/a><br>Poliitikaterminite s\u00f5naraamat.<\/p>\n\n\n\n<h3 class=\"wp-block-heading\">Lingid:<\/h3>\n\n\n\n<p><a href=\"https:\/\/curia.europa.eu\/jcms\/jcms\/Jo2_6999\/\">Curia<\/a><br>Euroopa Kohtu koduleht (Court of Justice of the European Union), sh eesti keeles.<\/p>\n\n\n\n<p><a href=\"https:\/\/www.eesti.ee\/et\/index.html\">eesti.ee<\/a><br>Riigiportaal &#8211; e-teenused kodanikele, ettev\u00f5tjatele. Eesti, inglise ja vene keeles.<\/p>\n\n\n\n<p><a href=\"https:\/\/e-justice.europa.eu\/home.do?action=home&amp;plang=et\">European e-Justice Portal<\/a><br>Euroopa e-\u00f5iguskeskkonna portaal. Informatsioon Euroopa Liidu, liikmesriikide ja rahvusvahelise \u00f5iguse kohta. 22 keeles, sh eesti, soome, inglise keeles.<\/p>\n\n\n\n<p><a href=\"http:\/\/www.ipsa.org\/\">International Political Science Association&nbsp; (IPSA)<\/a><br>Rahvusvaheline Politoloogia Assotsiatsioon.<\/p>\n\n\n\n<p><a href=\"http:\/\/www.juristaitab.ee\/\">Jurist aitab<\/a><br>\u00d5igusabiportaal.<\/p>\n\n\n\n<p><a href=\"https:\/\/pettuseinfo.ee\/\">Pettuseinfo.ee<\/a><br>Eesti Pangaliidu poolt koostatud veebisait koondab infot erinevate levinumate petuskeemide kohta. Eesti ja vene keeles.<\/p>\n\n\n\n<p><a href=\"http:\/\/www.praxis.ee\/\">Poliitkauuringute Keskus PRAXIS<\/a><br>Veebisait sisaldab anal\u00fc\u00fcse, uuringuid innovatsioonipoliitika, hariduspoliitika, t\u00f6\u00f6- ja sotsiaalpoliitika, avaliku halduse poliitika valdkondades. Eesti, inglise ja vene keeles.<\/p>\n\n\n\n<p><a href=\"https:\/\/tamm.stat.ee\/\">T\u00f5etamm<\/a><br>Veebirakendus, Eesti riigi oluliste n\u00e4itajate digitaalne m\u00f5\u00f5dupuu, annab \u00fclevaate erinevatest valdkondadest.<\/p>\n\n\n\n<h3 class=\"wp-block-heading\">Eesti \u00f5igusaktid:<\/h3>\n\n\n\n<p><a href=\"https:\/\/www.riigiteataja.ee\/index.html\">Elektrooniline Riigi Teataja &#8211; eRT<\/a><br>Eesti \u00f5igusaktid, kohtuotsuste kokkuv\u00f5tted, kohtu- ja seaduseuudised. T\u00f5lked inglise ja vene keeles.<\/p>\n\n\n\n<p><a href=\"https:\/\/www.estlex.ee\/\">ESTLEX<\/a><br>Eesti \u00f5igusaktide andmebaas. Eesti, inglise ja vene keeles.<\/p>\n\n\n\n<h3 class=\"wp-block-heading\">Registrid:<\/h3>\n\n\n\n<p><a href=\"http:\/\/www.rik.ee\/et\">Registrite ja Infos\u00fcsteemide Keskus (RIK)<\/a><br>Riiklike registrite ja infos\u00fcsteemide e-teenused. Eesti ja inglise keeles.<\/p>\n\n\n\n<p><a href=\"http:\/\/www.rik.ee\/et\/ametlikud-teadaanded\">Ametlikud Teadeanded<\/a><br>Ametlikud Teadaanded, sh teated, kutsed ja kuulutused.<\/p>\n\n\n\n<p><a href=\"http:\/\/andmebaas.epa.ee\/avalik\/#\/trademarks\">Kaubam\u00e4rkide ja t\u00f6\u00f6stusdisainilahenduste andmebaas<\/a><br>Patendiameti veebisait. Eesti ja inglise keeles.<\/p>\n\n\n\n<p><a href=\"https:\/\/www.creditinfo.ee\/\">Krediidiinfo<\/a><br>Ettev\u00f5tlus- ja turundusinfo andmebaas Eesti ja v\u00e4lismaiste ettev\u00f5tete kohta. Eesti, inglise ja vene keeles.<\/p>\n\n\n\n<p><a href=\"https:\/\/mtr.ttja.ee\/\">Majandustegevuse register<\/a><br>Ettev\u00f5tjate register, kes tegutsevad erin\u00f5uetega tegevusaladel. Eesti ja inglise keeles.<\/p>\n","protected":false},"excerpt":{"rendered":"<p>Teatmematerjalid: Andmekaitse ja infoturbe leksikonEesti- ja inglisekeelsed m\u00f5isted. Encyclopedia of Law and Economics\u00d5iguse ja majandusteaduse alaste terminite s\u00f5naraamat. ESTERMEesti-, inglise-, prantsuse-, saksa- ja soomekeelne \u00f5iguss\u00f5nastik, Euroopa Liidu s\u00f5nastik. EUR-LexEuroopa Liidu \u00f5iguse andmebaas. EuroVocEuroVoc on mitmekeelne tesaurus, sh eesti, vene, soome ja inglise keeles. Inter-Active Terminology for Europe (IATE)\u00d5igusterminid Euroopa Liidu ametlikes keeltes. Legal.ee\u00d5igusteabe otsinguportaal xLaw&#8230;<\/p>\n","protected":false},"author":723,"featured_media":0,"parent":11086,"menu_order":1,"comment_status":"closed","ping_status":"closed","template":"","meta":{"_eb_attr":"","footnotes":""},"categories":[64],"semester":[],"campus":[],"class_list":["post-11116","page","type-page","status-publish","hentry","category-raamatukogu"],"acf":[],"_links":{"self":[{"href":"https:\/\/students.ebs.ee\/et\/wp-json\/wp\/v2\/pages\/11116","targetHints":{"allow":["GET"]}}],"collection":[{"href":"https:\/\/students.ebs.ee\/et\/wp-json\/wp\/v2\/pages"}],"about":[{"href":"https:\/\/students.ebs.ee\/et\/wp-json\/wp\/v2\/types\/page"}],"author":[{"embeddable":true,"href":"https:\/\/students.ebs.ee\/et\/wp-json\/wp\/v2\/users\/723"}],"replies":[{"embeddable":true,"href":"https:\/\/students.ebs.ee\/et\/wp-json\/wp\/v2\/comments?post=11116"}],"version-history":[{"count":4,"href":"https:\/\/students.ebs.ee\/et\/wp-json\/wp\/v2\/pages\/11116\/revisions"}],"predecessor-version":[{"id":12262,"href":"https:\/\/students.ebs.ee\/et\/wp-json\/wp\/v2\/pages\/11116\/revisions\/12262"}],"up":[{"embeddable":true,"href":"https:\/\/students.ebs.ee\/et\/wp-json\/wp\/v2\/pages\/11086"}],"wp:attachment":[{"href":"https:\/\/students.ebs.ee\/et\/wp-json\/wp\/v2\/media?parent=11116"}],"wp:term":[{"taxonomy":"category","embeddable":true,"href":"https:\/\/students.ebs.ee\/et\/wp-json\/wp\/v2\/categories?post=11116"},{"taxonomy":"semester","embeddable":true,"href":"https:\/\/students.ebs.ee\/et\/wp-json\/wp\/v2\/semester?post=11116"},{"taxonomy":"campus","embeddable":true,"href":"https:\/\/students.ebs.ee\/et\/wp-json\/wp\/v2\/campus?post=11116"}],"curies":[{"name":"wp","href":"https:\/\/api.w.org\/{rel}","templated":true}]}}