{"id":11114,"date":"2025-09-11T15:23:58","date_gmt":"2025-09-11T12:23:58","guid":{"rendered":"https:\/\/students.ebs.ee\/?page_id=11114"},"modified":"2025-09-11T15:23:59","modified_gmt":"2025-09-11T12:23:59","slug":"turundus","status":"publish","type":"page","link":"https:\/\/students.ebs.ee\/et\/raamatukogu\/teemavarav\/turundus\/","title":{"rendered":"Turundus"},"content":{"rendered":"\n<h3 class=\"wp-block-heading\">Teatmematerjalid:<\/h3>\n\n\n\n<p><a href=\"https:\/\/www.epa.ee\/kaubamargid\/varasemate-kaubamarkide-otsimine\/andmebaasid\">Kaubam\u00e4rkide andmebaasid<\/a><br>Patendiameti andmebaasid: leiutiste andmebaasid, t\u00f6\u00f6stusdisainilahenduste andmebaasid jt.<\/p>\n\n\n\n<p><a href=\"https:\/\/www.marketingterms.com\/dictionary\/\">Marketing Terms.com<\/a><br>Turundusterminoloogia s\u00f5naraamat Internetis.<\/p>\n\n\n\n<h3 class=\"wp-block-heading\">Lingid:<\/h3>\n\n\n\n<p><a href=\"https:\/\/brandinginasia.com\/\">BrandingAsia.com<\/a><br>Aasia br\u00e4ndi k\u00e4sitlevad Interneti ressursid, artiklid, juhtumianal\u00fc\u00fcsid, uudised.<\/p>\n\n\n\n<p><a href=\"https:\/\/e-kaubanduseliit.ee\/\">Eesti e-Kaubanduse Liit<\/a><br>E-kaubandusalane kompetentsikeskus, kvaliteedim\u00e4rgiga e-poed, n\u00f5uanded, e-materjalid.<\/p>\n\n\n\n<p><a href=\"https:\/\/www.knowthis.com\/\">Know This<\/a><br>Turundusalased lingid, \u00f5ppematerjalid.<\/p>\n\n\n\n<p><a href=\"http:\/\/www.marketingteacher.com\/\">Marketing Teacher<\/a><br>Veebisait&nbsp;turundusvaldkonna&nbsp;\u00f5ppematerjalidega.<\/p>\n\n\n\n<p><a href=\"http:\/\/www.online-pr.com\/\">Online Public Relations&nbsp;<\/a><br>Avalike suhete ja meedia alased Interneti ressursid.<\/p>\n\n\n\n<p><a href=\"https:\/\/www.practicalecommerce.com\/\">PracticalEcommerce<\/a><br>E-turunduse alane veebisait.<\/p>\n\n\n\n<p><a href=\"https:\/\/www.wsiworld.com\/\">WSI<\/a><br>Digital Marketing Network. Digitaalturunduse materjalid.<\/p>\n","protected":false},"excerpt":{"rendered":"<p>Teatmematerjalid: Kaubam\u00e4rkide andmebaasidPatendiameti andmebaasid: leiutiste andmebaasid, t\u00f6\u00f6stusdisainilahenduste andmebaasid jt. Marketing Terms.comTurundusterminoloogia s\u00f5naraamat Internetis. Lingid: BrandingAsia.comAasia br\u00e4ndi k\u00e4sitlevad Interneti ressursid, artiklid, juhtumianal\u00fc\u00fcsid, uudised. Eesti e-Kaubanduse LiitE-kaubandusalane kompetentsikeskus, kvaliteedim\u00e4rgiga e-poed, n\u00f5uanded, e-materjalid. Know ThisTurundusalased lingid, \u00f5ppematerjalid. Marketing TeacherVeebisait&nbsp;turundusvaldkonna&nbsp;\u00f5ppematerjalidega. Online Public Relations&nbsp;Avalike suhete ja meedia alased Interneti ressursid. PracticalEcommerceE-turunduse alane veebisait. WSIDigital Marketing Network. Digitaalturunduse materjalid.<\/p>\n","protected":false},"author":723,"featured_media":0,"parent":11086,"menu_order":1,"comment_status":"closed","ping_status":"closed","template":"","meta":{"_eb_attr":"","footnotes":""},"categories":[64],"semester":[],"campus":[],"class_list":["post-11114","page","type-page","status-publish","hentry","category-raamatukogu"],"acf":[],"_links":{"self":[{"href":"https:\/\/students.ebs.ee\/et\/wp-json\/wp\/v2\/pages\/11114","targetHints":{"allow":["GET"]}}],"collection":[{"href":"https:\/\/students.ebs.ee\/et\/wp-json\/wp\/v2\/pages"}],"about":[{"href":"https:\/\/students.ebs.ee\/et\/wp-json\/wp\/v2\/types\/page"}],"author":[{"embeddable":true,"href":"https:\/\/students.ebs.ee\/et\/wp-json\/wp\/v2\/users\/723"}],"replies":[{"embeddable":true,"href":"https:\/\/students.ebs.ee\/et\/wp-json\/wp\/v2\/comments?post=11114"}],"version-history":[{"count":1,"href":"https:\/\/students.ebs.ee\/et\/wp-json\/wp\/v2\/pages\/11114\/revisions"}],"predecessor-version":[{"id":11115,"href":"https:\/\/students.ebs.ee\/et\/wp-json\/wp\/v2\/pages\/11114\/revisions\/11115"}],"up":[{"embeddable":true,"href":"https:\/\/students.ebs.ee\/et\/wp-json\/wp\/v2\/pages\/11086"}],"wp:attachment":[{"href":"https:\/\/students.ebs.ee\/et\/wp-json\/wp\/v2\/media?parent=11114"}],"wp:term":[{"taxonomy":"category","embeddable":true,"href":"https:\/\/students.ebs.ee\/et\/wp-json\/wp\/v2\/categories?post=11114"},{"taxonomy":"semester","embeddable":true,"href":"https:\/\/students.ebs.ee\/et\/wp-json\/wp\/v2\/semester?post=11114"},{"taxonomy":"campus","embeddable":true,"href":"https:\/\/students.ebs.ee\/et\/wp-json\/wp\/v2\/campus?post=11114"}],"curies":[{"name":"wp","href":"https:\/\/api.w.org\/{rel}","templated":true}]}}