{"id":11112,"date":"2025-09-11T15:23:01","date_gmt":"2025-09-11T12:23:01","guid":{"rendered":"https:\/\/students.ebs.ee\/?page_id=11112"},"modified":"2026-01-12T11:11:13","modified_gmt":"2026-01-12T08:11:13","slug":"teadustoo","status":"publish","type":"page","link":"https:\/\/students.ebs.ee\/et\/raamatukogu\/teemavarav\/teadustoo\/","title":{"rendered":"Teadust\u00f6\u00f6"},"content":{"rendered":"\n<h3 class=\"wp-block-heading\">Teadusportaalid:<\/h3>\n\n\n\n<p><a href=\"https:\/\/www.base-search.net\/\">BASE<\/a><br>Bielefeld Academic Search Engine v\u00f5imaldab otsida internetist teadusinfot,&nbsp;v\u00e4itekirju, artikleid, uurimusi erinevatest digiarhiividest, osaliselt k\u00e4ttesaadavad t\u00e4istekstidena.<\/p>\n\n\n\n<p><a href=\"https:\/\/cordis.europa.eu\/\">CORDIS<\/a><br>Community Research &amp; Development Information Service. Euroopa Liidu teadus- ja arendustegevuse infokeskuse andmebaasid, teenused, programmid, uuringud, publikatsioonid, liikmesriikide info teadustegevuse kohta.<\/p>\n\n\n\n<p><a href=\"http:\/\/www.ease.org.uk\/\">EASE<\/a><br>European Association of Science Editors statement on impact factors.<\/p>\n\n\n\n<p><a href=\"https:\/\/portaal.nlib.ee\/\">Eesti Rahvusraamatukogu otsinguportaal<\/a><br>Portaal sisaldab e-raamatuid, e-ajakirju, litsentsiandmebaase&nbsp;jne.&nbsp;<a href=\"https:\/\/sso.nlib.ee\/register?locale=et&amp;service=https%3A%2F%2Fportaal.nlib.ee%2Fcas%2Fpds_main%3Ffunc%3Dload-login%26calling_system%3Dprimo%26institute%3DNLE%26PDS_HANDLE%3D%26url%3Dhttps%3A%2F%2Fportaal-nlib-ee-primo.hosted.exlibrisgroup.com%3A443%2Fprimo_library%2Flibweb%2FpdsLogin%3FtargetURL%3Dhttps%3A%2F%2Fportaal-nlib-ee-primo.hosted.exlibrisgroup.com%2Fprimo-explore%2Fsearch%3Fsortby%3Drank%26vid%3D372NLE_V1%26lang%3Det_EE%26from-new-ui%3D1%26authenticationProfile%3DPDS%26filler%3D\">Registreerimine<\/a>&nbsp;ID-kaardi v\u00f5i Mobiil-IDga.<\/p>\n\n\n\n<p><a href=\"https:\/\/www.etis.ee\/\">Eesti Teadusinfos\u00fcsteem (ETIS)<\/a><br>Teadusinfos\u00fcsteem sisaldab informatsiooni teadus- ja arendusasutuste, teadlaste, \u00f5ppej\u00f5udude, nende publikatsioonide, teadusprojektide, teaduspreemiate ning erinevate teadustegevuse tulemuste kohta.<\/p>\n\n\n\n<p><a href=\"https:\/\/ec.europa.eu\/info\/research-and-innovation_en\">Euroopa Komisjoni teadust\u00f6\u00f6<\/a><br>Informatsioon Euroopa teadusuuringute kohta.<\/p>\n\n\n\n<p><a href=\"http:\/\/researchinestonia.eu\/\">Research in Estonia<\/a><br>Eesti teadust rahvusvaheliselt tutvustav veebisait.<\/p>\n\n\n\n<p><a href=\"https:\/\/www.osti.gov\/worldwidescienceorg-global-science-gateway-public-access-resources-and-research-data\">WorldWideScience.org<\/a><br>Erinevate riikide teadusandmebaaside otsimootor.<\/p>\n\n\n\n<h3 class=\"wp-block-heading\">Referatiivandmebaasid:<\/h3>\n\n\n\n<p><a href=\"https:\/\/www.elsevier.com\/solutions\/scopus\">Scopus<\/a><br>Elsevier Science kirjastuse eelretsenseeritud (peer-reviewed) teadusajakirjade viitamisinfo andmebaas.<\/p>\n\n\n\n<p>K\u00e4ttesaadav:&nbsp;Tallinna Tehnika\u00fclikooli Raamatukogus, Tallinna \u00dclikooli Raamatukogus, Tartu \u00dclikooli Raamatukogus.&nbsp;<a href=\"https:\/\/www.elnet.ee\/teenused\/teadusandmebaasid\/\">Andmebaaside \u00fchishanked Eesti raamatukogudes.<\/a><\/p>\n\n\n\n<p><a href=\"https:\/\/clarivate.com\/products\/web-of-science\/\">Web of Science<\/a><br>Thomson Reuters poolt koostatud, varasem USA Teadusinformatsiooni Instituut ISI (Institute of Scientific Information), \u00fclemaailmselt tunnustatud publikatsioonide andmebaas. Sisaldab teaduspublikatsioonide bibliograafilisi kirjeid ning infot autorite, artiklite tsiteeringute arvu, ajakirjade m\u00f5jufaktorite jm kohta.<br><a href=\"https:\/\/clarivate.com\/products\/web-of-science\/\">Web of Science Core Collection<\/a><br><a href=\"http:\/\/mjl.clarivate.com\/\">Master Journal List<\/a><br><a href=\"https:\/\/clarivate.com\/products\/journal-citation-reports\/?subsector=scholarly-search-and-discovery\">Conference Proceedings Citation Index<\/a><br>K\u00e4ttesaadav: Tallinna Tehnika\u00fclikooli Raamatukogus, Tartu \u00dclikooli Raamatukogus, Tallinna \u00dclikooli Akadeemilises Raamatukogus.&nbsp;<a href=\"https:\/\/www.elnet.ee\/teenused\/teadusandmebaasid\/\">Andmebaaside&nbsp;\u00fchishanked Eesti raamatukogudes<\/a>.<\/p>\n\n\n\n<p><strong><a href=\"https:\/\/search.crossref.org\/\" data-type=\"link\" data-id=\"https:\/\/search.crossref.org\/\">Crossref<\/a><\/strong><br>Mittetulundus\u00fching, mis tegeleb avatud digitaalse infrastruktuuriga, teadlastele. DOI (Digital Object Identifier) indeksid.<\/p>\n\n\n\n<p><\/p>\n\n\n\n<h3 class=\"wp-block-heading\">V\u00f5rgustikud teadlastele, uurijatele:<\/h3>\n\n\n\n<p><a href=\"https:\/\/euraxess.ec.europa.eu\/\">EURAXESS<\/a><br>Portaal, mis pakub teavet ja t\u00f6\u00f6v\u00f5imalusi teadlastele ning abistab teadlasi ja nende peresid v\u00e4lismaal t\u00f6\u00f6leasumise k\u00f5ikides aspektides.<\/p>\n\n\n\n<p><a href=\"https:\/\/www.euraxess.ee\/\">EURAXESS Estonia<\/a><\/p>\n\n\n\n<p><a href=\"https:\/\/www.euraxess.fi\/\">EURAXESS Finland<\/a><br>&nbsp;<\/p>\n\n\n\n<p><a href=\"https:\/\/www.socialsciencespace.com\/2011\/04\/the-research-ethics-guidebook-a-free-online-resource-for-social-science-researchers\/\">The Research Ethics Guidebook<\/a><br>Portaal sotsiaalteadlastele ja uurijatele.<\/p>\n\n\n\n<p><a href=\"https:\/\/www.researchgate.net\/\">ResearchGate<\/a><br>Professionaalne v\u00f5rgustik teadlastele ja uurijatele.<\/p>\n\n\n\n<p><a href=\"https:\/\/www.ssrn.com\/en\/\">Social Science Research Network (SSRN)<\/a><br>Sotsiaalteaduste alaste uurimist\u00f6\u00f6de andmebaas, mis sisaldab artiklite t\u00e4istekste, t\u00f6\u00f6dokumente, eLibrary.<\/p>\n\n\n\n<h3 class=\"wp-block-heading\">Teaduseetika:<\/h3>\n\n\n\n<p><a href=\"https:\/\/www.etag.ee\/en\/estonian-research-council\/documents\/eetikakoodeks2002-2\/\">Eesti teadlaste eetikakoodeks<\/a><br>Eesti Teadusagentuur.<\/p>\n\n\n\n<p><a href=\"http:\/\/www.eurecnet.org\/index.html\">European Network of Research Ethics Committees (EUREC)<\/a><br>Teaduseetikaalaste organisatsioonide v\u00f5rgustik Euroopas. Uudiskiri.<\/p>\n\n\n\n<p><a href=\"https:\/\/ut.ee\/et\/sisu\/teaduseetika\">Teaduseetika<\/a><br>Tartu \u00dclikooli eetikaveeb.<\/p>\n\n\n\n<p><a href=\"https:\/\/publicationethics.org\/about\">The Committee on Publication Ethics (COPE)<\/a><\/p>\n\n\n\n<h3 class=\"wp-block-heading\">Uurimist\u00f6\u00f6 koostamine:<\/h3>\n\n\n\n<p><a href=\"https:\/\/www.teadustekst.ut.ee\/varamu\/\">Akadeemiliste v\u00e4ljendite varamu AV<\/a><br>Algajale teadusteksti kirjutajale, Tartu \u00dclikool.<br>&nbsp;<\/p>\n\n\n\n<p><a href=\"https:\/\/www.bwrite.ut.ee\/\">BWRITE<\/a><br>Baltimaade \u00fchisprojekt akadeemilise v\u00e4ljendusoskuse arendamiseks: akadeemilise teksti \u00fclesehitus, keelevahendid, metadiskursuse vahendid. Inglise ja eesti keeles.<\/p>\n\n\n\n<p><a href=\"https:\/\/sisu.ut.ee\/infootsitugi\/11-infoallikate-hindamine\/\">Info hindamine<\/a><br>Tartu \u00dclikooli \u00f5piobjekt: info hindamine, usaldusv\u00e4\u00e4\u00f6rsus, ajakohasus jm.<br><br><a href=\"https:\/\/samm.ut.ee\/\">SAMM<\/a><br>Sotsiaalse anal\u00fc\u00fcsi meetodite ja metodoloogia \u00f5pibaas<br>Tartu \u00dclikooli veebi\u00f5pik: anal\u00fc\u00fcsimeetodid, hindamine, k\u00fcsitlusuuringud jm.<\/p>\n\n\n\n<p><a href=\"https:\/\/tekstiks.ee\/\">Tekstiks<\/a><br>Rakendus eestikeelsete helisalvestiste automaatseks transkibeerimiseks, Tallinna Tehnika\u00fclikool.<\/p>\n\n\n\n<h2 class=\"wp-block-heading has-medium-font-size\">E-dissertatsioonid:<\/h2>\n\n\n\n<p>Estonian Business School<br><a href=\"http:\/\/www.lugeja.ee\/\">EBSi raamatukogu e-kataloog<\/a><\/p>\n\n\n\n<p>EBSis kaitstud bakalaureuse- ja magistrit\u00f6\u00f6de otsingul valida teaviku laad &#8211; K\u00e4sikiri, l\u00f5put\u00f6\u00f6de e-versiooni otsimiseks valida teaviku laad &#8211; V\u00f5rguv\u00e4ljaanne.<br>EBSis kaitstud&nbsp;<a href=\"https:\/\/students.ebs.ee\/et\/doctoral-theses\/\" target=\"_blank\" rel=\"noreferrer noopener\">doktorit\u00f6\u00f6de nimekiri<\/a>.<\/p>\n\n\n\n<p><a href=\"http:\/\/www.ester.ee\/\">ESTER<\/a><br>Eesti raamatukogude e-kataloog. Eesti Maa\u00fclikoolis, Eesti Kunstiakadeemias, Eesti Muusika- ja Teatriakadeemias, Tallinna Tehnika\u00fclikoolis, Tallinna \u00dclikoolis, Tartu \u00dclikoolis, Balti Kaitsekolled\u017eis kaitstud dissertatsioonid. Osaliselt k\u00e4ttesaadavad v\u00f5rguv\u00e4ljaannetena.<\/p>\n\n\n\n<p><a href=\"https:\/\/digi.lib.ttu.ee\/\">Digikogu<\/a><br>Tallinna Tehnika\u00fclikooli dissertatsioonide digikogu.<br><br><a href=\"http:\/\/www.etera.ee\/browse\">ETERA<\/a><br>Tallinna \u00dclikooli dissertatsioonide, v\u00e4ljaannete\u00a0repositoorium<br>\u00a0<br><a href=\"https:\/\/dspace.ut.ee\/home\">ADA<\/a><br>Tartu \u00dclikooli digitaalarhiiv ADA, dissertatsioonid, e-\u00f5ppematerjalid.<\/p>\n\n\n\n<h3 class=\"wp-block-heading\">E-dissertatsioonid v\u00e4lis\u00fclikoolides:<\/h3>\n\n\n\n<p><a href=\"https:\/\/www.dart-europe.org\/basic-search.php\">DART-Europe<\/a><br>Euroopa dissertatsioonide portaal.<\/p>\n\n\n\n<p><a href=\"https:\/\/www.diva-portal.org\/smash\/search.jsf?dswid=45\">DiVA<\/a><br>Academic Archive online. Skandinaavia \u00fclikoolides kaitstud bakalaureuse-, magistri- ja doktorit\u00f6\u00f6d.<\/p>\n\n\n\n<p><a href=\"http:\/\/oaister.worldcat.org\/\">OAIster<\/a><br>\u00dclemaailmne Digiarhiivide \u00dchendus. E-dissertatsioonid, uurimist\u00f6\u00f6d, konverentside materjalid.&nbsp;<\/p>\n\n\n\n<p><a href=\"https:\/\/oatd.org\/\">OATD<\/a><br>Open Access Theses and Dissertations, dissertatsioonide repositoorium.<\/p>\n\n\n\n<p><strong>E-dissertatsioonid Soome \u00fclikoolides:<\/strong><\/p>\n\n\n\n<p><a href=\"https:\/\/aaltodoc.aalto.fi\/handle\/123456789\/5\">Aalto \u00dclikooli e-dissertatsioonid<\/a><br>&nbsp;<\/p>\n\n\n\n<p><a href=\"http:\/\/ethesis.helsinki.fi\/en\">Helsingi \u00dclikooli e-dissertatsioonid<\/a><br>&nbsp;<\/p>\n\n\n\n<p><a href=\"https:\/\/trepo.tuni.fi\/\">Trepo &#8211; Tampere \u00dclikooli e-dissertatsioonid<\/a>.<\/p>\n\n\n\n<p><a href=\"https:\/\/www.utupub.fi\/?locale=len\">Turku \u00dclikooli e-dissertatsioonid<\/a><\/p>\n","protected":false},"excerpt":{"rendered":"<p>Teadusportaalid: BASEBielefeld Academic Search Engine v\u00f5imaldab otsida internetist teadusinfot,&nbsp;v\u00e4itekirju, artikleid, uurimusi erinevatest digiarhiividest, osaliselt k\u00e4ttesaadavad t\u00e4istekstidena. CORDISCommunity Research &amp; Development Information Service. Euroopa Liidu teadus- ja arendustegevuse infokeskuse andmebaasid, teenused, programmid, uuringud, publikatsioonid, liikmesriikide info teadustegevuse kohta. EASEEuropean Association of Science Editors statement on impact factors. Eesti Rahvusraamatukogu otsinguportaalPortaal sisaldab e-raamatuid, e-ajakirju, litsentsiandmebaase&nbsp;jne.&nbsp;Registreerimine&nbsp;ID-kaardi v\u00f5i Mobiil-IDga&#8230;.<\/p>\n","protected":false},"author":723,"featured_media":0,"parent":11086,"menu_order":1,"comment_status":"closed","ping_status":"closed","template":"","meta":{"_eb_attr":"","footnotes":""},"categories":[64],"semester":[],"campus":[],"class_list":["post-11112","page","type-page","status-publish","hentry","category-raamatukogu"],"acf":[],"_links":{"self":[{"href":"https:\/\/students.ebs.ee\/et\/wp-json\/wp\/v2\/pages\/11112","targetHints":{"allow":["GET"]}}],"collection":[{"href":"https:\/\/students.ebs.ee\/et\/wp-json\/wp\/v2\/pages"}],"about":[{"href":"https:\/\/students.ebs.ee\/et\/wp-json\/wp\/v2\/types\/page"}],"author":[{"embeddable":true,"href":"https:\/\/students.ebs.ee\/et\/wp-json\/wp\/v2\/users\/723"}],"replies":[{"embeddable":true,"href":"https:\/\/students.ebs.ee\/et\/wp-json\/wp\/v2\/comments?post=11112"}],"version-history":[{"count":8,"href":"https:\/\/students.ebs.ee\/et\/wp-json\/wp\/v2\/pages\/11112\/revisions"}],"predecessor-version":[{"id":12414,"href":"https:\/\/students.ebs.ee\/et\/wp-json\/wp\/v2\/pages\/11112\/revisions\/12414"}],"up":[{"embeddable":true,"href":"https:\/\/students.ebs.ee\/et\/wp-json\/wp\/v2\/pages\/11086"}],"wp:attachment":[{"href":"https:\/\/students.ebs.ee\/et\/wp-json\/wp\/v2\/media?parent=11112"}],"wp:term":[{"taxonomy":"category","embeddable":true,"href":"https:\/\/students.ebs.ee\/et\/wp-json\/wp\/v2\/categories?post=11112"},{"taxonomy":"semester","embeddable":true,"href":"https:\/\/students.ebs.ee\/et\/wp-json\/wp\/v2\/semester?post=11112"},{"taxonomy":"campus","embeddable":true,"href":"https:\/\/students.ebs.ee\/et\/wp-json\/wp\/v2\/campus?post=11112"}],"curies":[{"name":"wp","href":"https:\/\/api.w.org\/{rel}","templated":true}]}}