{"id":11110,"date":"2025-09-11T15:22:15","date_gmt":"2025-09-11T12:22:15","guid":{"rendered":"https:\/\/students.ebs.ee\/?page_id=11110"},"modified":"2025-09-11T15:22:16","modified_gmt":"2025-09-11T12:22:16","slug":"rahandus-pangandus","status":"publish","type":"page","link":"https:\/\/students.ebs.ee\/et\/raamatukogu\/teemavarav\/rahandus-pangandus\/","title":{"rendered":"Rahandus. Pangandus"},"content":{"rendered":"\n<h3 class=\"wp-block-heading\">Teatmematerjalid:<\/h3>\n\n\n\n<p><a href=\"http:\/\/people.duke.edu\/~charvey\/Classes\/wpg\/glossary.htm\">Campbell R. Harvey\u2019s Hypertextual Finance Glossary<\/a><br>Rahandusterminite s\u00f5nastik.<\/p>\n\n\n\n<p><a href=\"http:\/\/www.imf.org\/external\/np\/term\/eng\/index.htm\">Multilingual IMF Monetary Terminology<\/a><br>Rahvusvahelise Valuutafondi poolt koostatud saksa-, inglise-, hispaania-, prantsuse-, portugalikeelne rahandusterminite s\u00f5nastik.<\/p>\n\n\n\n<h3 class=\"wp-block-heading\">Lingid:<\/h3>\n\n\n\n<p><a href=\"https:\/\/www.bis.org\/\">Bank for International Settlements (BIS)<\/a><br>Rahvusvahelise Arvelduspanga (BIS)&nbsp;veebisait sisaldab informatsiooni organisatsiooni ja keskpankade kohta, linke, foorumeid, publikatsioone, toimetisi ja statistikat.<\/p>\n\n\n\n<p><a href=\"http:\/\/money.cnn.com\/\">CNN Money<\/a><br>Rahandusteemaline portaal.<\/p>\n\n\n\n<p><a href=\"https:\/\/www.eestipank.ee\/\">Eesti Pank<\/a><br>Eesti Panga v\u00e4ljaanded, \u00fclevaade rahas\u00fcsteemidest, uuringud, majandus\u00fclevaated, s\u00f5nastik.<\/p>\n\n\n\n<p><a href=\"https:\/\/minuraha.ee\/et\/publikatsioonid\/finantsaabits\">Finantsaabits. Rahaasjade korraldamise k\u00e4siraamat<\/a><br>Minuraha.ee. Finantsinspektsiooni ja NASDAQ OMX Tallinna b\u00f6rsi koost\u00f6\u00f6s ilmunud&nbsp;e-raamat.<\/p>\n\n\n\n<p><a href=\"https:\/\/www.palk.ee\/\">Palk.ee<\/a><br>Portaal palga, t\u00f6\u00f6tasu arvutamise kohta.<\/p>\n\n\n\n<p><a href=\"https:\/\/www.suomenpankki.fi\/fi\/\">Suomen Pankki<\/a><br>Soome Panga v\u00e4ljaanded, \u00fclevaade rahas\u00fcsteemidest, uuringud. Soome, inglise ja rootsi keeles.<\/p>\n\n\n\n<p><a href=\"https:\/\/openknowledge.worldbank.org\/\">The World Bank Open Knowledge Repository (OKR)<\/a><br>Maailmapanga uuringute ja teadusartiklite avatud juurdep\u00e4\u00e4suga repositoorium.<\/p>\n\n\n\n<p><a href=\"http:\/\/web.utk.edu\/~jwachowi\/wacho_world.html\">Washowicz`s Web World<\/a><br>Finantsjuhtimise \u00f5pikul baseeruv veebisait \u00fcli\u00f5pilastele.<\/p>\n\n\n\n<h3 class=\"wp-block-heading\">Investeeringud, lingid:<\/h3>\n\n\n\n<p><a href=\"https:\/\/www.bloomberg.com\/europe\">Bloomberg<\/a><br>Investeerimisportaal, uudised, aktsiahinnad, graafikud.<\/p>\n\n\n\n<p><a href=\"https:\/\/www.ft.com\/markets\">FT Investor<\/a><br>Financial Times\u00b4i investeerimisportaal.<\/p>\n\n\n\n<p><a href=\"https:\/\/www.investopedia.com\/\">Investopedia.com<\/a><br>Investeerimisalased \u00f5ppematerjalid, s\u00f5nastik, artiklid.<\/p>\n\n\n\n<p><a href=\"http:\/\/roosaare.com\/\">Jaak Roosaare veebisait<\/a><br>Jaak Roosaare investeerimisalased e-raamatud, lingid.<\/p>\n\n\n\n<p><a href=\"https:\/\/fp.lhv.ee\/academy\/books?locale=et\">LHV raamatukogu<\/a><br>Investeerimisalane kirjandus.<\/p>\n\n\n\n<p><a href=\"https:\/\/fp.lhv.ee\/academy\/investmentguide?locale=et\">LHV investeerimis\u00f5pik<\/a><\/p>\n\n\n\n<p><a href=\"https:\/\/fp.lhv.ee\/academy\/videoschool\">LHV Investeerimiskooli videod<\/a><\/p>\n\n\n\n<p><a href=\"http:\/\/www.nasdaqbaltic.com\/market\/\">Nasdaq<\/a><br>Maailma suurim v\u00e4\u00e4rtpaberib\u00f6rs.<\/p>\n\n\n\n<p><a href=\"https:\/\/nasdaqcsd.com\/\">Nasdaq CSD SE<\/a><\/p>\n\n\n\n<p>Nasdaq CSD SE on Baltikumi regionaalne v\u00e4\u00e4rtpaberite keskdepositoorium.<\/p>\n\n\n\n<p><a href=\"https:\/\/www.world-exchanges.org\/\">World Federation of Exchanges<\/a><br>Rahvusvaheline B\u00f6rside Liit.<\/p>\n","protected":false},"excerpt":{"rendered":"<p>Teatmematerjalid: Campbell R. Harvey\u2019s Hypertextual Finance GlossaryRahandusterminite s\u00f5nastik. Multilingual IMF Monetary TerminologyRahvusvahelise Valuutafondi poolt koostatud saksa-, inglise-, hispaania-, prantsuse-, portugalikeelne rahandusterminite s\u00f5nastik. Lingid: Bank for International Settlements (BIS)Rahvusvahelise Arvelduspanga (BIS)&nbsp;veebisait sisaldab informatsiooni organisatsiooni ja keskpankade kohta, linke, foorumeid, publikatsioone, toimetisi ja statistikat. CNN MoneyRahandusteemaline portaal. Eesti PankEesti Panga v\u00e4ljaanded, \u00fclevaade rahas\u00fcsteemidest, uuringud, majandus\u00fclevaated, s\u00f5nastik. Finantsaabits&#8230;.<\/p>\n","protected":false},"author":723,"featured_media":0,"parent":11086,"menu_order":1,"comment_status":"closed","ping_status":"closed","template":"","meta":{"_eb_attr":"","footnotes":""},"categories":[64],"semester":[],"campus":[],"class_list":["post-11110","page","type-page","status-publish","hentry","category-raamatukogu"],"acf":[],"_links":{"self":[{"href":"https:\/\/students.ebs.ee\/et\/wp-json\/wp\/v2\/pages\/11110","targetHints":{"allow":["GET"]}}],"collection":[{"href":"https:\/\/students.ebs.ee\/et\/wp-json\/wp\/v2\/pages"}],"about":[{"href":"https:\/\/students.ebs.ee\/et\/wp-json\/wp\/v2\/types\/page"}],"author":[{"embeddable":true,"href":"https:\/\/students.ebs.ee\/et\/wp-json\/wp\/v2\/users\/723"}],"replies":[{"embeddable":true,"href":"https:\/\/students.ebs.ee\/et\/wp-json\/wp\/v2\/comments?post=11110"}],"version-history":[{"count":1,"href":"https:\/\/students.ebs.ee\/et\/wp-json\/wp\/v2\/pages\/11110\/revisions"}],"predecessor-version":[{"id":11111,"href":"https:\/\/students.ebs.ee\/et\/wp-json\/wp\/v2\/pages\/11110\/revisions\/11111"}],"up":[{"embeddable":true,"href":"https:\/\/students.ebs.ee\/et\/wp-json\/wp\/v2\/pages\/11086"}],"wp:attachment":[{"href":"https:\/\/students.ebs.ee\/et\/wp-json\/wp\/v2\/media?parent=11110"}],"wp:term":[{"taxonomy":"category","embeddable":true,"href":"https:\/\/students.ebs.ee\/et\/wp-json\/wp\/v2\/categories?post=11110"},{"taxonomy":"semester","embeddable":true,"href":"https:\/\/students.ebs.ee\/et\/wp-json\/wp\/v2\/semester?post=11110"},{"taxonomy":"campus","embeddable":true,"href":"https:\/\/students.ebs.ee\/et\/wp-json\/wp\/v2\/campus?post=11110"}],"curies":[{"name":"wp","href":"https:\/\/api.w.org\/{rel}","templated":true}]}}