{"id":11108,"date":"2025-09-11T15:21:32","date_gmt":"2025-09-11T12:21:32","guid":{"rendered":"https:\/\/students.ebs.ee\/?page_id=11108"},"modified":"2025-09-11T15:21:32","modified_gmt":"2025-09-11T12:21:32","slug":"psuhholoogia-sotsioloogia","status":"publish","type":"page","link":"https:\/\/students.ebs.ee\/et\/raamatukogu\/teemavarav\/psuhholoogia-sotsioloogia\/","title":{"rendered":"Ps\u00fchholoogia. Sotsioloogia"},"content":{"rendered":"\n<h3 class=\"wp-block-heading\">Teatmematerjalid:<\/h3>\n\n\n\n<p><a href=\"http:\/\/www.psychology.org\/\">Encyclopaedia Psychology<\/a><br>Ps\u00fchholoogiaalased m\u00f5isted.<\/p>\n\n\n\n<p><a href=\"https:\/\/bitbucket.icaap.org\/dict.pl\">Online Dictionary of the Social Sciences<\/a><br>Sotsiaalteaduste alane s\u00f5nastik sisaldab \u00fcle 1000 termini sotsioloogia, kriminoloogia ja poliitika valdkonnast.<\/p>\n\n\n\n<p><a href=\"http:\/\/datadoi.ut.ee\/handle\/33\/27\">Eesti Sotsiaalteaduslik Andmearhiiv ESTA<\/a><br>Temaatilised andmebaasid: k\u00f5rgharidusuuringute andmebaas 2000-2009; Eesti vanemad sotsiaaluuringud.<\/p>\n\n\n\n<p><a href=\"http:\/\/samm.ut.ee\/\">Sotsiaalse anal\u00fc\u00fcsi meetodite ja metodoloogia \u00f5pibaas (SAMM)<\/a><br>Sotsiaalteaduslike andmekogumise ja -anal\u00fc\u00fcsi meetodite ning vahendite veebi\u00f5pik.<\/p>\n\n\n\n<p><a href=\"http:\/\/dspace.ut.ee\/handle\/10062\/36419\">\u00d5unapuu, L. 2014. Kvalitatiivne ja kvantitatiivne uurimisviis sotsiaalteadustes<\/a>&nbsp;: [V\u00f5rguteavik]. Tartu : Tartu \u00dclikool.<\/p>\n\n\n\n<h3 class=\"wp-block-heading\">Lingid:<\/h3>\n\n\n\n<p><a href=\"http:\/\/faculty.trinity.edu\/mkearl\/\">A Sociological Tour Through the Cyberspace<\/a><br>Sotsioloogia alane teemav\u00e4rav sisaldab linke, esseid, teooriaid, statistikat, juhendeid.<\/p>\n\n\n\n<p><a href=\"http:\/\/www.pearltrees.com\/u\/23771333-dead-sociologists-index\">Dead Sociologists Index<\/a><br>Tuntud sotsioloogide elu ja teadust\u00f6\u00f6de tutvustused.<\/p>\n\n\n\n<p><a href=\"https:\/\/www.humanprogress.org\/\">HumanProgress.org<\/a><br>Interaktiivsed diagrammid, kaardid ja andmekogud annavad \u00fclevaate elukvaliteedi paranemisest erinevates maailma riikides.<\/p>\n\n\n\n<p><a href=\"http:\/\/www.praxis.ee\/\">Poliitkauuringute Keskus PRAXIS<\/a><br>Veebisait sisaldab anal\u00fc\u00fcse, uuringuid ja e-raamatuid innovatsioonipoliitika, hariduspoliitika, t\u00f6\u00f6- ja sotsiaalpoliitika, avaliku halduse poliitika valdkondades. Eesti, inglise ja vene keeles.<\/p>\n\n\n\n<p><a href=\"http:\/\/www.smartscholar.com\/psychology-guide\/\">Psychology Education Resource Guide<\/a><br>Lingikogu ps\u00fchholoogia ajaloo, ps\u00fchholoogia \u00f5petamise ja \u00f5ppimise kohta.<\/p>\n\n\n\n<p><a href=\"https:\/\/www.6seconds.org\/\">Six Seconds : the Emotional Intelligence Network<\/a><\/p>\n\n\n\n<p>Emotsionaalse intelligentsuse teemaga seotud lingikogu.<\/p>\n\n\n\n<h1 class=\"wp-block-heading\"><a href=\"http:\/\/www.socialpsychology.org\/\">Social Psychology Network<\/a><br>Sotsiaalps\u00fchholoogiaalane andmebaas.<\/h1>\n\n\n\n<h3 class=\"wp-block-heading\">Vaimne tervis:<\/h3>\n\n\n\n<p><a href=\"http:\/\/peaasi.ee\/\">Peaasi.ee<\/a><br>Vaimse tervise hoidmise alased n\u00f5uanded, testid, videod, podcast`id, t\u00f6\u00f6vihikud, kontaktid. Eesti, inglise ja vene keeles.<\/p>\n\n\n\n<p><a href=\"https:\/\/www.minudoc.ee\/\">Minu.doc<\/a><br>Arstide videokonsultatsioonid, n\u00f5uanded, blogid vaimse tervise hoidmiseks. Eesti, inglise ja vene keeles.<br>&nbsp;<\/p>\n\n\n\n<p><a href=\"https:\/\/www.palunabi.ee\/vaimne-tervis\">Palunabi<\/a><br>N\u00f5ustamisteenus. Eesti, inglise ja vene keeles.<\/p>\n\n\n\n<p><a href=\"https:\/\/vaikuseminutid.ee\/\">Vaikuseminutid<\/a><br>N\u00f5uanded, harjutused, videod meelerahu ja tasakaalu kasvatamiseks.<\/p>\n\n\n\n<p><a href=\"https:\/\/www.moodflow.co\/\">Moodlfow<\/a><br>Vaimse tervise \u00e4pp.<\/p>\n","protected":false},"excerpt":{"rendered":"<p>Teatmematerjalid: Encyclopaedia PsychologyPs\u00fchholoogiaalased m\u00f5isted. Online Dictionary of the Social SciencesSotsiaalteaduste alane s\u00f5nastik sisaldab \u00fcle 1000 termini sotsioloogia, kriminoloogia ja poliitika valdkonnast. Eesti Sotsiaalteaduslik Andmearhiiv ESTATemaatilised andmebaasid: k\u00f5rgharidusuuringute andmebaas 2000-2009; Eesti vanemad sotsiaaluuringud. Sotsiaalse anal\u00fc\u00fcsi meetodite ja metodoloogia \u00f5pibaas (SAMM)Sotsiaalteaduslike andmekogumise ja -anal\u00fc\u00fcsi meetodite ning vahendite veebi\u00f5pik. \u00d5unapuu, L. 2014. Kvalitatiivne ja kvantitatiivne uurimisviis sotsiaalteadustes&nbsp;: [V\u00f5rguteavik]&#8230;.<\/p>\n","protected":false},"author":723,"featured_media":0,"parent":11086,"menu_order":1,"comment_status":"closed","ping_status":"closed","template":"","meta":{"_eb_attr":"","footnotes":""},"categories":[64],"semester":[],"campus":[],"class_list":["post-11108","page","type-page","status-publish","hentry","category-raamatukogu"],"acf":[],"_links":{"self":[{"href":"https:\/\/students.ebs.ee\/et\/wp-json\/wp\/v2\/pages\/11108","targetHints":{"allow":["GET"]}}],"collection":[{"href":"https:\/\/students.ebs.ee\/et\/wp-json\/wp\/v2\/pages"}],"about":[{"href":"https:\/\/students.ebs.ee\/et\/wp-json\/wp\/v2\/types\/page"}],"author":[{"embeddable":true,"href":"https:\/\/students.ebs.ee\/et\/wp-json\/wp\/v2\/users\/723"}],"replies":[{"embeddable":true,"href":"https:\/\/students.ebs.ee\/et\/wp-json\/wp\/v2\/comments?post=11108"}],"version-history":[{"count":1,"href":"https:\/\/students.ebs.ee\/et\/wp-json\/wp\/v2\/pages\/11108\/revisions"}],"predecessor-version":[{"id":11109,"href":"https:\/\/students.ebs.ee\/et\/wp-json\/wp\/v2\/pages\/11108\/revisions\/11109"}],"up":[{"embeddable":true,"href":"https:\/\/students.ebs.ee\/et\/wp-json\/wp\/v2\/pages\/11086"}],"wp:attachment":[{"href":"https:\/\/students.ebs.ee\/et\/wp-json\/wp\/v2\/media?parent=11108"}],"wp:term":[{"taxonomy":"category","embeddable":true,"href":"https:\/\/students.ebs.ee\/et\/wp-json\/wp\/v2\/categories?post=11108"},{"taxonomy":"semester","embeddable":true,"href":"https:\/\/students.ebs.ee\/et\/wp-json\/wp\/v2\/semester?post=11108"},{"taxonomy":"campus","embeddable":true,"href":"https:\/\/students.ebs.ee\/et\/wp-json\/wp\/v2\/campus?post=11108"}],"curies":[{"name":"wp","href":"https:\/\/api.w.org\/{rel}","templated":true}]}}