{"id":11106,"date":"2025-09-11T15:20:43","date_gmt":"2025-09-11T12:20:43","guid":{"rendered":"https:\/\/students.ebs.ee\/?page_id=11106"},"modified":"2026-01-12T11:16:31","modified_gmt":"2026-01-12T08:16:31","slug":"informaatika-matemaatika-statistika","status":"publish","type":"page","link":"https:\/\/students.ebs.ee\/et\/raamatukogu\/teemavarav\/informaatika-matemaatika-statistika\/","title":{"rendered":"Informaatika. Matemaatika. Statistika"},"content":{"rendered":"\n<h3 class=\"wp-block-heading\">Teatmematerjalid:<\/h3>\n\n\n\n<p><a href=\"https:\/\/www.teatmik.ee\/\">E-teatmik<\/a><br>Inglise-eesti info- ja sidetehnoloogia terminite seletav s\u00f5naraamat.<\/p>\n\n\n\n<p><a href=\"http:\/\/foldoc.org\/\">FOLDOC<\/a><br>Free online dictionary of computing. Vabalt k\u00e4ttesaadav arvutialane s\u00f5naraamat.<\/p>\n\n\n\n<p><a href=\"http:\/\/www.cryer.co.uk\/glossary\/\">Glossary of IT Terms with Links<\/a><br>Infoloogiaalased terminid.<\/p>\n\n\n\n<p><a href=\"https:\/\/www.cut-the-knot.org\/glossary\/atop.shtml\">Glossary of Mathematics<\/a><br>Matemaatikaterminid ja m\u00f5isted.<\/p>\n\n\n\n<p><a href=\"http:\/\/www.keeleveeb.ee\/\">Keeleveeb<\/a><br>Matemaatika s\u00f5nastik, arvutis\u00f5nastik,&nbsp;IT terministandardi s\u00f5nastik.<\/p>\n\n\n\n<p><a href=\"https:\/\/www.taskutark.ee\/aine\/matemaatika\/\">Taskutark<\/a><\/p>\n\n\n\n<p>Matemaatikaalased lingid.<\/p>\n\n\n\n<p><a href=\"https:\/\/www.youtube.com\/results?search_query=matemaatika\">Video\u00f5ps<\/a><br>Abiks matemaatika eksamiks valmistujaile : Delfi.<\/p>\n\n\n\n<h3 class=\"wp-block-heading\">Lingid:<\/h3>\n\n\n\n<p><a href=\"http:\/\/hdl.handle.net\/10062\/39488\">Aru, J., Korjus, K., Saar, E. 2017. Matemaatika \u00f5htu\u00f5pik<\/a><a href=\"https:\/\/ohtuopik.ut.ee\/\">.<\/a>&nbsp;Tallinn : Hea Lugu.<\/p>\n\n\n\n<p><a href=\"https:\/\/cyber.ee\/\">Cybernetica<\/a><br>IKT valdkonna teadus-arendusettev\u00f5te, infoturbealane kompetentsikeskus. Eesti ja inglise keeles.<\/p>\n\n\n\n<p><a href=\"http:\/\/www.december.com\/cmc\/\">CMC Information Sources<\/a><br>Arvutialased infoallikad ja terminoloogia Internetis.<\/p>\n\n\n\n<p><a href=\"http:\/\/www.internet.ee\/\">Domeeni otsing<\/a><br>Eesti Internet SA kodulehek\u00fclg. Eesti, inglise ja vene keeles.<\/p>\n\n\n\n<p><a href=\"https:\/\/www.excel-easy.com\/\">Excel Easy<\/a><br>Exceli \u00f5piobjekt, inglise keeles.<\/p>\n\n\n\n<p><a href=\"http:\/\/www.mathema.ee\/lingid\/\">Mathema<\/a><br>Matemaatikaalased lingid, testid jm.<\/p>\n\n\n\n<p><a href=\"https:\/\/www.techopedia.com\/\">Techopedia<\/a><br>Infotehnoloogia alane veebisait, terminid, artiklid jm.<\/p>\n\n\n\n<h3 class=\"wp-block-heading\">Tehisintellekt, lingid:<\/h3>\n\n\n\n<p><a href=\"https:\/\/chat.openai.com\/auth\/login\">ChatGPT&nbsp;<\/a><br>Tehisintellekti veebisait.<\/p>\n\n\n\n<p><a href=\"https:\/\/op.europa.eu\/en\/publication-detail\/-\/publication\/d81a0d54-5348-11ed-92ed-01aa75ed71a1\/language-en\">European Commission, Ethical guidelines on the use of artificial intelligence (AI) and data in teaching and learning for educators<\/a><br>Ingliskeelne Euroopa Komisjoni juhend.<\/p>\n\n\n\n<p><a href=\"https:\/\/hm.ee\/sites\/default\/files\/documents\/2023-03\/ChatGPT%20ja%20kool%20UUS_1.pd\">Eesti Haridus- ja Teadusministeerium: ChatGPT ja kool: suuniseid tekstirobotite kasutamiseks hariduses, 2023.<\/a><br>&nbsp;<\/p>\n\n\n\n<p><a href=\"https:\/\/dianapoudel.ee\/ajaveeb\/\">Diana Poudel`i ajaveeb<\/a><\/p>\n\n\n\n<p>Nipid tehisintellekti kasutamiseks \u00f5petamiseks ja \u00f5ppimiseks.<\/p>\n\n\n\n<p><a href=\"https:\/\/www.diginipid.ee\/\">Piret Lehiste veebisait Nipitiri Diginipid<\/a><\/p>\n\n\n\n<p>Soovitused tehisintellekti kasutamiseks.<\/p>\n\n\n\n<p><a href=\"https:\/\/oppevara.tlu.ee\/node\/90#h5pbookid=90&amp;chapter=h5p-interactive-book-chapter-e4151e0f-78a2-4796-9024-e5c9a7224700&amp;section=0\">Tallinna \u00dclikooli \u00f5ppematerjal \u201cTehisintellekt \u00f5ppet\u00f6\u00f6s\u201d&nbsp;<\/a><a href=\"https:\/\/dianapoudel.ee\/ajaveeb\/\"><\/a><\/p>\n\n\n\n<h3 class=\"wp-block-heading\">Statistika, lingid:<\/h3>\n\n\n\n<p><a href=\"https:\/\/www.eestipank.ee\/statistika\">Eesti Pank<\/a><br>Eesti Panga v\u00e4ljaanded, statistilised andmed, majandus\u00fclevaated, s\u00f5nastik. Eesti ja inglise keeles.<\/p>\n\n\n\n<p><a href=\"http:\/\/www.stat.ee\/\">Eesti statistika<\/a><br>Statistikaameti andmebaas, v\u00e4ljaanded. Eesti ja inglise keeles.<\/p>\n\n\n\n<p><a href=\"https:\/\/www.stat.ee\/et\/avasta-statistikat\/rakendused\">Eesti statistika interaktiivsed rakendused<\/a><\/p>\n\n\n\n<p>Interaktiivsed&nbsp;rakendused erinevatel teemadel,&nbsp;majandus, v\u00e4liskaubandus, t\u00f6\u00f6turg&nbsp; jne.<\/p>\n\n\n\n<p><a href=\"http:\/\/ec.europa.eu\/eurostat\">EUROSTAT<\/a><\/p>\n\n\n\n<p>The Statistical Office of the European Communities<br>Euroopa Liidu statistikaamet, riikide statistika valdkondade kaupa. Inglise, prantsuse ja saksa keeles.<\/p>\n\n\n\n<p><a href=\"https:\/\/www.bls.gov\/fls\/home.htm\">International Labor Statistics<\/a><br>V\u00f5imalik koostada v\u00f5rdlevat riikide t\u00f6\u00f6j\u00f5u-, t\u00f6\u00f6h\u00f5ive- ja tarbimise statistikat.<\/p>\n\n\n\n<p><a href=\"https:\/\/www.oecd-ilibrary.org\/economics\/oecd360_24110701\">OECD360<\/a><br>Erinevate riikide anal\u00fc\u00fcsid, andmed, graafikud, nt Eesti, Soome, Belgia, Norra, Taani, Rootsi, Saksamaa jt Majanduskoost\u00f6\u00f6 ja Arengu Organisatsiooni OECD (Organisation for Economic Co-operation and Development) v\u00e4ljaannetest.<\/p>\n\n\n\n<p><a href=\"https:\/\/www.quandl.com\/\">Quandl<\/a><br>Erinevate riikide statistilised andmed, tabelid, diagrammid. Osaliselt tasuline.<\/p>\n\n\n\n<p><a href=\"http:\/\/www.stat.fi\/\">Soome statistika<\/a><br>Statistikaameti andmebaas, v\u00e4ljaanded. Inglise, soome, rootsi keeles.&nbsp;<a href=\"https:\/\/findikaattori.fi\/fi\">Findicator<\/a>.<\/p>\n\n\n\n<p><a href=\"https:\/\/blog.stat.ee\/\">Statistikablogi<\/a><br>Statistikaameti ajaveeb.<\/p>\n\n\n\n<p><a href=\"http:\/\/data.un.org\/\">UNdata<\/a><br>\u00dchinenud Rahvaste Organisatsiooni (\u00dcRO) statistikaportaal.<\/p>\n\n\n\n<p><a href=\"https:\/\/opendataforafrica.org\/atlas\">World Data Atlas<\/a><br>Erinevate riikide statistika, kaardid jm.<\/p>\n\n\n\n<p><a href=\"https:\/\/www.cia.gov\/the-world-factbook\/\">The World Factbook<\/a><br>The Central Intelligence Agency (CIA). Taustinfo maailma riikide kohta.<\/p>\n","protected":false},"excerpt":{"rendered":"<p>Teatmematerjalid: E-teatmikInglise-eesti info- ja sidetehnoloogia terminite seletav s\u00f5naraamat. FOLDOCFree online dictionary of computing. Vabalt k\u00e4ttesaadav arvutialane s\u00f5naraamat. Glossary of IT Terms with LinksInfoloogiaalased terminid. Glossary of MathematicsMatemaatikaterminid ja m\u00f5isted. KeeleveebMatemaatika s\u00f5nastik, arvutis\u00f5nastik,&nbsp;IT terministandardi s\u00f5nastik. Taskutark Matemaatikaalased lingid. Video\u00f5psAbiks matemaatika eksamiks valmistujaile : Delfi. Lingid: Aru, J., Korjus, K., Saar, E. 2017. Matemaatika \u00f5htu\u00f5pik.&nbsp;Tallinn : Hea&#8230;<\/p>\n","protected":false},"author":723,"featured_media":0,"parent":11086,"menu_order":1,"comment_status":"closed","ping_status":"closed","template":"","meta":{"_eb_attr":"","footnotes":""},"categories":[64],"semester":[],"campus":[],"class_list":["post-11106","page","type-page","status-publish","hentry","category-raamatukogu"],"acf":[],"_links":{"self":[{"href":"https:\/\/students.ebs.ee\/et\/wp-json\/wp\/v2\/pages\/11106","targetHints":{"allow":["GET"]}}],"collection":[{"href":"https:\/\/students.ebs.ee\/et\/wp-json\/wp\/v2\/pages"}],"about":[{"href":"https:\/\/students.ebs.ee\/et\/wp-json\/wp\/v2\/types\/page"}],"author":[{"embeddable":true,"href":"https:\/\/students.ebs.ee\/et\/wp-json\/wp\/v2\/users\/723"}],"replies":[{"embeddable":true,"href":"https:\/\/students.ebs.ee\/et\/wp-json\/wp\/v2\/comments?post=11106"}],"version-history":[{"count":2,"href":"https:\/\/students.ebs.ee\/et\/wp-json\/wp\/v2\/pages\/11106\/revisions"}],"predecessor-version":[{"id":12421,"href":"https:\/\/students.ebs.ee\/et\/wp-json\/wp\/v2\/pages\/11106\/revisions\/12421"}],"up":[{"embeddable":true,"href":"https:\/\/students.ebs.ee\/et\/wp-json\/wp\/v2\/pages\/11086"}],"wp:attachment":[{"href":"https:\/\/students.ebs.ee\/et\/wp-json\/wp\/v2\/media?parent=11106"}],"wp:term":[{"taxonomy":"category","embeddable":true,"href":"https:\/\/students.ebs.ee\/et\/wp-json\/wp\/v2\/categories?post=11106"},{"taxonomy":"semester","embeddable":true,"href":"https:\/\/students.ebs.ee\/et\/wp-json\/wp\/v2\/semester?post=11106"},{"taxonomy":"campus","embeddable":true,"href":"https:\/\/students.ebs.ee\/et\/wp-json\/wp\/v2\/campus?post=11106"}],"curies":[{"name":"wp","href":"https:\/\/api.w.org\/{rel}","templated":true}]}}