{"id":11104,"date":"2025-09-11T15:19:49","date_gmt":"2025-09-11T12:19:49","guid":{"rendered":"https:\/\/students.ebs.ee\/?page_id=11104"},"modified":"2026-01-12T11:12:21","modified_gmt":"2026-01-12T08:12:21","slug":"majandusarvestus","status":"publish","type":"page","link":"https:\/\/students.ebs.ee\/et\/raamatukogu\/teemavarav\/majandusarvestus\/","title":{"rendered":"Majandusarvestus"},"content":{"rendered":"\n<h3 class=\"wp-block-heading\">Teatmematerjalid:<\/h3>\n\n\n\n<p><a href=\"https:\/\/www.nysscpa.org\/professional-resources\/accounting-terminology-guide#sthash.33XP8BaW.dpbs\">Accounting terminology guide<\/a><br>Majandusarvestuse alased terminid.\u00a0<\/p>\n\n\n\n<p><a href=\"https:\/\/www.ais-cpa.com\/glosa\/\">Auditing Dictionary of Terms<\/a><br>Auditeerimise alased terminid.<\/p>\n\n\n\n<p><\/p>\n\n\n\n<h2 class=\"wp-block-heading\">Lingid:<\/h2>\n\n\n\n<p><a href=\"https:\/\/www.accountingdegreetoday.com\/\">Accounting Degree Today<\/a><br>Majandusarvestuse alased infoallikad: \u00fclikoolide nimekiri, karj\u00e4\u00e4ri v\u00f5imalused jne.<\/p>\n\n\n\n<p><a href=\"https:\/\/www.discoverbusiness.us\/education\/online-mba\/accounting\/\">Discover Business Online<\/a><br>Online Accounting Guide to MBA and Graduate Programs<br>Majandusarvestuse alased internetiallikad, v\u00e4lis\u00fclikoolide programmid jne.<\/p>\n\n\n\n<p><a href=\"http:\/\/www.eaa-online.org\/r\/eaa_home\">Euroopa Majandusarvestuse Assotsiatsioon (EAA)<\/a><br>European Accounting Association<\/p>\n\n\n\n<p><a href=\"https:\/\/www.rmp.ee\/\">Raamatupidamis- ja maksuinfoportaal<\/a><br>Eesti keeles.<\/p>\n\n\n\n<p><a href=\"https:\/\/www.raamatupidamise-abc.ee\/\">Raamatupidamise ABC<\/a><br>Praktilised n\u00f5uanded raamatupidajatele.<\/p>\n\n\n\n<p><a href=\"https:\/\/www.ifac.org\/\">Rahvusvahelise Majandusarvestuse F\u00f6deratsioon<\/a><br>International Federation of Accountants (IFAC)<\/p>\n\n\n\n<p><a href=\"https:\/\/raw.rutgers.edu\/\">Rutgers Accounting Network<\/a><br>Majandusarvestuse ja raamatupidamise alased infoallikad.<\/p>\n\n\n\n<p><a href=\"https:\/\/ec.europa.eu\/taxation_customs\/tin\/\">TIN on Europa<\/a><br>Portaal Euroopa Liidu riikide maksukohuslaste numbrite kontrollimiseks (TIN &#8211; Tax identification numbers). 22 keeles, sh eesti, inglise, soome jne.<\/p>\n\n\n\n<p><a href=\"https:\/\/www.rahandusministeerium.ee\/et\/easb\">Raamatupidamisstandardid<\/a><\/p>\n\n\n\n<p>Raamatupidamise Toimkonna juhendid, eeln\u00f5ud, seaduste t\u00e4istekstid.&nbsp;<\/p>\n","protected":false},"excerpt":{"rendered":"<p>Teatmematerjalid: Accounting terminology guideMajandusarvestuse alased terminid.\u00a0 Auditing Dictionary of TermsAuditeerimise alased terminid. Lingid: Accounting Degree TodayMajandusarvestuse alased infoallikad: \u00fclikoolide nimekiri, karj\u00e4\u00e4ri v\u00f5imalused jne. Discover Business OnlineOnline Accounting Guide to MBA and Graduate ProgramsMajandusarvestuse alased internetiallikad, v\u00e4lis\u00fclikoolide programmid jne. Euroopa Majandusarvestuse Assotsiatsioon (EAA)European Accounting Association Raamatupidamis- ja maksuinfoportaalEesti keeles. Raamatupidamise ABCPraktilised n\u00f5uanded raamatupidajatele. Rahvusvahelise Majandusarvestuse F\u00f6deratsioonInternational&#8230;<\/p>\n","protected":false},"author":723,"featured_media":0,"parent":11086,"menu_order":1,"comment_status":"closed","ping_status":"closed","template":"","meta":{"_eb_attr":"","footnotes":""},"categories":[64],"semester":[],"campus":[],"class_list":["post-11104","page","type-page","status-publish","hentry","category-raamatukogu"],"acf":[],"_links":{"self":[{"href":"https:\/\/students.ebs.ee\/et\/wp-json\/wp\/v2\/pages\/11104","targetHints":{"allow":["GET"]}}],"collection":[{"href":"https:\/\/students.ebs.ee\/et\/wp-json\/wp\/v2\/pages"}],"about":[{"href":"https:\/\/students.ebs.ee\/et\/wp-json\/wp\/v2\/types\/page"}],"author":[{"embeddable":true,"href":"https:\/\/students.ebs.ee\/et\/wp-json\/wp\/v2\/users\/723"}],"replies":[{"embeddable":true,"href":"https:\/\/students.ebs.ee\/et\/wp-json\/wp\/v2\/comments?post=11104"}],"version-history":[{"count":2,"href":"https:\/\/students.ebs.ee\/et\/wp-json\/wp\/v2\/pages\/11104\/revisions"}],"predecessor-version":[{"id":12415,"href":"https:\/\/students.ebs.ee\/et\/wp-json\/wp\/v2\/pages\/11104\/revisions\/12415"}],"up":[{"embeddable":true,"href":"https:\/\/students.ebs.ee\/et\/wp-json\/wp\/v2\/pages\/11086"}],"wp:attachment":[{"href":"https:\/\/students.ebs.ee\/et\/wp-json\/wp\/v2\/media?parent=11104"}],"wp:term":[{"taxonomy":"category","embeddable":true,"href":"https:\/\/students.ebs.ee\/et\/wp-json\/wp\/v2\/categories?post=11104"},{"taxonomy":"semester","embeddable":true,"href":"https:\/\/students.ebs.ee\/et\/wp-json\/wp\/v2\/semester?post=11104"},{"taxonomy":"campus","embeddable":true,"href":"https:\/\/students.ebs.ee\/et\/wp-json\/wp\/v2\/campus?post=11104"}],"curies":[{"name":"wp","href":"https:\/\/api.w.org\/{rel}","templated":true}]}}