{"id":11102,"date":"2025-09-11T15:19:06","date_gmt":"2025-09-11T12:19:06","guid":{"rendered":"https:\/\/students.ebs.ee\/?page_id=11102"},"modified":"2026-01-12T11:13:08","modified_gmt":"2026-01-12T08:13:08","slug":"majandus","status":"publish","type":"page","link":"https:\/\/students.ebs.ee\/et\/raamatukogu\/teemavarav\/majandus\/","title":{"rendered":"Majandus"},"content":{"rendered":"\n<h2 class=\"wp-block-heading\">Teatmeteosed:<\/h2>\n\n\n\n<p><a href=\"https:\/\/www.amosweb.com\/cgi-bin\/awb_nav.pl?s=gls\">AmosWeb ECONOMIC gloss*ARAMA<\/a><\/p>\n\n\n\n<p>Majandusterminite seletav s\u00f5naraamat.<\/p>\n\n\n\n<p><a href=\"https:\/\/reference.findlaw.com\/lawandeconomics.html\">Encyclopedia of Law and Economics<\/a><\/p>\n\n\n\n<p>\u00d5iguse ja majanduse ents\u00fcklopeedia.<\/p>\n\n\n\n<p><a href=\"https:\/\/www.prepagent.com\/real-estate-dictionary\">Real Estate Dictionaries<\/a><\/p>\n\n\n\n<p>Kinnisvaraalased s\u00f5naraamatud Internetis.<\/p>\n\n\n\n<h2 class=\"wp-block-heading\">Lingid:<\/h2>\n\n\n\n<p><a href=\"https:\/\/austrian-institute.org\/en\/\">Austrian Institute<\/a><br>Publikatsioonid, artiklid jm majandusteaduse ja filosoofia teemadel, Austria koolkond.<\/p>\n\n\n\n<p><a href=\"https:\/\/biznar.com\/biznar\/desktop\/en\/search.html\">Biznar<\/a><br>Majandusalane teemaportaal.<\/p>\n\n\n\n<p><a href=\"https:\/\/www.econbiz.de\/\">EconBiz<\/a><br>Majandusalane portaal, sh raamatud, e-ajakirjad jne. Inglise ja saksa keeles.<\/p>\n\n\n\n<p><a href=\"http:\/\/crl.du.ac.in\/Publication\/E-Resources%20in%20Public%20Domain-Final\/Economics\/Journals\/Economic%20journals%20on%20the%20web.htm\">Economic Journals on the Web&nbsp;<\/a><br>Majandusajakirjad Internetis.<\/p>\n\n\n\n<p><a href=\"https:\/\/www.economicsnetwork.ac.uk\/\">The Economics Network<\/a><br>Majandusalased e-raamatud, e-\u00f5ppe materjalid, Interneti-ressursid \u00f5ppej\u00f5ududele ja \u00fcli\u00f5pilastele.&nbsp;<\/p>\n\n\n\n<p><a href=\"https:\/\/haldus.eestipank.ee\/sites\/default\/files\/2022-05\/majandusbibliograafia_1918-1940.pdf\">\u201eEesti majandusajalugu 1918\u20131940 : bibliograafia&#8221;<\/a><br>Bibliograafia kajastab kirjutisi aastatel 1918-1940, mis on ilmunud kuni 2021. a l\u00f5puni.<\/p>\n\n\n\n<p><a href=\"https:\/\/ideas.repec.org\/\">IDEAS&nbsp;<\/a><br>Sisaldab ajakirjade artikleid, majandusteadlaste ja nende t\u00f6\u00f6de registrit ning institutsioonide aadresse riikide kaupa<\/p>\n\n\n\n<p><a href=\"https:\/\/historyofeconomicthought.mcmaster.ca\/\">McMaster University Archive for the History of Economic Thought\u00a0<\/a><br>T\u00e4htsamaid tekste majandusm\u00f5tte ajaloost. Lingikogu.<\/p>\n\n\n\n<p><a href=\"https:\/\/mises.org\/\">Mises Institute<\/a><br>Ludwig von Mises. Artiklid, publikatsioonid jm, Austria koolkond.<\/p>\n\n\n\n<p><a href=\"https:\/\/www.nobelprize.org\/\">Nobelprize.org<\/a><br>Nobeli preemiad, \u00fclevaated, biograafiad jm.<\/p>\n\n\n\n<p><a href=\"http:\/\/repec.org\/\">RePEc<\/a><br>Research Papers in Economics. Majandusalaste uurimist\u00f6\u00f6de, raamatute, ajakirjade, artiklite andmebaas, osaliselt k\u00e4ttesaadavad t\u00e4istekstid.<\/p>\n\n\n\n<p><a href=\"https:\/\/www.adamsmith.org\/\">The Adam Smith Institute \u00a0<\/a><br>Informatsioon Adam Smith\u00b4i ja tema teooriate ning nende t\u00f5lgenduste kohta.<\/p>\n","protected":false},"excerpt":{"rendered":"<p>Teatmeteosed: AmosWeb ECONOMIC gloss*ARAMA Majandusterminite seletav s\u00f5naraamat. Encyclopedia of Law and Economics \u00d5iguse ja majanduse ents\u00fcklopeedia. Real Estate Dictionaries Kinnisvaraalased s\u00f5naraamatud Internetis. Lingid: Austrian InstitutePublikatsioonid, artiklid jm majandusteaduse ja filosoofia teemadel, Austria koolkond. BiznarMajandusalane teemaportaal. EconBizMajandusalane portaal, sh raamatud, e-ajakirjad jne. Inglise ja saksa keeles. Economic Journals on the Web&nbsp;Majandusajakirjad Internetis. The Economics NetworkMajandusalased e-raamatud,&#8230;<\/p>\n","protected":false},"author":723,"featured_media":0,"parent":11086,"menu_order":1,"comment_status":"closed","ping_status":"closed","template":"","meta":{"_eb_attr":"","footnotes":""},"categories":[64],"semester":[],"campus":[],"class_list":["post-11102","page","type-page","status-publish","hentry","category-raamatukogu"],"acf":[],"_links":{"self":[{"href":"https:\/\/students.ebs.ee\/et\/wp-json\/wp\/v2\/pages\/11102","targetHints":{"allow":["GET"]}}],"collection":[{"href":"https:\/\/students.ebs.ee\/et\/wp-json\/wp\/v2\/pages"}],"about":[{"href":"https:\/\/students.ebs.ee\/et\/wp-json\/wp\/v2\/types\/page"}],"author":[{"embeddable":true,"href":"https:\/\/students.ebs.ee\/et\/wp-json\/wp\/v2\/users\/723"}],"replies":[{"embeddable":true,"href":"https:\/\/students.ebs.ee\/et\/wp-json\/wp\/v2\/comments?post=11102"}],"version-history":[{"count":2,"href":"https:\/\/students.ebs.ee\/et\/wp-json\/wp\/v2\/pages\/11102\/revisions"}],"predecessor-version":[{"id":12416,"href":"https:\/\/students.ebs.ee\/et\/wp-json\/wp\/v2\/pages\/11102\/revisions\/12416"}],"up":[{"embeddable":true,"href":"https:\/\/students.ebs.ee\/et\/wp-json\/wp\/v2\/pages\/11086"}],"wp:attachment":[{"href":"https:\/\/students.ebs.ee\/et\/wp-json\/wp\/v2\/media?parent=11102"}],"wp:term":[{"taxonomy":"category","embeddable":true,"href":"https:\/\/students.ebs.ee\/et\/wp-json\/wp\/v2\/categories?post=11102"},{"taxonomy":"semester","embeddable":true,"href":"https:\/\/students.ebs.ee\/et\/wp-json\/wp\/v2\/semester?post=11102"},{"taxonomy":"campus","embeddable":true,"href":"https:\/\/students.ebs.ee\/et\/wp-json\/wp\/v2\/campus?post=11102"}],"curies":[{"name":"wp","href":"https:\/\/api.w.org\/{rel}","templated":true}]}}