{"id":11100,"date":"2025-09-11T15:18:28","date_gmt":"2025-09-11T12:18:28","guid":{"rendered":"https:\/\/students.ebs.ee\/?page_id=11100"},"modified":"2025-09-11T15:18:28","modified_gmt":"2025-09-11T12:18:28","slug":"loodusteadused","status":"publish","type":"page","link":"https:\/\/students.ebs.ee\/et\/raamatukogu\/teemavarav\/loodusteadused\/","title":{"rendered":"Loodusteadused"},"content":{"rendered":"\n<h3 class=\"wp-block-heading\">Teatmematerjalid:<\/h3>\n\n\n\n<p><a href=\"https:\/\/www.biology-online.org\/dictionary\/\">Biology online<\/a><br>Bioloogia alane teemaportaal &#8211; s\u00f5naraamat, artiklid, \u00f5pijuhised.<\/p>\n\n\n\n<p><a href=\"https:\/\/envir.ee\/ringmajandus\/maapou\">Eesti maavarad<\/a><br>\u00dclevaade Eesti maavaradest, varudest ja kaevandamisest. Terminite seletused.<\/p>\n\n\n\n<p><a href=\"http:\/\/eol.org\/\">Encyclopaedia of Life (EOL)<\/a><br>Loodusteaduse alased terminid, lingikogu erinevate loodusteaduse alastele veebisaitidele.<\/p>\n\n\n\n<p><a href=\"https:\/\/xn--fsikaleksikon-woba.ee\/\">F\u00fc\u00fcsikaleksikon<\/a><br>Eesikeelne veebileksikon 700 f\u00fc\u00fcsika m\u00f5istele.<\/p>\n\n\n\n<p><a href=\"https:\/\/www.chemicum.com\/ava.htm\">Keemiavideod<\/a><\/p>\n\n\n\n<p>Chemicum.com.&nbsp;Uusi keemiavideosid teeb Superaccu O\u00dc. Uutel youtube videotel on ka eestikeelsed subtiitrid.<\/p>\n\n\n\n<p><a href=\"https:\/\/envir.ee\/\">Keskkonnaministeerium<\/a><br>Looduskaitse, loodus, keskkonnakasutus, kliima, ringmajandus.<\/p>\n\n\n\n<p><a href=\"https:\/\/keskkonnaportaal.ee\/\">Keskkonnaportaal<\/a><br>Keskkonnainfot sisaldav portaal.<\/p>\n\n\n\n<p><a href=\"http:\/\/looduskalender.ee\/n\/\">Looduskalender.ee<\/a><br>Looduskaamerad &#8211; kakukaamera, metsisekaamera, m\u00e4grakaamera, ilvesekaamera jne.<\/p>\n\n\n\n<p><a href=\"https:\/\/lhkeskus.ut.ee\/et\">Loodusteadusliku Hariduse Keskus<\/a><br>Tartu \u00dclikool.&nbsp;<\/p>\n\n\n\n<p><a href=\"https:\/\/lva.keskkonnainfo.ee\/\">Loodusvaatluste andmebaas<\/a><\/p>\n\n\n\n<h3 class=\"wp-block-heading\">Lingid:<\/h3>\n\n\n\n<p><a href=\"http:\/\/eestikalad.kalateave.ee\/\">Eesti kalad<\/a><br>Eesti kalade klassifikatsioon.<\/p>\n\n\n\n<p><a href=\"http:\/\/www.soo.ee\/\">Eesti sood<\/a><br>Eesti soid ja Rabivere raba tutvustav virtuaal\u00f5ppekeskkond&nbsp;<a href=\"http:\/\/rabivere.kohila.edu.ee\/sood-eestis\/\">Soode levik Eestis<\/a>.<\/p>\n\n\n\n<p><a href=\"https:\/\/www.eoy.ee\/\">Eesti Ornitoloogia\u00fching<\/a><\/p>\n\n\n\n<p>Eesti Ornitoloogia\u00fchingu veebileht. Ligip\u00e4\u00e4s ajalehele Hirundo ja teabelehele Tiirutaja.<\/p>\n\n\n\n<p><a href=\"https:\/\/vee.kogud.emu.ee\/\">Eesti veekogud<\/a><br>Veekogude t\u00e4hestikuline loetelu l\u00fchikirjeldustega.<\/p>\n\n\n\n<p><a href=\"https:\/\/www.muinsuskaitseamet.ee\/et\/ajaloolised-ja-looduslikud-puhapaigad\">Eestimaa looduslikud p\u00fchapaigad<\/a><\/p>\n\n\n\n<p><a href=\"https:\/\/education.nationalgeographic.org\/resource\/food-web\">Foodweb<\/a><br>Natioal Geographic veebisait.<\/p>\n\n\n\n<p><a href=\"http:\/\/www.loodusheli.ee\/\">Loodusheli &#8211; k\u00f5rv loodusesse<\/a><\/p>\n\n\n\n<p>Loomade, lindude, putukate esindajate ning&nbsp;helimaastike &#8211; &nbsp;metsad, roostik, mererannik, niidud, p\u00f5llud, linnad, k\u00fclad &#8211; h\u00e4\u00e4led.<\/p>\n\n\n\n<p><a href=\"https:\/\/keskkonnaharidus.ee\/et\/oppematerjalid\/laanemere-keskkond-toit-ja-tervis-harjumusest-teadlikkuseni-opetaja-kasiraamat\">L\u00e4\u00e4nemere keskkond<\/a><br>Keskkonnahariduse \u00f5ppematerjalid.<\/p>\n\n\n\n<p><a href=\"https:\/\/www.looduskalender.ee\/vana\/node\/4022.html\">Materjalimaailm<\/a><br>Looduskalender. Materjalin\u00e4idiste kogu sisaldab infot materjalide koostise ja ehituse, omaduste, saamisviiside ja rakenduste kohta.<\/p>\n\n\n\n<p><a href=\"https:\/\/e-koolikott.ee\/et\/oppematerjal\/6784-eLoodus\">eLoodus<\/a><br>E-koolikott platvormil olevad eestikeelsed digitaalsed materjalid looduse uurimise, loodushariduse ja loodushoiu kohta.<\/p>\n\n\n\n<h3 class=\"wp-block-heading\">\u00d5piobjektid:<\/h3>\n\n\n\n<p><a href=\"https:\/\/bio.edu.ee\/loomad\/\">Eesti selgroogsed<\/a><br>Tartu \u00dclikooli loodusteaduslikud mudelid.<\/p>\n\n\n\n<p><a href=\"https:\/\/e-koolikott.ee\/et\/oppematerjal\/28675-Eesti-taimede-levikuatlas\">Eesti taimede levikuatlas<\/a><\/p>\n\n\n\n<p>Tartu \u00dclikooli loodusteaduslikud mudelid, e-Koolikott.<\/p>\n\n\n\n<p><a href=\"http:\/\/loodusjalooming.weebly.com\/index.html\">Hermann, Eik. Loodus ja looming<\/a><\/p>\n\n\n\n<p><a href=\"http:\/\/metsjam-d.weebly.com\/\">Karp, Kadri. 2013. Metsamarjad<\/a><\/p>\n\n\n\n<p><a href=\"http:\/\/samblad2.weebly.com\/\">Leis, Mare. 2012. Samblad : Eesti taimestik, taimkate ja selle kaitse (koos taimemorfoloogia alustega) juurde<\/a><\/p>\n\n\n\n<p><a href=\"http:\/\/www.hariduskeskus.ee\/opiobjektid\/loodus\/\">Lorents, Allan. 2017. Loodusained<\/a><\/p>\n\n\n\n<p><a href=\"https:\/\/www.emu.ee\/oppijale\/oppimine\/juhendid\/e-ope\/programm-best\/\">Eesti Maa\u00fclikooli \u00f5piobjektid<\/a><br>\u00d5piobjektid: Eesti v\u00e4ikej\u00e4rvede seire, Peipsi j\u00e4rve suurtaimestik, Sinivetikad jt.<\/p>\n\n\n\n<p><a href=\"https:\/\/www.hariduskeskus.ee\/opiobjektid\/\">Hariduskeskus<\/a><br>P\u00e4rnumaa Kutsehariduskeskuse \u00f5piobjektid: loodus, keskkond&nbsp;jm.&nbsp;<\/p>\n\n\n\n<p><a href=\"https:\/\/e-koolikott.ee\/et\/oppematerjal\/1239-Rakumaailm-TU-loodusteaduslikud-mudelid\">Rakumaailm<\/a><br>Tartu \u00dclikooli loodusteaduslikud mudelid, e-Koolikott.<\/p>\n","protected":false},"excerpt":{"rendered":"<p>Teatmematerjalid: Biology onlineBioloogia alane teemaportaal &#8211; s\u00f5naraamat, artiklid, \u00f5pijuhised. Eesti maavarad\u00dclevaade Eesti maavaradest, varudest ja kaevandamisest. Terminite seletused. Encyclopaedia of Life (EOL)Loodusteaduse alased terminid, lingikogu erinevate loodusteaduse alastele veebisaitidele. F\u00fc\u00fcsikaleksikonEesikeelne veebileksikon 700 f\u00fc\u00fcsika m\u00f5istele. Keemiavideod Chemicum.com.&nbsp;Uusi keemiavideosid teeb Superaccu O\u00dc. Uutel youtube videotel on ka eestikeelsed subtiitrid. KeskkonnaministeeriumLooduskaitse, loodus, keskkonnakasutus, kliima, ringmajandus. KeskkonnaportaalKeskkonnainfot sisaldav portaal&#8230;.<\/p>\n","protected":false},"author":723,"featured_media":0,"parent":11086,"menu_order":1,"comment_status":"closed","ping_status":"closed","template":"","meta":{"_eb_attr":"","footnotes":""},"categories":[64],"semester":[],"campus":[],"class_list":["post-11100","page","type-page","status-publish","hentry","category-raamatukogu"],"acf":[],"_links":{"self":[{"href":"https:\/\/students.ebs.ee\/et\/wp-json\/wp\/v2\/pages\/11100","targetHints":{"allow":["GET"]}}],"collection":[{"href":"https:\/\/students.ebs.ee\/et\/wp-json\/wp\/v2\/pages"}],"about":[{"href":"https:\/\/students.ebs.ee\/et\/wp-json\/wp\/v2\/types\/page"}],"author":[{"embeddable":true,"href":"https:\/\/students.ebs.ee\/et\/wp-json\/wp\/v2\/users\/723"}],"replies":[{"embeddable":true,"href":"https:\/\/students.ebs.ee\/et\/wp-json\/wp\/v2\/comments?post=11100"}],"version-history":[{"count":1,"href":"https:\/\/students.ebs.ee\/et\/wp-json\/wp\/v2\/pages\/11100\/revisions"}],"predecessor-version":[{"id":11101,"href":"https:\/\/students.ebs.ee\/et\/wp-json\/wp\/v2\/pages\/11100\/revisions\/11101"}],"up":[{"embeddable":true,"href":"https:\/\/students.ebs.ee\/et\/wp-json\/wp\/v2\/pages\/11086"}],"wp:attachment":[{"href":"https:\/\/students.ebs.ee\/et\/wp-json\/wp\/v2\/media?parent=11100"}],"wp:term":[{"taxonomy":"category","embeddable":true,"href":"https:\/\/students.ebs.ee\/et\/wp-json\/wp\/v2\/categories?post=11100"},{"taxonomy":"semester","embeddable":true,"href":"https:\/\/students.ebs.ee\/et\/wp-json\/wp\/v2\/semester?post=11100"},{"taxonomy":"campus","embeddable":true,"href":"https:\/\/students.ebs.ee\/et\/wp-json\/wp\/v2\/campus?post=11100"}],"curies":[{"name":"wp","href":"https:\/\/api.w.org\/{rel}","templated":true}]}}