{"id":1110,"date":"2018-12-19T12:08:32","date_gmt":"2018-12-19T09:08:32","guid":{"rendered":"http:\/\/students.ebs.ee\/?page_id=1110"},"modified":"2025-09-04T17:43:58","modified_gmt":"2025-09-04T14:43:58","slug":"kirjalike-toode-vormistamine","status":"publish","type":"page","link":"https:\/\/students.ebs.ee\/et\/oppetoo\/oppeinfo\/kirjalike-toode-vormistamine\/","title":{"rendered":"Kirjalike t\u00f6\u00f6de vormistamine"},"content":{"rendered":"\n<p>Siit leiad <a href=\"https:\/\/ebsee-my.sharepoint.com\/:b:\/g\/personal\/margit_kattai_ebs_ee\/EXqpBxm_aJ9CqvAbwXb0yFMBG6Jpmn2HGMw4vpgGcyTXmA?e=zhf6Vj\" target=\"_blank\" rel=\"noreferrer noopener\">EBSi stiilijuhendi<\/a>\u00a0kuidas kirjalikke t\u00f6id EBSis vormistada.<\/p>\n\n\n\n<p>Siit leiad ka <a href=\"https:\/\/ebsee-my.sharepoint.com\/:b:\/g\/personal\/monika_siiraki_ebs_ee\/EdQFDPzoBVpHmKWwJCVcnqMBiMNuLNrLAUA9yAEn2V-dog?e=TKYJz8\" data-type=\"URL\" data-id=\"https:\/\/ebsee-my.sharepoint.com\/:b:\/g\/personal\/monika_siiraki_ebs_ee\/EdQFDPzoBVpHmKWwJCVcnqMBiMNuLNrLAUA9yAEn2V-dog?e=TKYJz8\" target=\"_blank\" rel=\"noreferrer noopener\">EBSi suunis tekstiroboti kasutamiseks \u00f5ppet\u00f6\u00f6s<\/a><\/p>\n\n\n\n<p><\/p>\n","protected":false},"excerpt":{"rendered":"<p>Siit leiad EBSi stiilijuhendi\u00a0kuidas kirjalikke t\u00f6id EBSis vormistada. Siit leiad ka EBSi suunis tekstiroboti kasutamiseks \u00f5ppet\u00f6\u00f6s<\/p>\n","protected":false},"author":6,"featured_media":0,"parent":267,"menu_order":16,"comment_status":"closed","ping_status":"closed","template":"","meta":{"_eb_attr":"","footnotes":""},"categories":[51],"semester":[],"campus":[],"class_list":["post-1110","page","type-page","status-publish","hentry","category-oppetoo"],"acf":[],"_links":{"self":[{"href":"https:\/\/students.ebs.ee\/et\/wp-json\/wp\/v2\/pages\/1110","targetHints":{"allow":["GET"]}}],"collection":[{"href":"https:\/\/students.ebs.ee\/et\/wp-json\/wp\/v2\/pages"}],"about":[{"href":"https:\/\/students.ebs.ee\/et\/wp-json\/wp\/v2\/types\/page"}],"author":[{"embeddable":true,"href":"https:\/\/students.ebs.ee\/et\/wp-json\/wp\/v2\/users\/6"}],"replies":[{"embeddable":true,"href":"https:\/\/students.ebs.ee\/et\/wp-json\/wp\/v2\/comments?post=1110"}],"version-history":[{"count":19,"href":"https:\/\/students.ebs.ee\/et\/wp-json\/wp\/v2\/pages\/1110\/revisions"}],"predecessor-version":[{"id":10912,"href":"https:\/\/students.ebs.ee\/et\/wp-json\/wp\/v2\/pages\/1110\/revisions\/10912"}],"up":[{"embeddable":true,"href":"https:\/\/students.ebs.ee\/et\/wp-json\/wp\/v2\/pages\/267"}],"wp:attachment":[{"href":"https:\/\/students.ebs.ee\/et\/wp-json\/wp\/v2\/media?parent=1110"}],"wp:term":[{"taxonomy":"category","embeddable":true,"href":"https:\/\/students.ebs.ee\/et\/wp-json\/wp\/v2\/categories?post=1110"},{"taxonomy":"semester","embeddable":true,"href":"https:\/\/students.ebs.ee\/et\/wp-json\/wp\/v2\/semester?post=1110"},{"taxonomy":"campus","embeddable":true,"href":"https:\/\/students.ebs.ee\/et\/wp-json\/wp\/v2\/campus?post=1110"}],"curies":[{"name":"wp","href":"https:\/\/api.w.org\/{rel}","templated":true}]}}