{"id":11098,"date":"2025-09-11T15:17:31","date_gmt":"2025-09-11T12:17:31","guid":{"rendered":"https:\/\/students.ebs.ee\/?page_id=11098"},"modified":"2025-09-11T15:17:31","modified_gmt":"2025-09-11T12:17:31","slug":"kultuur-loomemajandus","status":"publish","type":"page","link":"https:\/\/students.ebs.ee\/et\/raamatukogu\/teemavarav\/kultuur-loomemajandus\/","title":{"rendered":"Kultuur. Loomemajandus"},"content":{"rendered":"\n<h3 class=\"wp-block-heading\">Loomemajandus, lingid:<br>&nbsp;<\/h3>\n\n\n\n<p><a href=\"http:\/\/www.artsmanagement.net\/\">Arts Management Network<\/a><br>Lingikogu kultuuri, loomemajaduse, kusti alastele Interneti ressurssidele. Uudiskiri Arts Management Newsletter.<\/p>\n\n\n\n<p><a href=\"https:\/\/disainikeskus.ee\/\">Eesti Disainikeskus<\/a><br>Disainialane info, Eesti disainib\u00fcroode andmebaas, v\u00e4ljaanded, \u00f5ppematerjalid. Eesti ja inglise keeles.<\/p>\n\n\n\n<p><a href=\"https:\/\/www.kul.ee\/\">Kultuuriministeerium<\/a><br>Loomemajanduse valdkonnad Eestis.<\/p>\n\n\n\n<p><a href=\"https:\/\/rito.riigikogu.ee\/wordpress\/wp-content\/uploads\/2016\/02\/Loomemajandus-maailmas-ja-Eestis-dilemmad-ja-v%C3%B5imalused-K%C3%BClliki-Tafel-Viia-Andres-Viia-Erik-Terk-Silja-Lassur.pdf\">Loomemajandus maailmas ja Eestis: dilemmad ja v\u00f5imalused<\/a>&nbsp;\/ K\u00fclliki Tafel-Viia, Erik Terk, Silja Lassur, Andres Viia. Tallinn : Riigikogu Kantselei, 2014, lk. 137-159. (Riigikogu toimetised ; 29)<\/p>\n\n\n\n<p><a href=\"https:\/\/www.looveesti.ee\/\">Loov Eesti<\/a><br>Loomemajandusest Eestis, uuringud, artiklite t\u00e4istekstid.<\/p>\n\n\n\n<p><a href=\"http:\/\/www.inspiratsioon.ee\/koige-tahtsamad-internetilingid-loovuse-kohta\/\">Loovusalased internetilingid<\/a><\/p>\n\n\n\n<p><a href=\"https:\/\/inkubaator.tallinn.ee\/en\/\">Tallinna Loomeinkubaator<\/a><\/p>\n\n\n\n<p><a href=\"http:\/\/loovtartu.ee\/lmk\/uldinfo\/sa-tartu-lmk\">Tartu Loomemajanduskeskus<\/a><\/p>\n\n\n\n<p><a href=\"https:\/\/telliskivi.cc\/\">Telliskivi Loomelinnak<\/a><br>Eesti suurim loomemajandusliku ettev\u00f5tluse keskus.<\/p>\n\n\n\n<p><strong>Eesti arhiivid:<\/strong><\/p>\n\n\n\n<p><a href=\"https:\/\/aire.opera.ee\/\">AIRE<\/a><br>Eesti Rahvusooperi digiarhiiv ja dokumendiregister. Eesti ja inglise keeles.<\/p>\n\n\n\n<p><a href=\"http:\/\/ais.ra.ee\/\">AIS<\/a><br>Arhiivi Infos\u00fcsteem. Rahvusarhiivi ja Tallinna Linnaarhiivi andmebaas.<\/p>\n\n\n\n<p><a href=\"https:\/\/arhiiv.err.ee\/\">Eesti Rahvusringh\u00e4\u00e4lingu arhiiv<\/a><br>Eesti Rahvusringh\u00e4\u00e4lingu (ERR) videoarhiiv, audioarhiiv, fotoarhiiv ; Tallinna \u00dclikooli Balti filmi, meedia, kunstide ja kommunikatsiooni instituudi (BMF) arhiiv.<\/p>\n\n\n\n<p><a href=\"http:\/\/veebiarhiiv.digar.ee\/\">Eesti Veebiarhiiv<\/a><br>Eesti Rahvusraamatukogu veebiarhiiv s\u00e4ilitab Eesti kultuurip\u00e4randi seisukohalt olulisi veebisaite.<\/p>\n\n\n\n<p><a href=\"http:\/\/www.eha.ee\/fa\/public\/\/\">Filmiarhiivi infos\u00fcsteem<\/a><\/p>\n\n\n\n<p><a href=\"https:\/\/estonianshorts.com\/et\">Estonian Shorts<\/a><br>Eesti Filmi Instituudi filmiportaal: dokumentaal-, animatsioon- ja m\u00e4ngufilmide l\u00fchifilmid.<br>&nbsp;<\/p>\n\n\n\n<p><a href=\"https:\/\/www.ra.ee\/fotis\/index.php\/en?lang=en\">FOTIS<\/a><br>Rahvusarhiivi fotoandmebaas.<\/p>\n\n\n\n<p><a href=\"http:\/\/arhmus.tlu.ee\/cgi-bin\/epam\">Hariduslooline e-varamu<\/a><br>Eesti Pedagoogika Arhiivmuuseumi hariduslooline digitaalarhiiv sisaldab digiteeritud k\u00e4sikirju, fotosid jne.<\/p>\n\n\n\n<p><a href=\"http:\/\/www.ra.ee\/\">Rahvusarhiiv<\/a><br>Ajalooarhiiv, Riigiarhiiv, Filmiarhiiv, Harju Maa-arhiiv, L\u00e4\u00e4ne Maa-arhiiv, L\u00e4\u00e4ne-Viru Maa-arhiiv, Saare Maa-arhiiv, Tartu Maa-arhiiv, Valga Maa-arhiiv.<\/p>\n\n\n\n<p><a href=\"http:\/\/www.ra.ee\/kaardid\/\">Rahvusarhiivi kaartide infos\u00fcsteem<\/a><br>Kaartide infos\u00fcsteem sisaldab Eesti Ajalooarhiivis ja Riigiarhiivis hoiul olevate kaartide kirjeldusi ja digikujutisi.<\/p>\n\n\n\n<p><strong>Muuseumid:<\/strong><\/p>\n\n\n\n<p><a href=\"http:\/\/www.hist.msu.ru\/ER\/museum_e.htm\">Art and History Museums List<\/a><\/p>\n\n\n\n<p>Maailma kunsti- ja ajaloomuuseumide lingikogu.<\/p>\n\n\n\n<p><a href=\"https:\/\/www.e-varamu.ee\/\">E-varamu<\/a><br>Eesti muuseumide, raamatukogude, arhiivide ning teiste m\u00e4luasutuste \u00fchtne infov\u00e4rav, mille kaudu saab otsida infot erinevate m\u00e4luasutuste infos\u00fcsteemides kajastatud kultuurip\u00e4randi objektide kohta. Eesti, inglise, vene, saksa keeles.<\/p>\n\n\n\n<p><a href=\"https:\/\/www.muuseum.ee\/\">Eesti Muuseumi\u00fching<\/a><br>Eesti muuseumid, kunstikeskused, arhiivid, m\u00e4luasutused. Eesti ja inglise keeles.<\/p>\n\n\n\n<p><a href=\"https:\/\/www.muis.ee\/et\/\">Eesti Muuseumide Veebiv\u00e4rav<\/a><br>Veebiv\u00e4rav v\u00f5imaldab tutvuda muuseumide infos\u00fcsteemiga MuIS liitunud muuseumide kogudega. Eesti, inglise ja vene keeles.<\/p>\n\n\n\n<p><strong>Raamatukogud:<\/strong><\/p>\n\n\n\n<p><a href=\"http:\/\/www.theeuropeanlibrary.org\/tel4\/\">Euroopa raamatukogu<\/a><br>The European Library portaal v\u00f5imaldab keskse indeksi kaudu kiiret ja lihtsat ligip\u00e4\u00e4su Euroopa rahvusraamatukogude ja suure hulga \u00fclikooliraamatukogude kollektsioonidele. Lisaks on loodud hulk abivahendeid uurijatele, n\u00e4iteks v\u00f5imalus eksportida kirjeid viidete haldamise teenuste kaudu ja laadida alla k\u00f5rgekvaliteedilisi metaandmeid.<\/p>\n\n\n\n<p><a href=\"https:\/\/librarytechnology.org\/libraries\/\">LibWeb<\/a><br>Maailma raamatukogud.<\/p>\n","protected":false},"excerpt":{"rendered":"<p>Loomemajandus, lingid:&nbsp; Arts Management NetworkLingikogu kultuuri, loomemajaduse, kusti alastele Interneti ressurssidele. Uudiskiri Arts Management Newsletter. Eesti DisainikeskusDisainialane info, Eesti disainib\u00fcroode andmebaas, v\u00e4ljaanded, \u00f5ppematerjalid. Eesti ja inglise keeles. KultuuriministeeriumLoomemajanduse valdkonnad Eestis. Loomemajandus maailmas ja Eestis: dilemmad ja v\u00f5imalused&nbsp;\/ K\u00fclliki Tafel-Viia, Erik Terk, Silja Lassur, Andres Viia. Tallinn : Riigikogu Kantselei, 2014, lk. 137-159. (Riigikogu toimetised ;&#8230;<\/p>\n","protected":false},"author":723,"featured_media":0,"parent":11086,"menu_order":1,"comment_status":"closed","ping_status":"closed","template":"","meta":{"_eb_attr":"","footnotes":""},"categories":[64],"semester":[],"campus":[],"class_list":["post-11098","page","type-page","status-publish","hentry","category-raamatukogu"],"acf":[],"_links":{"self":[{"href":"https:\/\/students.ebs.ee\/et\/wp-json\/wp\/v2\/pages\/11098","targetHints":{"allow":["GET"]}}],"collection":[{"href":"https:\/\/students.ebs.ee\/et\/wp-json\/wp\/v2\/pages"}],"about":[{"href":"https:\/\/students.ebs.ee\/et\/wp-json\/wp\/v2\/types\/page"}],"author":[{"embeddable":true,"href":"https:\/\/students.ebs.ee\/et\/wp-json\/wp\/v2\/users\/723"}],"replies":[{"embeddable":true,"href":"https:\/\/students.ebs.ee\/et\/wp-json\/wp\/v2\/comments?post=11098"}],"version-history":[{"count":1,"href":"https:\/\/students.ebs.ee\/et\/wp-json\/wp\/v2\/pages\/11098\/revisions"}],"predecessor-version":[{"id":11099,"href":"https:\/\/students.ebs.ee\/et\/wp-json\/wp\/v2\/pages\/11098\/revisions\/11099"}],"up":[{"embeddable":true,"href":"https:\/\/students.ebs.ee\/et\/wp-json\/wp\/v2\/pages\/11086"}],"wp:attachment":[{"href":"https:\/\/students.ebs.ee\/et\/wp-json\/wp\/v2\/media?parent=11098"}],"wp:term":[{"taxonomy":"category","embeddable":true,"href":"https:\/\/students.ebs.ee\/et\/wp-json\/wp\/v2\/categories?post=11098"},{"taxonomy":"semester","embeddable":true,"href":"https:\/\/students.ebs.ee\/et\/wp-json\/wp\/v2\/semester?post=11098"},{"taxonomy":"campus","embeddable":true,"href":"https:\/\/students.ebs.ee\/et\/wp-json\/wp\/v2\/campus?post=11098"}],"curies":[{"name":"wp","href":"https:\/\/api.w.org\/{rel}","templated":true}]}}