{"id":11096,"date":"2025-09-11T15:16:43","date_gmt":"2025-09-11T12:16:43","guid":{"rendered":"https:\/\/students.ebs.ee\/?page_id=11096"},"modified":"2026-01-12T11:05:00","modified_gmt":"2026-01-12T08:05:00","slug":"keeleteadus-kirjandusteadus-e-raamatud","status":"publish","type":"page","link":"https:\/\/students.ebs.ee\/et\/raamatukogu\/teemavarav\/keeleteadus-kirjandusteadus-e-raamatud\/","title":{"rendered":"Keeleteadus. Kirjandusteadus. E-raamatud"},"content":{"rendered":"\n<h2 class=\"wp-block-heading\">Eesti keel:<br>&nbsp;<\/h2>\n\n\n\n<p><a href=\"https:\/\/www.teadustekst.ut.ee\/\">Akadeemiliste v\u00e4ljendite varamu AV<\/a><br>Eestikeelsetest magistrit\u00f6\u00f6dest kogutud fraasid ja v\u00e4ljendid. Algajale teadusteksti kirjutajale.&nbsp;<\/p>\n\n\n\n<p><a href=\"https:\/\/keeleressursid.ee\/et\/\">Eesti Keeleressursside Keskus<\/a><\/p>\n\n\n\n<p><a href=\"https:\/\/ekilex.ee\/\">EKILEX<\/a><br>S\u00f5nastiku- ja terminibaasis\u00fcsteem koondab infot s\u00f5nade ja terminite kohta.<\/p>\n\n\n\n<p><a href=\"https:\/\/elle.tlu.ee\/\">ELLE<\/a><br>Estonian Language Learning Environment (ELLE).<br>Tallinna \u00dclikooli eesti keele \u00f5ppe ja anal\u00fc\u00fcsi keskkond \u00f5ppijatele, \u00f5petajatele ja teadlastele.<\/p>\n\n\n\n<p><a href=\"https:\/\/www.keeleklikk.ee\/\">Keeleklikk<\/a><br>Eesti keele kursus algajatele (0-A2 tasemel). Iseseisvaks \u00f5ppimiseks v\u00f5i keelekursustel \u00f5pitu t\u00e4iendamiseks.<\/p>\n\n\n\n<p><a href=\"http:\/\/www.keeleveeb.ee\/\">Keeleveeb<\/a><br>S\u00f5nastikud Internetis eesti jt keeltes: erialas\u00f5nastikud, koolis\u00f5nastikud,&nbsp;keelevara, keelen\u00f5u, kohanimeandmebaas, korpused.<\/p>\n\n\n\n<p><a href=\"https:\/\/sonaveeb.ee\/\">S\u00f5naveeb<\/a><br>Eesti Keele Instituudi s\u00f5nastikuportaal, kuhu on koondatud keeleinfo paljudest s\u00f5nakogudest ja andmebaasidest.<\/p>\n\n\n\n<p><a href=\"http:\/\/www.eki.ee\/dict\/viipekeel\/\">Eesti viipekeele s\u00f5nastik<\/a><br>S\u00f5nad koos videotega.<\/p>\n\n\n\n<p><a href=\"http:\/\/klops.edu.ee\/\">Viipekeelne e-raamat<\/a><br>Eestikeelne e-raamat&nbsp;\u00fcksikviipeid\/fraase kujutavate video- ja helifailidega kui tegevusvideotega.<\/p>\n\n\n\n<h3 class=\"wp-block-heading\">Kirjandusteadus, lingid:<\/h3>\n\n\n\n<p><a href=\"https:\/\/utlib.ut.ee\/eeva\/index.php?do=index&amp;lan=l\">EEVA<\/a><br>Eesti vanema kirjanduse digitaalne tekstikogu.<\/p>\n\n\n\n<p><a href=\"http:\/\/galerii.kirmus.ee\/erni\/erni.html\">ERNI<\/a><br>Eesti kirjanduslugu tekstides 1924-1925. Sisaldab ilukirjanduse ja kriitika t\u00e4istekste, autorite tutvustusi, kirjanduslike terminite s\u00f5nastikku ja ajatelge.<\/p>\n\n\n\n<p><a href=\"http:\/\/www.folklore.ee\/\">Eesti rahvaluule<\/a><br>Eesti folkloristide server Haldjas sisaldab informatsiooni Eesti folkloori, rahvausundi jt teemade kohta. Erinevad andmebaasid &#8211; Eesti m\u00f5istatused, Eesti s\u00f5nam\u00e4ngud, Eesti vanas\u00f5nad jne.<\/p>\n\n\n\n<p><a href=\"https:\/\/estinst.ee\/en\/allprints\/magazines\/\">Estonian Literary Magazine<\/a><br>Ingliskeelne eesti kirjanduse ajakirja e-v\u00e4ljaanne. Ilmub kaks numbrit aastas.<\/p>\n\n\n\n<p><a href=\"http:\/\/www.folklore.ee\/lepp\/\">LEPP<\/a><br>L\u00f5una-Eesti p\u00e4rimuse portaal. Jutud, laulud, p\u00e4rimused jm L\u00f5una-Eesti kohta.<\/p>\n\n\n\n<p><a href=\"http:\/\/www.litterature-estonienne.com\/\">Litt\u00e9rature estonienne<\/a><br>Eesti kirjanduse prantsuskeelne veebileht. Sisaldab kirjanike biograafiaid, loomingu \u00fclevaateid, ilukirjandusteoste ja artiklite prantsuskeelsete t\u00f5lgete t\u00e4istekste.<\/p>\n\n\n\n<p><a href=\"http:\/\/kreutzwald.kirmus.ee\/\">Kreutzwaldi sajand. Kalevipoeg<\/a><br>19. sajandi kirjandust kajastav veebisait. F. R. Kreutzwaldi elu ja looming ning &#8220;Kalevipoeg&#8221;.<\/p>\n\n\n\n<p><a href=\"http:\/\/www.folklore.ee\/tagused\/\">M\u00e4etagused<\/a><br>Eesti folkloori- ja m\u00fctoloogiaajakiri.<\/p>\n\n\n\n<p><a href=\"https:\/\/kirjanikemuuseumid.ee\/kiirkursus\/\">T\u00e4htteose kiirkursus<\/a><br>Eesti Kirjanike Muuseumide \u00dchingu poolt&nbsp;loonud m\u00e4ngulised videod tuntud ja v\u00e4hemtuntud eesti kirjandusteostest.<\/p>\n\n\n\n<h2 class=\"wp-block-heading\">E-raamatud:<\/h2>\n\n\n\n<p><strong>Eestikeelsed e-raamatud:<\/strong><\/p>\n\n\n\n<p><a href=\"https:\/\/www.digar.ee\/arhiiv\/et\/kollektsioonid?id=14302\">DIGAR<\/a><br>Eestikeelsed e-raamatud, e-ajakirjad, e-ajalehed, pildimaterjal.<\/p>\n\n\n\n<p><a href=\"https:\/\/www.digar.ee\/arhiiv\/et\/kollektsioonid?id=14302\">Soovituslik koolikirjandus<\/a>&nbsp;koolidele.<\/p>\n\n\n\n<p><a href=\"http:\/\/dspace.ut.ee\/handle\/10062\/15939\">E-\u00f5pikud<\/a><br>Tartu \u00dclikooli e-\u00f5pikud.<\/p>\n\n\n\n<p><a href=\"https:\/\/mirko.ee\/en\/home\/\">MIRKO<\/a><br>Eesti raamatukogude \u00fchine (e-)raamatute laenutusplatvorm. Vajalik registreerimine.<\/p>\n\n\n\n<p><a href=\"https:\/\/www.taskutark.ee\/\">TaskuTark \u00d5PI<\/a><br>Kirjastuse Maurus eestikeelsete e-\u00f5pikute platvorm.<\/p>\n\n\n\n<p><strong>V\u00f5\u00f5rkeelsed e-raamatud:<\/strong><\/p>\n\n\n\n<p><a href=\"http:\/\/athena.unige.ch\/athena\/\">Athena : authors and texts<\/a><br>Inglise-, prantsuse- ja saksakeelsed filosoofia-, ajaloo-, religioonialased ning ilukirjanduse elektroonilised tekstid ning e-raamatud.<\/p>\n\n\n\n<p><a href=\"https:\/\/www.barnesandnoble.com\/\">Barnes &amp; Noble<\/a><br>E-raamatud, audioraamatud erinevatel teemadel.<\/p>\n\n\n\n<p><a href=\"https:\/\/bookboon.com\/\">Bookboon.com<\/a><br>E-raamatud, e-\u00f5pikud ja e-reisikirjad majanduse, ettev\u00f5tluse, juhtimise, infotehnoloogia jt teemadel.<\/p>\n\n\n\n<p><a href=\"http:\/\/search.ebscohost.com\/\">eBook Business Collection (EBSCOhost)<\/a><br>E-raamatud ettev\u00f5tluse, majanduse, turunduse, rahanduse jt teemadel.<br>EBSCO andmebaasi sisenemine&nbsp;<a href=\"https:\/\/search.ebscohost.com\/Community.aspx?custid=s1449582&amp;groupid=main&amp;authtype=ip&amp;stsug=AlcKKNweZyV-zZyZ8w4DQeeuxXWpC1QogihnVPUbqXzgAA-Ath9coAb4kOqk8PhPuSoqXuYg-YbP_U7dcXLNhy6Eu870IOmDvg_i8aMcVFg0VgVi2SQx6mRGqUzijL4Yw0NXWBbMqVjnT0lDU50Ger9Sf_7fiybNV-5xexccm_Pc4Zg&amp;IsAdminMobile=N&amp;encid=22D731163C1635573756358632253C573393326375C379C370C371C373C376C370C331&amp;selectServicesToken=A1cZX5bnWQao9I6mB8A9OfNTAwclVilUmo4ry8CwsJo-YA37NMw62yM9Wv4OvDDGHUrQRBvYJ2zgWLsbrOP7ysS89bYMoEYGZkFSAGPyDrLHkSZdS79pir2YqmdagDkUvT7z80bp15cNLA97DO5UzW3DQbXxG7nXPDl87UG_Q093eSci5Rnt2NYbOs7gTQHGlF2agzWSx8H4Y4F4l-q_wNDN-4xSeXfdmFgOnV2wLW7Sxw7AoBlBpg32tBhZhTHzpDCtJt1rx79FPh0DOyny-p1HhvnWpw\">MyEBSi kasutajakontoga<\/a>.<\/p>\n\n\n\n<p><a href=\"https:\/\/www.doabooks.org\/\">DOAB<\/a><br>Directory of Open Access Books.<\/p>\n\n\n\n<p><a href=\"http:\/\/www.freebookcentre.net\/\">FreeBookCentre.net<\/a><br>Majanduse, arvutiteaduse, loodusteaduste alased e-raamatud.<\/p>\n\n\n\n<p><a href=\"http:\/\/www.freebooks4doctors.com\/\">FreeBooks4Doctors!<\/a><br>Meditsiinialased e-raamatud.<\/p>\n\n\n\n<p><a href=\"http:\/\/www.freescience.info\/index.php\">FreeScience.info<\/a><br>Majanduse, tehnoloogia, loodusteaduste alased e-raamatud.<\/p>\n\n\n\n<p><a href=\"https:\/\/publications.europa.eu\/en\/web\/general-publications\/publications\">EU Publications<\/a><br>Euroopa Liidu institutsioonide jt rahvusvaheliste organisatsioonide v\u00e4ljaanded.<\/p>\n\n\n\n<p><a href=\"http:\/\/books.google.com\/\">Google Books<\/a><br>Teadusmonograafiad, e-raamatud, sh raamatute sisukorrad, katkendid peat\u00fckkidest.<\/p>\n\n\n\n<p><a href=\"https:\/\/www.intechopen.com\/books\">INTECH<\/a><br>Sotsiaalteaduste, tehnoloogia jt valdkondade e-raamatud.<\/p>\n\n\n\n<p><a href=\"https:\/\/archive.org\/index.php\">Internet Archive<\/a><br>Veebiarhiiv, mis sisaldab e-raamatuid, filme, muusikat, arhiveeritud veebisaite.<\/p>\n\n\n\n<p><a href=\"http:\/\/www.loyalbooks.com\/\">Loyal Books<\/a><br>E-raamatud, heliraamatud erinevates valdkondades, nt keeleteadus, kirjandus, ajalugu, erinevates keeltes, nt vene, hispaania, inglise.<\/p>\n\n\n\n<p><a href=\"http:\/\/www.multilingualbooks.com\/\">Multilingual Books<\/a><br>E-raamatud erinevates keeltes, nt inglise, vene, itaalia, hispaania jne, osaliselt tasuta allalaadimine.<\/p>\n\n\n\n<p><a href=\"https:\/\/www.oapen.org\/#:~:text=Online%C2%A0library%20and%20publication%C2%A0platform\">OAPEN<\/a><br>Open Access Publishing in European Networks (OAPEN) e-raamatud erinevates teadusvaldkondades.<\/p>\n\n\n\n<p><a href=\"https:\/\/about.jstor.org\/whats-in-jstor\/books\/open-access-books-jstor\/\">Open Access eBooks on JSTOR<\/a><\/p>\n\n\n\n<p><a href=\"http:\/\/www.openculture.com\/\">Open Culture<\/a><br>E-raamatud, heliraamatud erinevates valdkondades, nt kirjandus, majandus, bioloogia.<\/p>\n\n\n\n<p><a href=\"https:\/\/openlibrary.org\/\">Open Library<\/a><br>Ilukirjanduslikud e-raamatud.<\/p>\n\n\n\n<p><a href=\"https:\/\/www.pdfdrive.net\/\">PDF Drive<\/a><br>E-raamatud erinevatel teemadel, pdf-id.<\/p>\n\n\n\n<p><a href=\"http:\/\/www.gutenberg.org\/ebooks\/\">Project Gutenberg Online Book Catalog<\/a><br>Sisaldab \u00fcle 20000 e-raamatu majanduse, poliitika, ajaloo, religiooni, kirjanduse kohta erinevates keeltes, sh inglise, saksa, vene, hiina, soome, itaalia.<\/p>\n\n\n\n<p><a href=\"https:\/\/search.proquest.com\/\">ProQuest One Business<\/a><br>E-raamatud ettev\u00f5tluse, majanduse, turunduse jt valdkondades. Sisenemine EBSi kasutajakontoga.<\/p>\n\n\n\n<p><a href=\"https:\/\/www.kobo.com\/\">Rakuten Kobo<\/a><br>Sisaldab \u00fcle 6 miljoni e-raamatu, audioraamatu erinevatel teemadel.<\/p>\n\n\n\n<p><a href=\"http:\/\/www.online-literature.com\/\">The Literature Network<\/a><br>Sisaldab \u00fcle 2300 kirjandusalase e-raamatu ja \u00fcle 3700 jutustuse ning luuletuse.<\/p>\n\n\n\n<p><a href=\"http:\/\/digital.library.upenn.edu\/books\/\">The Online Books Page<\/a><br>Sisaldab \u00fcle 30000 e-raamatu kirjanduse, filosoofia, ajaloo, poliitika kohta.<\/p>\n\n\n\n<p><a href=\"http:\/\/oll.libertyfund.org\/\">The Online Library of Liberty<\/a><br>Sisaldab \u00fcle 1450 e-raamatu majanduse, poliitika, ajaloo, \u00f5iguse, filosoofia, sotsioloogia, s\u00f5janduse, kirjanduse ja kunsti kohta.<\/p>\n\n\n\n<p><a href=\"https:\/\/publishing.cdlib.org\/ucpressebooks\/\">UC Press E-Books Collection, 1982-2004<\/a><br>Sisaldab \u00fcle 2000 e-raamatu majanduse, ettev\u00f5tluse, sotsioloogia, filosoofia, ajaloo, religiooni, kirjanduse, kunsti kohta.<\/p>\n\n\n\n<p><a href=\"https:\/\/royallib.com\/\">\u042d\u043b\u0435\u043a\u0442\u0440\u043e\u043d\u043d\u0430\u044f \u0431\u0438\u0431\u043b\u0438\u043e\u0442\u0435\u043a\u0430 RoyalLib.com<\/a><br>Venekeelsed e-raamatud vaba juurdep\u00e4\u00e4suga.<\/p>\n\n\n\n<p><\/p>\n\n\n\n<h1 class=\"wp-block-heading has-medium-font-size\"><strong>Audioraamatud<\/strong><\/h1>\n\n\n\n<p><\/p>\n","protected":false},"excerpt":{"rendered":"<p>Eesti keel:&nbsp; Akadeemiliste v\u00e4ljendite varamu AVEestikeelsetest magistrit\u00f6\u00f6dest kogutud fraasid ja v\u00e4ljendid. Algajale teadusteksti kirjutajale.&nbsp; Eesti Keeleressursside Keskus EKILEXS\u00f5nastiku- ja terminibaasis\u00fcsteem koondab infot s\u00f5nade ja terminite kohta. ELLEEstonian Language Learning Environment (ELLE).Tallinna \u00dclikooli eesti keele \u00f5ppe ja anal\u00fc\u00fcsi keskkond \u00f5ppijatele, \u00f5petajatele ja teadlastele. KeeleklikkEesti keele kursus algajatele (0-A2 tasemel). Iseseisvaks \u00f5ppimiseks v\u00f5i keelekursustel \u00f5pitu t\u00e4iendamiseks. KeeleveebS\u00f5nastikud&#8230;<\/p>\n","protected":false},"author":723,"featured_media":0,"parent":11086,"menu_order":1,"comment_status":"closed","ping_status":"closed","template":"","meta":{"_eb_attr":"","footnotes":""},"categories":[64],"semester":[],"campus":[],"class_list":["post-11096","page","type-page","status-publish","hentry","category-raamatukogu"],"acf":[],"_links":{"self":[{"href":"https:\/\/students.ebs.ee\/et\/wp-json\/wp\/v2\/pages\/11096","targetHints":{"allow":["GET"]}}],"collection":[{"href":"https:\/\/students.ebs.ee\/et\/wp-json\/wp\/v2\/pages"}],"about":[{"href":"https:\/\/students.ebs.ee\/et\/wp-json\/wp\/v2\/types\/page"}],"author":[{"embeddable":true,"href":"https:\/\/students.ebs.ee\/et\/wp-json\/wp\/v2\/users\/723"}],"replies":[{"embeddable":true,"href":"https:\/\/students.ebs.ee\/et\/wp-json\/wp\/v2\/comments?post=11096"}],"version-history":[{"count":6,"href":"https:\/\/students.ebs.ee\/et\/wp-json\/wp\/v2\/pages\/11096\/revisions"}],"predecessor-version":[{"id":12425,"href":"https:\/\/students.ebs.ee\/et\/wp-json\/wp\/v2\/pages\/11096\/revisions\/12425"}],"up":[{"embeddable":true,"href":"https:\/\/students.ebs.ee\/et\/wp-json\/wp\/v2\/pages\/11086"}],"wp:attachment":[{"href":"https:\/\/students.ebs.ee\/et\/wp-json\/wp\/v2\/media?parent=11096"}],"wp:term":[{"taxonomy":"category","embeddable":true,"href":"https:\/\/students.ebs.ee\/et\/wp-json\/wp\/v2\/categories?post=11096"},{"taxonomy":"semester","embeddable":true,"href":"https:\/\/students.ebs.ee\/et\/wp-json\/wp\/v2\/semester?post=11096"},{"taxonomy":"campus","embeddable":true,"href":"https:\/\/students.ebs.ee\/et\/wp-json\/wp\/v2\/campus?post=11096"}],"curies":[{"name":"wp","href":"https:\/\/api.w.org\/{rel}","templated":true}]}}