{"id":11094,"date":"2025-09-11T15:15:28","date_gmt":"2025-09-11T12:15:28","guid":{"rendered":"https:\/\/students.ebs.ee\/?page_id=11094"},"modified":"2026-01-12T11:21:40","modified_gmt":"2026-01-12T08:21:40","slug":"juhtimine","status":"publish","type":"page","link":"https:\/\/students.ebs.ee\/et\/raamatukogu\/teemavarav\/juhtimine\/","title":{"rendered":"Juhtimine"},"content":{"rendered":"\n<h3 class=\"wp-block-heading\">Teatmematerjalid:<\/h3>\n\n\n\n<p><a href=\"https:\/\/www.12manage.com\/\">12manage<\/a><br>Juhtimise alane e-\u00f5ppe keskkond tasuta ents\u00fcklopeediaga.<\/p>\n\n\n\n<p><a href=\"https:\/\/www.provenmodels.com\/\">ProvenModels<\/a><br>Juhtimismudelite andmebaas.<\/p>\n\n\n\n<p><a href=\"http:\/\/www.maxwideman.com\/pmglossary\/index.htm\">Wideman Comparative Glossary of Common Project Management Terms<\/a><br>Projektialaste terminite s\u00f5nastik.<\/p>\n\n\n\n<h3 class=\"wp-block-heading\">Lingid:<\/h3>\n\n\n\n<p><a href=\"https:\/\/www.businessballs.com\/\">Businessballs<\/a><br>Vabalt k\u00e4ttesaadavad e-\u00f5ppe materjalid juhtimise, turunduse jt teemadel.<\/p>\n\n\n\n<p><a href=\"https:\/\/www.cipd.co.uk\/\">Chartered Institute of Personnel and Development<\/a><br>Uurimist\u00f6\u00f6de raportite kokkuv\u00f5tted, informatsioon tr\u00fckiste, koolituste ja \u00fcrituste kohta.<\/p>\n\n\n\n<p><a href=\"https:\/\/managementhelp.org\/\">Free Management Library<\/a><br>Juhtimise alased lingid ja \u00f5ppematerjalid.<\/p>\n\n\n\n<p><a href=\"https:\/\/hr-guide.com\/\">HR Guide<\/a><br>Viiekeelne inimressursi juhtimise alane portaal sisaldab artiklite t\u00e4istekste, definitsioone,&nbsp;kasulikke linke.<\/p>\n\n\n\n<p><a href=\"https:\/\/www.shrm.org\/Pages\/default.aspx\">Society for Human Resources Management<\/a><br>Inimressursi juhtimisalane ajakiri, personalispetsialistide n\u00f5uanded, terminoloogia s\u00f5nastik, artiklid, uuringud.<\/p>\n\n\n\n<p><a href=\"https:\/\/kmeducationhub.de\/sveiby-knowledge-associates\/\">Sveiby Knowledge Associates<\/a><br>Virtuaalraamatukogu, mis v\u00f5imaldab ligip\u00e4\u00e4su Karl-Erik Sveiby poolt kirjutatud teostele ja t\u00e4istekstartiklitele. Sisaldab K.-E. Sveiby poolt soovitatud teiste autorite artikleid.<\/p>\n\n\n\n<p><a href=\"https:\/\/hesselbeininstitute.org\/\">The Frances Hesselbein Leadership Institute<\/a><br>Varasem Drucker Foundation, kasulikud lingid, raamatututvustused.<\/p>\n\n\n\n<p><a href=\"http:\/\/www.tooelu.ee\/\">T\u00f6\u00f6elu<\/a><br>T\u00f6\u00f6suhete- ja t\u00f6\u00f6kkeskkonna alane portaal.<\/p>\n\n\n\n<p><a href=\"http:\/\/www.ti.ee\/est\/avaleht\/\">T\u00f6\u00f6inspektsioon<\/a><br>T\u00f6\u00f6suhete ja t\u00f6\u00f6keskkonna alane teave. Eesti, inglise ja vene keeles.<\/p>\n\n\n\n<p><a href=\"http:\/\/www.valuebasedmanagement.net\/\">Value Based Management.net<\/a><br>V\u00e4\u00e4rtustep\u00f5hise juhtimise&nbsp; teemaline infoportaal sisaldab p\u00f5hjalikke \u00f5ppematerjale juhtimise meetoditest, mudelitest ja teooriatest.<\/p>\n\n\n\n<h3 class=\"wp-block-heading\">Kvaliteedijuhtimine, lingid:<\/h3>\n\n\n\n<p><a href=\"https:\/\/www.evs.ee\/\">Eesti Standardikeskus<\/a><br>Eesti, Euroopa rahvusvaheliste standardite otsing.<\/p>\n\n\n\n<p><a href=\"https:\/\/www.iso.org\/home.html\">I<\/a><a href=\"https:\/\/www.evs.ee\/\">SO<\/a><br>International Organization for Standardization. Rahvusvahelise Standardiorganisatsiooni veebisait.<\/p>\n\n\n\n<p><a href=\"https:\/\/www.iso.org\/home.html\">ISO 9000<\/a><br>ISO kvaliteedistandardite sari.<\/p>\n\n\n\n<p><a href=\"http:\/\/www.epa.ee\/et\">Patendiamet<\/a><br>Patentide, kaubam\u00e4rkide andmebaas. Eesti ja inglise keeles.<\/p>\n\n\n\n<p><a href=\"https:\/\/my.asq.org\/communities\/community-home?CommunityKey=7e231f18-7f04-40dc-a3ae-cc4974974128\">Six Sigma Forum<\/a><br>Kuue Sigma alased artiklid, Interneti ressursid ja terminoloogia s\u00f5nastik.<\/p>\n\n\n\n<h3 class=\"wp-block-heading\">Coaching, lingid:<\/h3>\n\n\n\n<p><a href=\"https:\/\/www.coaching.com\/\">Coaching.com<\/a><br>The Ken Blanchard Company.<\/p>\n\n\n\n<p><a href=\"http:\/\/coachestrainingblog.com\/becomeacoach\/\">Coaches Training Blog<\/a><br>The official blog of Master Coach University.<\/p>\n\n\n\n<p><a href=\"http:\/\/www.ivarlukk.com\/et\/\">Ivar Lukk<\/a><br>\u00dclevaade arengutreeningust (coaching).<\/p>\n\n\n\n<p><a href=\"https:\/\/radar.brookes.ac.uk\/radar\/items\/b6bb9783-f20a-44f6-9e07-f9bdf4437eb1\/1\/\">International Journal of Evidence Based Coaching &amp; Mentoring<\/a><br>Oxford Brookes University Business School. Artiklite t\u00e4isteksid on k\u00e4ttesaadavad <a href=\"https:\/\/search.ebscohost.com\" data-type=\"link\" data-id=\"https:\/\/search.ebscohost.com\">EBSCO Business Source Ultimate<\/a>\u00a0andmebaasis alates aastast 2008.<\/p>\n\n\n\n<p><a href=\"http:\/\/prosto-coach.ru\/\">\u041e \u043a\u043e\u0443\u0447\u0438\u043d\u0433\u0435 &#8211; \u043f\u0440\u043e\u0441\u0442\u043e!<\/a><br>\u00dclevaade arengutreeningust. Vene keeles.<\/p>\n\n\n\n<p><strong>Organisatsioonid:<\/strong><\/p>\n\n\n\n<p><a href=\"https:\/\/www.aoec.com\/\">Academy of Executive Coaching (AoEC)<\/a><br>Videod, coaching`u alased artiklid, Newsletters, vebinarid.<\/p>\n\n\n\n<p><a href=\"https:\/\/www.associationforcoaching.com\/default.aspx\">Association for Coaching (AC)<\/a><\/p>\n\n\n\n<p><a href=\"http:\/\/www.coactive.com\/\">Coaches Training Institute (CTI)<\/a><br>e-Newsletter, blogi.<\/p>\n\n\n\n<p><a href=\"https:\/\/ebs.ee\/executive-education\">EBS Executive Education<\/a><br>Coaching`u arenguprogramm.<\/p>\n\n\n\n<p><a href=\"http:\/\/supervisioon.ee\/coachingust\/\">Eesti Supervisiooni ja Coachingu \u00dching (ESC\u00dc)<\/a><\/p>\n\n\n\n<p><a href=\"https:\/\/www.emccouncil.org\/\">European Mentoring and Coaching Council (EMCC)<\/a><\/p>\n\n\n\n<p><a href=\"https:\/\/internationalcoachingcommunity.com\/\">International Coaching Community (ICC)<\/a><br>Videod, coaching`u alased artiklid, webinarid.<\/p>\n\n\n\n<p><a href=\"https:\/\/coachfederation.org\/\">International Coach Federation (ICF)<\/a><\/p>\n\n\n\n<p><strong>Videod:<\/strong><\/p>\n\n\n\n<p><a href=\"https:\/\/www.aoec.com\/\">Academy of Executive Coaching (AoEC)<\/a><br>Coaching`u olemust selgitavad videod.<\/p>\n\n\n\n<p><a href=\"https:\/\/www.youtube.com\/watch?v=UY75MQte4RU\">How coaching works : a short movie<\/a><br>Animafilm arengutreeningust. S. Johnson and Coach Meg &amp; Wellcoaches.<\/p>\n\n\n\n<p><a href=\"https:\/\/www.youtube.com\/watch?v=Ww1S_oXOdKY&amp;feature=youtu.be\">Marran, M. Coachingu programm avaliku teenistuse juhtidele : [videosalvestis].<\/a><\/p>\n\n\n\n<p><a href=\"https:\/\/www.youtube.com\/watch?v=mnR4cDjrwTw\">Aaviksoo, P. 2013. Executive coachingus<\/a><strong><a href=\"https:\/\/www.youtube.com\/watch?v=mnR4cDjrwTw\">t.<\/a><\/strong><\/p>\n\n\n\n<p><\/p>\n","protected":false},"excerpt":{"rendered":"<p>Teatmematerjalid: 12manageJuhtimise alane e-\u00f5ppe keskkond tasuta ents\u00fcklopeediaga. ProvenModelsJuhtimismudelite andmebaas. Wideman Comparative Glossary of Common Project Management TermsProjektialaste terminite s\u00f5nastik. Lingid: BusinessballsVabalt k\u00e4ttesaadavad e-\u00f5ppe materjalid juhtimise, turunduse jt teemadel. Chartered Institute of Personnel and DevelopmentUurimist\u00f6\u00f6de raportite kokkuv\u00f5tted, informatsioon tr\u00fckiste, koolituste ja \u00fcrituste kohta. Free Management LibraryJuhtimise alased lingid ja \u00f5ppematerjalid. HR GuideViiekeelne inimressursi juhtimise alane portaal&#8230;<\/p>\n","protected":false},"author":723,"featured_media":0,"parent":11086,"menu_order":1,"comment_status":"closed","ping_status":"closed","template":"","meta":{"_eb_attr":"","footnotes":""},"categories":[64],"semester":[],"campus":[],"class_list":["post-11094","page","type-page","status-publish","hentry","category-raamatukogu"],"acf":[],"_links":{"self":[{"href":"https:\/\/students.ebs.ee\/et\/wp-json\/wp\/v2\/pages\/11094","targetHints":{"allow":["GET"]}}],"collection":[{"href":"https:\/\/students.ebs.ee\/et\/wp-json\/wp\/v2\/pages"}],"about":[{"href":"https:\/\/students.ebs.ee\/et\/wp-json\/wp\/v2\/types\/page"}],"author":[{"embeddable":true,"href":"https:\/\/students.ebs.ee\/et\/wp-json\/wp\/v2\/users\/723"}],"replies":[{"embeddable":true,"href":"https:\/\/students.ebs.ee\/et\/wp-json\/wp\/v2\/comments?post=11094"}],"version-history":[{"count":3,"href":"https:\/\/students.ebs.ee\/et\/wp-json\/wp\/v2\/pages\/11094\/revisions"}],"predecessor-version":[{"id":12424,"href":"https:\/\/students.ebs.ee\/et\/wp-json\/wp\/v2\/pages\/11094\/revisions\/12424"}],"up":[{"embeddable":true,"href":"https:\/\/students.ebs.ee\/et\/wp-json\/wp\/v2\/pages\/11086"}],"wp:attachment":[{"href":"https:\/\/students.ebs.ee\/et\/wp-json\/wp\/v2\/media?parent=11094"}],"wp:term":[{"taxonomy":"category","embeddable":true,"href":"https:\/\/students.ebs.ee\/et\/wp-json\/wp\/v2\/categories?post=11094"},{"taxonomy":"semester","embeddable":true,"href":"https:\/\/students.ebs.ee\/et\/wp-json\/wp\/v2\/semester?post=11094"},{"taxonomy":"campus","embeddable":true,"href":"https:\/\/students.ebs.ee\/et\/wp-json\/wp\/v2\/campus?post=11094"}],"curies":[{"name":"wp","href":"https:\/\/api.w.org\/{rel}","templated":true}]}}