{"id":11092,"date":"2025-09-11T15:14:27","date_gmt":"2025-09-11T12:14:27","guid":{"rendered":"https:\/\/students.ebs.ee\/?page_id=11092"},"modified":"2026-01-12T11:15:28","modified_gmt":"2026-01-12T08:15:28","slug":"haridus-e-ope","status":"publish","type":"page","link":"https:\/\/students.ebs.ee\/et\/raamatukogu\/teemavarav\/haridus-e-ope\/","title":{"rendered":"Haridus. E-\u00f5pe"},"content":{"rendered":"\n<h3 class=\"wp-block-heading\">Teatmematerjalid:<\/h3>\n\n\n\n<p><a href=\"https:\/\/www.haridussilm.ee\/\">Haridussilm<\/a><br>Eesti hariduse teabev\u00e4rav, mis koondab hariduse, keele- ja noortevaldkonna andmeid, uuringuid. Eesti ja inglise keeles.<\/p>\n\n\n\n<p><a href=\"http:\/\/www.eki.ee\/dict\/haridus\/\">Hariduss\u00f5nastik<\/a><\/p>\n\n\n\n<p><a href=\"http:\/\/www.noorteseire.ee\/\">Noorteseire<\/a><br>Noorte-poliitika arengu-uuringud, statistika. Eesti ja inglise keeles.<\/p>\n\n\n\n<p><a href=\"https:\/\/eric.ed.gov\/\">ERIC<\/a><\/p>\n\n\n\n<p>Institute of Educational Sciences, haridusalaste artiklite andmebaas.<\/p>\n\n\n\n<p><a href=\"http:\/\/arhmus.tlu.ee\/cgi-bin\/epam\">Hariduslooline e-varamu<\/a><br>Eesti Pedagoogika Arhiivmuuseumi hariduslooline digitaalarhiiv sisaldab digiteeritud k\u00e4sikirju, fotosid, slaide.<\/p>\n\n\n\n<h3 class=\"wp-block-heading\">Lingid:<\/h3>\n\n\n\n<p><a href=\"http:\/\/www.academicinfo.net\/ed.html\">Academic Info: Education<\/a><br>Teemav\u00e4rav, mis pakub juurdep\u00e4\u00e4su hariduse&nbsp;valdkondade Interneti-ressurssidele.<\/p>\n\n\n\n<p><a href=\"http:\/\/www.ceeman.org\/\">Central and East European Management Development Association (CEEMAN)<\/a><br>Kesk- ja Ida-Euroopa Juhtimisarengu Assotsiatsioon.<\/p>\n\n\n\n<p><a href=\"https:\/\/www.hm.ee\/et\">Eesti Haridus- ja Teadusministeerium<\/a><\/p>\n\n\n\n<p><a href=\"https:\/\/www.efmdglobal.org\/\">European Foundation for Management Development (EFMD)<\/a>\u00a0<\/p>\n\n\n\n<p><a href=\"https:\/\/eacea.ec.europa.eu\/national-policies\/eurydice\/home_en\">The Information Network on Education in Europe<\/a><br>Euroopa haridusteabe v\u00f5rgustik EURYDICE vahendab publikatsioonide, uuringute ja andmebaaside kaudu ELi liikmesriikide, EFTA\/EEA maade ja kandidaatriikide v\u00f5rreldavat haridusinfot.<\/p>\n\n\n\n<h3 class=\"wp-block-heading\">E-\u00f5pe, lingid:<\/h3>\n\n\n\n<p><a href=\"http:\/\/www.academicinfo.net\/lang.html\">Academic Info: Foreign Language Study<\/a><br>E-kursused, temaatiline lingikogu v\u00f5\u00f5rkeelte ja nende \u00f5petamise kohta.<\/p>\n\n\n\n<p><a href=\"https:\/\/alison.com\/\">Alison<\/a><br>E-\u00f5ppe kursused erinevatel teemadel, nt majandus, rahandus, geograafia jne.<\/p>\n\n\n\n<p><a href=\"https:\/\/www.collegeconsensus.com\/rankings\/best-online-colleges\/\">Best online colleges and universities<\/a><br>Parimad e-\u00f5ppe \u00fclikoolid.<br><br><a href=\"https:\/\/www.coursera.org\/\">Coursera<\/a><br>Portaal sisaldab maailma tipp\u00fclikoolide ja organisatsioonide e-kursusi. Teemad: arvutiteadus,\u00a0 juhtimine, majandus, ettev\u00f5tlus, haridus, sotsiaalteadused, \u00f5igus, bioloogia jne.<\/p>\n\n\n\n<p><a href=\"https:\/\/e-koolikott.ee\/\">E-koolikott<\/a><br>Digitaalsed \u00f5ppematerjalid erinevatel teemadel ja haridusastmetel.<\/p>\n\n\n\n<p><a href=\"https:\/\/firstsiteguide.com\/\">Firstsiteguide<\/a><br>Erinevad juhendid, infograafika, kuidas alustada blogi kirjutamist, luua veebisaiti jne.<\/p>\n\n\n\n<p><a href=\"https:\/\/www.foxcademy.com\/\">Foxacademy<\/a><\/p>\n\n\n\n<p>E-\u00f5ppekeskkond p\u00f5hikooli ja g\u00fcmnaasiumi matemaatika, keemia ja f\u00fc\u00fcsika \u00f5ppimiseks, sh testid, harjutus\u00fclesanded.<\/p>\n\n\n\n<p><a href=\"https:\/\/medium.freecodecamp.org\/ivy-league-free-online-courses-a0d7ae675869\">Ivy League online courses<\/a><br>E-kursused erinevates valdkondades: juhtimine, sotsiaalteadused, kunst ja disain,\u00a0haridus, matemaatika jne.<\/p>\n\n\n\n<p><a href=\"https:\/\/www.linkedin.com\/learning\/\">LinkedIn Learning<\/a><br>E-\u00f5ppe kursused, interaktiivsed \u00f5ppevahendid.&nbsp;<\/p>\n\n\n\n<p><a href=\"https:\/\/www.onlinecourses.com\/\">Onlinecourses<\/a><br>Portaal sisaldab \u00fcle 500 ingliskeelse e-kursuse maailma tipp\u00fclikoolidelt. Teemad: raamatupidamine, \u00f5igus, keele\u00f5pe, statistika, f\u00fc\u00fcsika, keemia, infotehnoloogia, ps\u00fchholoogia jne.<\/p>\n\n\n\n<p><a href=\"https:\/\/www.onlineschools.org\/\">OnlineSchools.org<\/a><br>E-\u00f5ppe ja e-\u00f5ppega seotud institutsioonide infoportaal.<\/p>\n\n\n\n<p><a href=\"https:\/\/www.opencolleges.edu.au\/\">Open Colleges<\/a><br>Portaal sisaldab e-kursusi erinevatel teemadel, nt majandusarvestus, ettev\u00f5tlus, turundus jne.<\/p>\n\n\n\n<p><a href=\"https:\/\/www.saylor.org\/\">Saylor Academy<\/a><br>Portaal sisaldab e-kursusi erinevatel teemadel, nt majandus, arvutiteadus, ps\u00fchholoogia&nbsp;jne.<\/p>\n\n\n\n<p><a href=\"https:\/\/www.taskutark.ee\/\">TaskuTark<\/a><br>Digitaalsed \u00f5ppematerjalid erinevates valdkondades, nt kirjandus, matemaatika, bioloogia, f\u00fc\u00fcsika jne.<br><br><a href=\"https:\/\/www.udacity.com\/\">Udacity<\/a><br>E-kursused arvutiteaduse ja tehnoloogia valdkondades.<\/p>\n\n\n\n<p><a href=\"https:\/\/www.udemy.com\/\">Udemy<\/a><br>E-\u00f5ppe kursused erinevatel teemadel.<\/p>\n\n\n\n<h3 class=\"wp-block-heading\">Videoloengud:<\/h3>\n\n\n\n<p><strong>EBSi \u00f5ppej\u00f5udude videoloengud:<\/strong><\/p>\n\n\n\n<p><a href=\"https:\/\/www.youtube.com\/user\/UllePihlak\">\u00dclle Pihlak YouTube`i kanal<\/a><br><a href=\"https:\/\/www.youtube.com\/watch?v=69ajkNiIOqk&amp;list=PLsH4CpMFSEEW545pvU8bIgX7QGn4eZmTJ\">Eestikeelsed<\/a>&nbsp;ja&nbsp;<a href=\"https:\/\/www.youtube.com\/watch?v=MEjDbYMUmWk&amp;list=PLsH4CpMFSEEUgm_1rOi_yuv8cqfMpu0Dg\">ingliskeelsed<\/a>&nbsp;juhendid \u00e4riplaani koostamiseks, ettev\u00f5tlusega alustamiseks jt.<\/p>\n\n\n\n<p><strong>Eestikeelsed:<\/strong><\/p>\n\n\n\n<p><a href=\"https:\/\/www.areng.ee\/\">Areng.ee<\/a><br>Eesti videoloengute portaal. Juhtimis-, turundus-, personalijuhtimis-, teenindus-, m\u00fc\u00fcgi-, investeerimis-, raamatupidamis-, motivatsiooni-, ja innovatsiooniteemalised loengud.<\/p>\n\n\n\n<p><a href=\"http:\/\/arhiiv.err.ee\/\">Eesti Rahvusringh\u00e4\u00e4lingu arhiiv<\/a><br>Eesti Rahvusringh\u00e4\u00e4lingu (ERR) videoarhiiv, audioarhiiv, fotoarhiiv ; Tallinna \u00dclikooli Balti filmi, meedia, kunstide ja kommunikatsiooni instituudi (BMF) arhiiv.<\/p>\n\n\n\n<p><a href=\"http:\/\/www.inspiratsioon.ee\/\">Inspiratsioon.ee<\/a><br>Arengukeskkond ettev\u00f5tlikule noorele. Videod, koolitused, raamatute kokkuv\u00f5tted jm erinevatel teemadel: motivatsioon,&nbsp; inspireerivad inimesed, enesearendamine, ettev\u00f5tlus, loovus.<\/p>\n\n\n\n<p><a href=\"https:\/\/www.lhv.ee\/et\/investeerimise-abc\">LHV Investeerimiskooli videod<\/a><\/p>\n\n\n\n<p><strong>V\u00f5\u00f5rkeelsed:<\/strong><\/p>\n\n\n\n<p><a href=\"https:\/\/academicearth.org\/\">Academic Earth<\/a><br>Maailma erinevate \u00fclikoolide veebiloengud ja -kursused erinevatel teemadel: ettev\u00f5tlus, rahandus, sotsiaalteadused, matemaatika, keele\u00f5petuse testid, muusika, kunst jne.<\/p>\n\n\n\n<p><a href=\"https:\/\/www.bain.com\/\">Bain &amp; Company<\/a><br>Videod juhtimise, ettev\u00f5tluse, rahanduse jm teemadel.<\/p>\n\n\n\n<p><a href=\"https:\/\/search.ebscohost.com\/\">EBSCO &#8211; Business Source Ultimate<\/a><br>Business Searching Interface &#8211; Harvard Business Schooli videoloengud.&nbsp;<\/p>\n\n\n\n<p><a href=\"http:\/\/www.openculture.com\/\">Open Culture<\/a><br>Videod, e-kursused, e-raamatud, heliraamatud erinevates valdkondades, nt kirjandus,&nbsp;bioloogia jne.<\/p>\n","protected":false},"excerpt":{"rendered":"<p>Teatmematerjalid: HaridussilmEesti hariduse teabev\u00e4rav, mis koondab hariduse, keele- ja noortevaldkonna andmeid, uuringuid. Eesti ja inglise keeles. Hariduss\u00f5nastik NoorteseireNoorte-poliitika arengu-uuringud, statistika. Eesti ja inglise keeles. ERIC Institute of Educational Sciences, haridusalaste artiklite andmebaas. Hariduslooline e-varamuEesti Pedagoogika Arhiivmuuseumi hariduslooline digitaalarhiiv sisaldab digiteeritud k\u00e4sikirju, fotosid, slaide. Lingid: Academic Info: EducationTeemav\u00e4rav, mis pakub juurdep\u00e4\u00e4su hariduse&nbsp;valdkondade Interneti-ressurssidele. Central and East&#8230;<\/p>\n","protected":false},"author":723,"featured_media":0,"parent":11086,"menu_order":1,"comment_status":"closed","ping_status":"closed","template":"","meta":{"_eb_attr":"","footnotes":""},"categories":[64],"semester":[],"campus":[],"class_list":["post-11092","page","type-page","status-publish","hentry","category-raamatukogu"],"acf":[],"_links":{"self":[{"href":"https:\/\/students.ebs.ee\/et\/wp-json\/wp\/v2\/pages\/11092","targetHints":{"allow":["GET"]}}],"collection":[{"href":"https:\/\/students.ebs.ee\/et\/wp-json\/wp\/v2\/pages"}],"about":[{"href":"https:\/\/students.ebs.ee\/et\/wp-json\/wp\/v2\/types\/page"}],"author":[{"embeddable":true,"href":"https:\/\/students.ebs.ee\/et\/wp-json\/wp\/v2\/users\/723"}],"replies":[{"embeddable":true,"href":"https:\/\/students.ebs.ee\/et\/wp-json\/wp\/v2\/comments?post=11092"}],"version-history":[{"count":3,"href":"https:\/\/students.ebs.ee\/et\/wp-json\/wp\/v2\/pages\/11092\/revisions"}],"predecessor-version":[{"id":12420,"href":"https:\/\/students.ebs.ee\/et\/wp-json\/wp\/v2\/pages\/11092\/revisions\/12420"}],"up":[{"embeddable":true,"href":"https:\/\/students.ebs.ee\/et\/wp-json\/wp\/v2\/pages\/11086"}],"wp:attachment":[{"href":"https:\/\/students.ebs.ee\/et\/wp-json\/wp\/v2\/media?parent=11092"}],"wp:term":[{"taxonomy":"category","embeddable":true,"href":"https:\/\/students.ebs.ee\/et\/wp-json\/wp\/v2\/categories?post=11092"},{"taxonomy":"semester","embeddable":true,"href":"https:\/\/students.ebs.ee\/et\/wp-json\/wp\/v2\/semester?post=11092"},{"taxonomy":"campus","embeddable":true,"href":"https:\/\/students.ebs.ee\/et\/wp-json\/wp\/v2\/campus?post=11092"}],"curies":[{"name":"wp","href":"https:\/\/api.w.org\/{rel}","templated":true}]}}