{"id":11090,"date":"2025-09-11T15:13:31","date_gmt":"2025-09-11T12:13:31","guid":{"rendered":"https:\/\/students.ebs.ee\/?page_id=11090"},"modified":"2026-01-12T11:14:08","modified_gmt":"2026-01-12T08:14:08","slug":"ettevotlus","status":"publish","type":"page","link":"https:\/\/students.ebs.ee\/et\/raamatukogu\/teemavarav\/ettevotlus\/","title":{"rendered":"Ettev\u00f5tlus"},"content":{"rendered":"\n<h3 class=\"wp-block-heading\">Teatmematerjalid:<\/h3>\n\n\n\n<p><a href=\"https:\/\/www.corporateinformation.com\/Company-Extensions-Security-Identifiers.aspx\">Definitions of Company Extensions around the World<\/a><\/p>\n\n\n\n<p><a href=\"http:\/\/lexicon.ft.com\/\">Financial Times Lexicon<\/a><br>Majandus- ja rahandusalaste terminite leksikon.<\/p>\n\n\n\n<h3 class=\"wp-block-heading\">Infoportaalid:<\/h3>\n\n\n\n<p><a href=\"http:\/\/www.rik.ee\/et\/e-ariregister\">E-\u00e4riregister<\/a><br>E-\u00e4riregister kajastab k\u00f5igi Eestis registreeritud juriidiliste isikute andmeid reaalajas. Eesti ja inglise keeles.<\/p>\n\n\n\n<p><a href=\"https:\/\/data.stat.ee\/profile\/country\/ee\/?locale=et\">Eesti v\u00e4liskaubandus<\/a><br>Statistikaameti Eesti v\u00e4liskaubanduse rakendus, infograafikud, import-eksport artiklid jm. Eesti ja inglise keeles.<br>Statistikaameti&nbsp;<a href=\"https:\/\/juhtimislauad.stat.ee\/\">Juhtimislaud<\/a>&nbsp;&#8211; infograafikud turismi, noorteseire, piirkondlik statistika.<\/p>\n\n\n\n<p><a href=\"https:\/\/www.europages.com\/\">Europages<\/a><br>Kontaktandmed ja info Euroopa ettev\u00f5tete kohta.<\/p>\n\n\n\n<p><a href=\"https:\/\/www.creditinfo.ee\/\">Creditinfo<\/a><\/p>\n\n\n\n<p>Ettev\u00f5tlus- ja turundusinfo andmebaas Eesti ja v\u00e4lismaiste ettev\u00f5tete kohta. Eesti, inglise ja vene keeles.<\/p>\n\n\n\n<h3 class=\"wp-block-heading\">Lingid:<\/h3>\n\n\n\n<p><a href=\"http:\/\/bizmove.com\/\">BizMove<\/a><br>V\u00e4ikeettev\u00f5tluse alased Interneti ressursid.<\/p>\n\n\n\n<p><a href=\"https:\/\/www.bizfilings.com\/toolkit\/index\">Business Owner`s Toolkit<\/a><br>V\u00e4ikeettev\u00f5tluse alased infoallikad.<\/p>\n\n\n\n<p><a href=\"http:\/\/www.brint.com\/interest.html\">Business Technology Management Best Practices<\/a><br>E-\u00e4ri, tehnoloogia ja teadmusjuhtimise alane portaal. Annoteeritud lingid, ajakirjad, toimetised, juhtumid.<\/p>\n\n\n\n<p><a href=\"http:\/\/www.enterweb.org\/\">ENTERWeb<\/a><br>Ettev\u00f5tlust, rahvusvahelist kaubandust ja majandusteadust k\u00e4sitlevad Interneti ressursid.<\/p>\n\n\n\n<p><a href=\"https:\/\/insuranceranked.com\/business-insurance\/reviews\/simply-business\">Insurance Ranked<\/a><br>Simply Business on veebip\u00f5hine ettev\u00f5tete kindlustusplatvorm, mis aitab v\u00e4ikeettev\u00f5tetel leida kindlustuskatte.<\/p>\n\n\n\n<p><a href=\"https:\/\/biblio.laurentian.ca\/guides\/magportalcom\">MagPortal.com: Magazine Articles on Business<\/a><br>Ettev\u00f5tluse ja turunduse teemaliste ajakirjade t\u00e4istekstid.<\/p>\n\n\n\n<p><a href=\"https:\/\/seilecs.ee\/\">Seilecs<\/a><br>Eestikeelsed logistika- ja transpordialased materjalid, logistika\u00f5pik jm.<\/p>\n\n\n\n<h3 class=\"wp-block-heading\">\u00c4riplaanid:<\/h3>\n\n\n\n<p><a href=\"https:\/\/www.youtube.com\/user\/UllePihlak\">\u00dclle Pihlak YouTube`i kanal<\/a><br><a href=\"https:\/\/www.youtube.com\/watch?v=69ajkNiIOqk&amp;list=PLsH4CpMFSEEW545pvU8bIgX7QGn4eZmTJ\">Eestikeelsed<\/a>&nbsp;ja&nbsp;<a href=\"https:\/\/www.youtube.com\/watch?v=MEjDbYMUmWk&amp;list=PLsH4CpMFSEEUgm_1rOi_yuv8cqfMpu0Dg\">ingliskeelsed<\/a>&nbsp;juhendid \u00e4riplaani koostamiseks, ettev\u00f5tlusega alustamiseks.<\/p>\n\n\n\n<p><a href=\"http:\/\/www.business-plans.co.uk\/\">Business Plan Guide<\/a><br>Informatsioon \u00e4riplaani koostamiseks.<\/p>\n\n\n\n<p><a href=\"https:\/\/www.bplans.com\/\">Business Plans<\/a><br>\u00c4riplaanide koostamise soovitused.<\/p>\n\n\n\n<p><a href=\"https:\/\/www.entrepreneur.com\/\">Entrepreneur.com<\/a><br>Juhised ettev\u00f5tte loomiseks, \u00e4riplaanide, m\u00fc\u00fcgi, turunduse, e-\u00e4ri ja finantsplaanide koostamiseks.<\/p>\n\n\n\n<p><a href=\"https:\/\/www.opencolleges.edu.au\/careers\/how-write-business-plan\">How to write a business plan<\/a><br>Open Colleges e-kursused, sh \u00e4riplaani koostamise soovitused.<\/p>\n","protected":false},"excerpt":{"rendered":"<p>Teatmematerjalid: Definitions of Company Extensions around the World Financial Times LexiconMajandus- ja rahandusalaste terminite leksikon. Infoportaalid: E-\u00e4riregisterE-\u00e4riregister kajastab k\u00f5igi Eestis registreeritud juriidiliste isikute andmeid reaalajas. Eesti ja inglise keeles. Eesti v\u00e4liskaubandusStatistikaameti Eesti v\u00e4liskaubanduse rakendus, infograafikud, import-eksport artiklid jm. Eesti ja inglise keeles.Statistikaameti&nbsp;Juhtimislaud&nbsp;&#8211; infograafikud turismi, noorteseire, piirkondlik statistika. EuropagesKontaktandmed ja info Euroopa ettev\u00f5tete kohta. Creditinfo Ettev\u00f5tlus-&#8230;<\/p>\n","protected":false},"author":723,"featured_media":0,"parent":11086,"menu_order":1,"comment_status":"closed","ping_status":"closed","template":"","meta":{"_eb_attr":"","footnotes":""},"categories":[64],"semester":[],"campus":[],"class_list":["post-11090","page","type-page","status-publish","hentry","category-raamatukogu"],"acf":[],"_links":{"self":[{"href":"https:\/\/students.ebs.ee\/et\/wp-json\/wp\/v2\/pages\/11090","targetHints":{"allow":["GET"]}}],"collection":[{"href":"https:\/\/students.ebs.ee\/et\/wp-json\/wp\/v2\/pages"}],"about":[{"href":"https:\/\/students.ebs.ee\/et\/wp-json\/wp\/v2\/types\/page"}],"author":[{"embeddable":true,"href":"https:\/\/students.ebs.ee\/et\/wp-json\/wp\/v2\/users\/723"}],"replies":[{"embeddable":true,"href":"https:\/\/students.ebs.ee\/et\/wp-json\/wp\/v2\/comments?post=11090"}],"version-history":[{"count":3,"href":"https:\/\/students.ebs.ee\/et\/wp-json\/wp\/v2\/pages\/11090\/revisions"}],"predecessor-version":[{"id":12418,"href":"https:\/\/students.ebs.ee\/et\/wp-json\/wp\/v2\/pages\/11090\/revisions\/12418"}],"up":[{"embeddable":true,"href":"https:\/\/students.ebs.ee\/et\/wp-json\/wp\/v2\/pages\/11086"}],"wp:attachment":[{"href":"https:\/\/students.ebs.ee\/et\/wp-json\/wp\/v2\/media?parent=11090"}],"wp:term":[{"taxonomy":"category","embeddable":true,"href":"https:\/\/students.ebs.ee\/et\/wp-json\/wp\/v2\/categories?post=11090"},{"taxonomy":"semester","embeddable":true,"href":"https:\/\/students.ebs.ee\/et\/wp-json\/wp\/v2\/semester?post=11090"},{"taxonomy":"campus","embeddable":true,"href":"https:\/\/students.ebs.ee\/et\/wp-json\/wp\/v2\/campus?post=11090"}],"curies":[{"name":"wp","href":"https:\/\/api.w.org\/{rel}","templated":true}]}}