{"id":11086,"date":"2025-09-11T09:45:59","date_gmt":"2025-09-11T06:45:59","guid":{"rendered":"https:\/\/students.ebs.ee\/?page_id=11086"},"modified":"2025-09-15T09:08:01","modified_gmt":"2025-09-15T06:08:01","slug":"teemavarav","status":"publish","type":"page","link":"https:\/\/students.ebs.ee\/et\/raamatukogu\/teemavarav\/","title":{"rendered":"Teemav\u00e4rav"},"content":{"rendered":"\n<p>Teemav\u00e4rav sisaldab vaba juurdep\u00e4\u00e4suga Interneti allikaid &#8211; infoportaale, virtuaalraamatukogusid, teatmematerjale, terminoloogias\u00f5naraamatuid, ajakirjade t\u00e4istekstandmebaase, e-raamatuid jne.<\/p>\n\n\n\n<p>EBS G\u00fcmnaasiumile soovituslikud veebisaidid erinevate teemadel: keeleteadus, matemaatika, muusika, ajalugu jm &#8211;\u00a0<strong><a href=\"https:\/\/students.ebs.ee\/wp-content\/uploads\/2025\/09\/Gumnaasiumile-soovituslikud-veebisaidid.pdf\">Nimestik<\/a><\/strong><\/p>\n\n\n\n<figure class=\"wp-block-gallery has-nested-images columns-default is-cropped wp-block-gallery-1 is-layout-flex wp-block-gallery-is-layout-flex\">\n<figure class=\"wp-block-image size-large\"><a href=\"https:\/\/students.ebs.ee\/et\/raamatukogu\/eetika-filosoofia\/\"><img loading=\"lazy\" decoding=\"async\" width=\"300\" height=\"200\" data-id=\"11021\" src=\"https:\/\/students.ebs.ee\/wp-content\/uploads\/2025\/09\/image.png\" alt=\"\" class=\"wp-image-11021\"\/><\/a><\/figure>\n\n\n\n<figure class=\"wp-block-image size-large\"><a href=\"https:\/\/students.ebs.ee\/et\/raamatukogu\/teemavarav\/ettevotlus\/\"><img loading=\"lazy\" decoding=\"async\" width=\"300\" height=\"200\" data-id=\"11031\" src=\"https:\/\/students.ebs.ee\/wp-content\/uploads\/2025\/09\/2.-Ettevotlus-est.png\" alt=\"\" class=\"wp-image-11031\"\/><\/a><\/figure>\n\n\n\n<figure class=\"wp-block-image size-large\"><a href=\"https:\/\/students.ebs.ee\/et\/raamatukogu\/teemavarav\/haridus-e-ope\/\"><img loading=\"lazy\" decoding=\"async\" width=\"300\" height=\"200\" data-id=\"11029\" src=\"https:\/\/students.ebs.ee\/wp-content\/uploads\/2025\/09\/3.-Haridus-est.png\" alt=\"\" class=\"wp-image-11029\"\/><\/a><\/figure>\n\n\n\n<figure class=\"wp-block-image size-large\"><a href=\"https:\/\/students.ebs.ee\/et\/raamatukogu\/teemavarav\/juhtimine\/\"><img loading=\"lazy\" decoding=\"async\" width=\"300\" height=\"200\" data-id=\"11051\" src=\"https:\/\/students.ebs.ee\/wp-content\/uploads\/2025\/09\/4.-Juhtimine-est.png\" alt=\"\" class=\"wp-image-11051\"\/><\/a><\/figure>\n\n\n\n<figure class=\"wp-block-image size-large\"><a href=\"https:\/\/students.ebs.ee\/et\/raamatukogu\/teemavarav\/keeleteadus-kirjandusteadus-e-raamatud\/\"><img loading=\"lazy\" decoding=\"async\" width=\"300\" height=\"200\" data-id=\"11049\" src=\"https:\/\/students.ebs.ee\/wp-content\/uploads\/2025\/09\/5.-Kirjandusteadus-est.png\" alt=\"\" class=\"wp-image-11049\"\/><\/a><\/figure>\n\n\n\n<figure class=\"wp-block-image size-large\"><a href=\"https:\/\/students.ebs.ee\/et\/raamatukogu\/teemavarav\/kultuur-loomemajandus\/\"><img loading=\"lazy\" decoding=\"async\" width=\"300\" height=\"200\" data-id=\"11047\" src=\"https:\/\/students.ebs.ee\/wp-content\/uploads\/2025\/09\/6.-Kultuur.png\" alt=\"\" class=\"wp-image-11047\"\/><\/a><\/figure>\n\n\n\n<figure class=\"wp-block-image size-large\"><a href=\"https:\/\/students.ebs.ee\/et\/raamatukogu\/teemavarav\/loodusteadused\/\"><img loading=\"lazy\" decoding=\"async\" width=\"300\" height=\"200\" data-id=\"11045\" src=\"https:\/\/students.ebs.ee\/wp-content\/uploads\/2025\/09\/7.-Loodusteadused-est.png\" alt=\"\" class=\"wp-image-11045\"\/><\/a><\/figure>\n\n\n\n<figure class=\"wp-block-image size-large\"><a href=\"https:\/\/students.ebs.ee\/et\/raamatukogu\/teemavarav\/majandus\/\"><img loading=\"lazy\" decoding=\"async\" width=\"300\" height=\"200\" data-id=\"11043\" src=\"https:\/\/students.ebs.ee\/wp-content\/uploads\/2025\/09\/8.-Majandus.png\" alt=\"\" class=\"wp-image-11043\"\/><\/a><\/figure>\n\n\n\n<figure class=\"wp-block-image size-large\"><a href=\"https:\/\/students.ebs.ee\/et\/raamatukogu\/teemavarav\/majandusarvestus\/\"><img loading=\"lazy\" decoding=\"async\" width=\"300\" height=\"200\" data-id=\"11041\" src=\"https:\/\/students.ebs.ee\/wp-content\/uploads\/2025\/09\/9.-Majandusarvestus.png\" alt=\"\" class=\"wp-image-11041\"\/><\/a><\/figure>\n\n\n\n<figure class=\"wp-block-image size-large\"><a href=\"https:\/\/students.ebs.ee\/et\/raamatukogu\/teemavarav\/informaatika-matemaatika-statistika\/\"><img loading=\"lazy\" decoding=\"async\" width=\"300\" height=\"200\" data-id=\"11039\" src=\"https:\/\/students.ebs.ee\/wp-content\/uploads\/2025\/09\/10.-Matemaatika.png\" alt=\"\" class=\"wp-image-11039\"\/><\/a><\/figure>\n\n\n\n<figure class=\"wp-block-image size-large\"><a href=\"https:\/\/students.ebs.ee\/et\/raamatukogu\/teemavarav\/psuhholoogia-sotsioloogia\/\"><img loading=\"lazy\" decoding=\"async\" width=\"300\" height=\"200\" data-id=\"11037\" src=\"https:\/\/students.ebs.ee\/wp-content\/uploads\/2025\/09\/11.-Psuhholoogia.png\" alt=\"\" class=\"wp-image-11037\"\/><\/a><\/figure>\n\n\n\n<figure class=\"wp-block-image size-large\"><a href=\"https:\/\/students.ebs.ee\/et\/raamatukogu\/teemavarav\/rahandus-pangandus\/\"><img loading=\"lazy\" decoding=\"async\" width=\"300\" height=\"200\" data-id=\"11035\" src=\"https:\/\/students.ebs.ee\/wp-content\/uploads\/2025\/09\/12.-Rahandus.png\" alt=\"\" class=\"wp-image-11035\"\/><\/a><\/figure>\n\n\n\n<figure class=\"wp-block-image size-large\"><a href=\"https:\/\/students.ebs.ee\/et\/raamatukogu\/teemavarav\/teadustoo\/\"><img loading=\"lazy\" decoding=\"async\" width=\"300\" height=\"200\" data-id=\"11076\" src=\"https:\/\/students.ebs.ee\/wp-content\/uploads\/2025\/09\/ResearchEST.png\" alt=\"\" class=\"wp-image-11076\"\/><\/a><\/figure>\n\n\n\n<figure class=\"wp-block-image size-large\"><a href=\"https:\/\/students.ebs.ee\/et\/raamatukogu\/teemavarav\/turundus\/\"><img loading=\"lazy\" decoding=\"async\" width=\"300\" height=\"200\" data-id=\"11074\" src=\"https:\/\/students.ebs.ee\/wp-content\/uploads\/2025\/09\/14.-Turundus.png\" alt=\"\" class=\"wp-image-11074\"\/><\/a><\/figure>\n\n\n\n<figure class=\"wp-block-image size-large\"><a href=\"https:\/\/students.ebs.ee\/et\/raamatukogu\/teemavarav\/oigus-poliitika\/\"><img loading=\"lazy\" decoding=\"async\" width=\"300\" height=\"200\" data-id=\"11072\" src=\"https:\/\/students.ebs.ee\/wp-content\/uploads\/2025\/09\/15.-Oigus.png\" alt=\"\" class=\"wp-image-11072\"\/><\/a><\/figure>\n<\/figure>\n","protected":false},"excerpt":{"rendered":"<p>Teemav\u00e4rav sisaldab vaba juurdep\u00e4\u00e4suga Interneti allikaid &#8211; infoportaale, virtuaalraamatukogusid, teatmematerjale, terminoloogias\u00f5naraamatuid, ajakirjade t\u00e4istekstandmebaase, e-raamatuid jne. EBS G\u00fcmnaasiumile soovituslikud veebisaidid erinevate teemadel: keeleteadus, matemaatika, muusika, ajalugu jm &#8211;\u00a0Nimestik<\/p>\n","protected":false},"author":723,"featured_media":0,"parent":10924,"menu_order":15,"comment_status":"closed","ping_status":"closed","template":"","meta":{"_eb_attr":"","footnotes":""},"categories":[64],"semester":[],"campus":[],"class_list":["post-11086","page","type-page","status-publish","hentry","category-raamatukogu"],"acf":[],"_links":{"self":[{"href":"https:\/\/students.ebs.ee\/et\/wp-json\/wp\/v2\/pages\/11086","targetHints":{"allow":["GET"]}}],"collection":[{"href":"https:\/\/students.ebs.ee\/et\/wp-json\/wp\/v2\/pages"}],"about":[{"href":"https:\/\/students.ebs.ee\/et\/wp-json\/wp\/v2\/types\/page"}],"author":[{"embeddable":true,"href":"https:\/\/students.ebs.ee\/et\/wp-json\/wp\/v2\/users\/723"}],"replies":[{"embeddable":true,"href":"https:\/\/students.ebs.ee\/et\/wp-json\/wp\/v2\/comments?post=11086"}],"version-history":[{"count":4,"href":"https:\/\/students.ebs.ee\/et\/wp-json\/wp\/v2\/pages\/11086\/revisions"}],"predecessor-version":[{"id":11158,"href":"https:\/\/students.ebs.ee\/et\/wp-json\/wp\/v2\/pages\/11086\/revisions\/11158"}],"up":[{"embeddable":true,"href":"https:\/\/students.ebs.ee\/et\/wp-json\/wp\/v2\/pages\/10924"}],"wp:attachment":[{"href":"https:\/\/students.ebs.ee\/et\/wp-json\/wp\/v2\/media?parent=11086"}],"wp:term":[{"taxonomy":"category","embeddable":true,"href":"https:\/\/students.ebs.ee\/et\/wp-json\/wp\/v2\/categories?post=11086"},{"taxonomy":"semester","embeddable":true,"href":"https:\/\/students.ebs.ee\/et\/wp-json\/wp\/v2\/semester?post=11086"},{"taxonomy":"campus","embeddable":true,"href":"https:\/\/students.ebs.ee\/et\/wp-json\/wp\/v2\/campus?post=11086"}],"curies":[{"name":"wp","href":"https:\/\/api.w.org\/{rel}","templated":true}]}}