{"id":10947,"date":"2025-09-09T20:06:24","date_gmt":"2025-09-09T17:06:24","guid":{"rendered":"https:\/\/students.ebs.ee\/?page_id=10947"},"modified":"2025-09-15T09:32:01","modified_gmt":"2025-09-15T06:32:01","slug":"kasulikke-linke","status":"publish","type":"page","link":"https:\/\/students.ebs.ee\/et\/raamatukogu\/kasulikke-linke\/","title":{"rendered":"Kasulikke linke"},"content":{"rendered":"\n<ul class=\"wp-block-list\">\n<li><a href=\"https:\/\/apastyle.apa.org\/style-grammar-guidelines\">APA Style Guide (American&nbsp;Psychological Association)<\/a><\/li>\n\n\n\n<li><strong><a href=\"https:\/\/students.ebs.ee\/wp-content\/uploads\/2025\/09\/EBS_Stiilijuhend_september2025_28.08.2025.pdf\">Kirjalike t\u00f6\u00f6de vormistamine Estonian Business School`is, 2025<\/a><\/strong><\/li>\n\n\n\n<li><strong><a href=\"https:\/\/students.ebs.ee\/wp-content\/uploads\/2025\/09\/EBSi-suunis-tekstiroboti-kasutamiseks-oppetoos.pdf\">EBSi suunis tekstiroboti kasutamiseks \u00f5ppet\u00f6\u00f6s<\/a><\/strong><\/li>\n\n\n\n<li><strong><a href=\"https:\/\/students.ebs.ee\/wp-content\/uploads\/2025\/09\/EBS-guidelines-for-using-AI-chatbots-for-teaching-and-studies.pdf\">EBS Guidelines for Using AI Chatbots for Teaching and Studies<\/a><\/strong><\/li>\n\n\n\n<li>Vabavaraline viidete haldur <strong><a href=\"https:\/\/www.zotero.org\/\">Zotero<\/a><\/strong>.&nbsp;<a href=\"https:\/\/www.youtube.com\/watch?v=BQL_7C-YqBk\">Ingliskeelne video<\/a>.<\/li>\n\n\n\n<li><a href=\"http:\/\/www.ester.ee\/\" target=\"_blank\" rel=\"noreferrer noopener\">ESTER<\/a><br>Eesti raamatukogude e-kataloog.<\/li>\n\n\n\n<li><a href=\"https:\/\/www.e-varamu.ee\/\" target=\"_blank\" rel=\"noreferrer noopener\">E-varamu<\/a><br>Eesti m\u00e4luasutuste, raamatukogude, arhiivide, muuseumide \u00fchisotsingu portaal. Eesti, inglise ja vene keeles.<\/li>\n\n\n\n<li><a href=\"https:\/\/portaal-nlib-ee-primo.hosted.exlibrisgroup.com\/primo-explore\/search?sortby=rank&amp;vid=372NLE_V1&amp;lang=et_EE\">Eesti Rahvusraamatukogu otsinguportaal<\/a><br>Portaali kaudu on k\u00e4ttesaadavad erinevad e-raamatud, e-ajakirjad, litsentsiandmebaasid, Eesti ja maailma raamatukogude kataloogid jne.<\/li>\n\n\n\n<li><a href=\"http:\/\/www.eestipank.ee\/\" target=\"_blank\" rel=\"noreferrer noopener\">Eesti Pank<\/a><br>Eesti Panga v\u00e4ljaannete veebiversioonid, \u00fclevaade rahas\u00fcsteemidest, uuringud, majandus\u00fclevaated, s\u00f5nastik. Eesti ja inglise keeles.<\/li>\n\n\n\n<li><a href=\"http:\/\/www.riigiteataja.ee\/\" target=\"_blank\" rel=\"noreferrer noopener\">Elektrooniline Riigi Teataja<\/a>&nbsp;<br>Eesti \u00f5igusaktid, kohtuotsuste kokkuv\u00f5tted, kohtu- ja seaduseuudised.&nbsp;T\u00f5lked inglise ja vene keeles.<\/li>\n\n\n\n<li><a href=\"http:\/\/www.stat.ee\/\" target=\"_blank\" rel=\"noreferrer noopener\">Statistikaamet<\/a><br>Eesti statistika andmebaasid ja v\u00e4ljaanded. Eesti ja inglise keeles.<\/li>\n\n\n\n<li><a href=\"http:\/\/ec.europa.eu\/eurostat\" target=\"_blank\" rel=\"noreferrer noopener\">EUROSTAT<\/a><br>Euroopa riikide statistika. Inglise, saksa ja prantsuse keeles.<\/li>\n\n\n\n<li><a href=\"https:\/\/www.cia.gov\/the-world-factbook\/\">The World Factbook<\/a><\/li>\n\n\n\n<li>Central Intelligence Agency (CIA). Taustinfo maailma riikide kohta, statistika, maakaardid, lipud, andmed rahvusvaheliste organisatsioonide kohta.<\/li>\n\n\n\n<li><a href=\"https:\/\/finna.fi\/\" target=\"_blank\" rel=\"noreferrer noopener\">Finna.fi<\/a><br>Soome m\u00e4luasutuste, raamatukogude, arhiivide, muuseumide \u00fchisotsingu portaal. Soome, inglise ja rootsi keeles.<\/li>\n\n\n\n<li><a href=\"https:\/\/melinda.kansalliskirjasto.fi\/F\/?func=find-b-0&amp;con_lng=fin&amp;local_base=fin01_opac\">MELINDA<\/a><br>Soome&nbsp;raamatukogude&nbsp;e-kataloog.<\/li>\n<\/ul>\n\n\n\n<ul class=\"wp-block-list\"><\/ul>\n\n\n\n<ul class=\"wp-block-list\"><\/ul>\n\n\n\n<ul class=\"wp-block-list\"><\/ul>\n","protected":false},"excerpt":{"rendered":"","protected":false},"author":723,"featured_media":0,"parent":10924,"menu_order":19,"comment_status":"closed","ping_status":"closed","template":"","meta":{"_eb_attr":"","footnotes":""},"categories":[64],"semester":[],"campus":[],"class_list":["post-10947","page","type-page","status-publish","hentry","category-raamatukogu"],"acf":[],"_links":{"self":[{"href":"https:\/\/students.ebs.ee\/et\/wp-json\/wp\/v2\/pages\/10947","targetHints":{"allow":["GET"]}}],"collection":[{"href":"https:\/\/students.ebs.ee\/et\/wp-json\/wp\/v2\/pages"}],"about":[{"href":"https:\/\/students.ebs.ee\/et\/wp-json\/wp\/v2\/types\/page"}],"author":[{"embeddable":true,"href":"https:\/\/students.ebs.ee\/et\/wp-json\/wp\/v2\/users\/723"}],"replies":[{"embeddable":true,"href":"https:\/\/students.ebs.ee\/et\/wp-json\/wp\/v2\/comments?post=10947"}],"version-history":[{"count":3,"href":"https:\/\/students.ebs.ee\/et\/wp-json\/wp\/v2\/pages\/10947\/revisions"}],"predecessor-version":[{"id":11172,"href":"https:\/\/students.ebs.ee\/et\/wp-json\/wp\/v2\/pages\/10947\/revisions\/11172"}],"up":[{"embeddable":true,"href":"https:\/\/students.ebs.ee\/et\/wp-json\/wp\/v2\/pages\/10924"}],"wp:attachment":[{"href":"https:\/\/students.ebs.ee\/et\/wp-json\/wp\/v2\/media?parent=10947"}],"wp:term":[{"taxonomy":"category","embeddable":true,"href":"https:\/\/students.ebs.ee\/et\/wp-json\/wp\/v2\/categories?post=10947"},{"taxonomy":"semester","embeddable":true,"href":"https:\/\/students.ebs.ee\/et\/wp-json\/wp\/v2\/semester?post=10947"},{"taxonomy":"campus","embeddable":true,"href":"https:\/\/students.ebs.ee\/et\/wp-json\/wp\/v2\/campus?post=10947"}],"curies":[{"name":"wp","href":"https:\/\/api.w.org\/{rel}","templated":true}]}}