{"id":10945,"date":"2025-09-09T20:05:11","date_gmt":"2025-09-09T17:05:11","guid":{"rendered":"https:\/\/students.ebs.ee\/?page_id=10945"},"modified":"2025-12-17T10:39:05","modified_gmt":"2025-12-17T07:39:05","slug":"raamatunaitused","status":"publish","type":"page","link":"https:\/\/students.ebs.ee\/et\/raamatukogu\/raamatunaitused\/","title":{"rendered":"Raamatun\u00e4itused"},"content":{"rendered":"\n<p><strong>Jaanuar &#8211; aprill 2026<\/strong><br><strong><a href=\"https:\/\/docs.google.com\/presentation\/d\/e\/2PACX-1vRCsSldN0gKPu5Jqg6FN7ysvSol2u81_lCrl-UY45zK8LiwW88X6WYFtJDoRBImYwR_yVDADGYUnEx5\/pub?start=true&amp;loop=true&amp;delayms=15000\" data-type=\"link\" data-id=\"https:\/\/docs.google.com\/presentation\/d\/e\/2PACX-1vRCsSldN0gKPu5Jqg6FN7ysvSol2u81_lCrl-UY45zK8LiwW88X6WYFtJDoRBImYwR_yVDADGYUnEx5\/pub?start=true&amp;loop=true&amp;delayms=15000\">Raamatun\u00e4itus &#8220;Heaolu t\u00f6\u00f6l&#8221;<\/a><\/strong><br>N\u00e4itusel on v\u00e4ljas eesti- ja ingliskeelsed raamatud t\u00f6\u00f6rahulolu ja heaolu teemadel.<br>N\u00e4ituse nimestiku leiate <a href=\"https:\/\/students.ebs.ee\/wp-content\/uploads\/2025\/12\/Nimestik-naitus-Workplace-wellbeing.pdf\">SIIT<\/a>.<br><\/p>\n\n\n\n<p><strong>September &#8211; detsember 2025<br><a href=\"https:\/\/docs.google.com\/presentation\/d\/e\/2PACX-1vSnlo7srnsi2-TSC7W42XP-DhzzTytupnBjS6Ss2p9OLSnezmxMuMWlK13WM2L73Y5c0Of9VCNEmkp8\/pub?start=true&amp;loop=true&amp;delayms=15000\">Raamatun\u00e4itus &#8220;Kvantp\u00f6\u00f6re &#8211; kuidas defineerida reaalsust&#8221;<\/a><\/strong><br>\u00dchinenud Rahvaste Organisatsioon on kuulutanud&nbsp;<a href=\"https:\/\/quantum2025.org\/\">2025. aasta kvantteaduse ja -tehnoloogia aastaks<\/a>.<br>Raamatun\u00e4ituse nimekirja leiate&nbsp;<strong><a href=\"https:\/\/students.ebs.ee\/wp-content\/uploads\/2025\/09\/Nimekiri-Kvantteooria-aasta-september-jaanuar-2025.pdf\">SIIT<\/a><\/strong>.<\/p>\n\n\n\n<p><\/p>\n\n\n\n<p><strong>Raamatun\u00e4itused \u201cEBS 35\u201d<\/strong><\/p>\n\n\n\n<p><strong>&nbsp;<a href=\"http:\/\/madishabakuk.weebly.com\/\">&#8220;Professor Madis Habakuk &#8211; 85&#8221;<\/a><\/strong><br>P\u00fchendus- ja meenutusn\u00e4itus.<\/p>\n\n\n\n<p><strong><a href=\"https:\/\/docs.google.com\/presentation\/d\/e\/2PACX-1vQiXoWwNa-7DhWsgc2ICTxg3Ji6UICVCOiNZZNGW-SAFZIGldDqeg1qMnidmFE9piczJ0yQafR_WF1t\/pub?start=true&amp;loop=false&amp;delayms=60000\">\u201eHingedekuu &#8211; m\u00e4letades EBSi inimesi\u201c<\/a>&nbsp;<\/strong><br>Raamatun\u00e4itusel on v\u00e4ljas valik lahkunud EBSi \u00f5ppej\u00f5udude poolt kirjutatud raamatuid.<\/p>\n\n\n\n<p><strong>&nbsp;<a href=\"https:\/\/docs.google.com\/presentation\/d\/e\/2PACX-1vRVaJo2ncJnNhW4EfTRXH1hqkJty6zso6kilgbv73Dsl0UyeJ2pnlk6TumS2JKcnAIurX2o2w1MvwRH\/pub?start=false&amp;loop=true&amp;delayms=60000\">\u201eEBSi ajalugu l\u00e4bi kujunduse prisma: etiketid, bukletid, reklaamid\u201c<\/a><\/strong><br>N\u00e4itus pakub tutvumiseks valiku eri aegadest p\u00e4rit buklette, reklaame, visiitkaarte, aineprogramme, mis k\u00f5nelevad oma aja esteetika kontekstis EBSi identiteedi arengust<strong>.<\/strong><\/p>\n\n\n\n<p><strong><a href=\"https:\/\/students.ebs.ee\/wp-content\/uploads\/2025\/09\/Vanimad-raamatud-EBSi-raamatukogus.pdf\">Valik k\u00f5ige erilisemaid raamatuid EBSi raamatukogus<\/a><\/strong><br>N\u00e4itus EBSi raamatukogu raamatutest.<\/p>\n\n\n\n<p><\/p>\n\n\n\n<h2 class=\"wp-block-heading\">EBSi \u00f5ppej\u00f5udude personaalnimestikud<\/h2>\n\n\n\n<h3 class=\"wp-block-heading\">Bibliograafiad<\/h3>\n\n\n\n<ul class=\"wp-block-list\">\n<li><a href=\"https:\/\/www.digar.ee\/arhiiv\/et\/raamatud\/16211\">Estonian Business Schooli bibliograafianimestik<\/a><\/li>\n<\/ul>\n\n\n\n<h3 class=\"wp-block-heading\">Sari &#8220;EBSi rektorid&#8221;<\/h3>\n\n\n\n<ul class=\"wp-block-list\">\n<li><a href=\"http:\/\/www.digar.ee\/id\/nlib-digar:109896\">Madis Habakuke personaalnimestik<\/a><\/li>\n\n\n\n<li><a href=\"http:\/\/www.digar.ee\/id\/nlib-digar:121792\">Olav Aarna personaalnimestik<\/a><\/li>\n\n\n\n<li><a href=\"http:\/\/www.digar.ee\/id\/nlib-digar:118532\">Peeter Krossi personaalnimestik<\/a><\/li>\n<\/ul>\n\n\n\n<h3 class=\"wp-block-heading\">Sari &#8220;EBSi \u00f5ppej\u00f5ud&#8221;<\/h3>\n\n\n\n<ul class=\"wp-block-list\">\n<li><a href=\"http:\/\/www.digar.ee\/arhiiv\/et\/raamatud\/22962\" target=\"_blank\" rel=\"noreferrer noopener\">Ruth Alase personaalnimestik<\/a><\/li>\n\n\n\n<li><a href=\"http:\/\/www.digar.ee\/arhiiv\/et\/raamatud\/63631\" target=\"_blank\" rel=\"noreferrer noopener\">Tiit Elenurme personaalnimestik<\/a><\/li>\n\n\n\n<li><a href=\"http:\/\/www.digar.ee\/arhiiv\/nlib-digar:311266\" target=\"_blank\" rel=\"noreferrer noopener\">Urmas Arum\u00e4e personaalnimestik<\/a><\/li>\n\n\n\n<li><a href=\"https:\/\/www.digar.ee\/arhiiv\/nlib-digar:379844\">Elena Pruvli personaalnimestik<\/a><\/li>\n\n\n\n<li><a href=\"http:\/\/www.digar.ee\/id\/nlib-digar:418788\">\u00dclle Pihlaku personaalnimestik<\/a><\/li>\n<\/ul>\n\n\n\n<h3 class=\"wp-block-heading\">Sari &#8220;EBSi \u00f5ppej\u00f5udude veebisaidid&#8221;<\/h3>\n\n\n\n<ul class=\"wp-block-list\">\n<li><a href=\"http:\/\/madishabakuk.weebly.com\/\" target=\"_blank\" rel=\"noreferrer noopener\">Madis Habakuke personaalnimestik<\/a><\/li>\n\n\n\n<li><a href=\"http:\/\/ruthalas.weebly.com\/\" target=\"_blank\" rel=\"noreferrer noopener\">Ruth Alase personaalnimestik<\/a><\/li>\n<\/ul>\n","protected":false},"excerpt":{"rendered":"<p>Jaanuar &#8211; aprill 2026Raamatun\u00e4itus &#8220;Heaolu t\u00f6\u00f6l&#8221;N\u00e4itusel on v\u00e4ljas eesti- ja ingliskeelsed raamatud t\u00f6\u00f6rahulolu ja heaolu teemadel.N\u00e4ituse nimestiku leiate SIIT. September &#8211; detsember 2025Raamatun\u00e4itus &#8220;Kvantp\u00f6\u00f6re &#8211; kuidas defineerida reaalsust&#8221;\u00dchinenud Rahvaste Organisatsioon on kuulutanud&nbsp;2025. aasta kvantteaduse ja -tehnoloogia aastaks.Raamatun\u00e4ituse nimekirja leiate&nbsp;SIIT. Raamatun\u00e4itused \u201cEBS 35\u201d &nbsp;&#8220;Professor Madis Habakuk &#8211; 85&#8221;P\u00fchendus- ja meenutusn\u00e4itus. \u201eHingedekuu &#8211; m\u00e4letades EBSi inimesi\u201c&nbsp;Raamatun\u00e4itusel on&#8230;<\/p>\n","protected":false},"author":723,"featured_media":0,"parent":10924,"menu_order":17,"comment_status":"closed","ping_status":"closed","template":"","meta":{"_eb_attr":"","footnotes":""},"categories":[64],"semester":[],"campus":[],"class_list":["post-10945","page","type-page","status-publish","hentry","category-raamatukogu"],"acf":[],"_links":{"self":[{"href":"https:\/\/students.ebs.ee\/et\/wp-json\/wp\/v2\/pages\/10945","targetHints":{"allow":["GET"]}}],"collection":[{"href":"https:\/\/students.ebs.ee\/et\/wp-json\/wp\/v2\/pages"}],"about":[{"href":"https:\/\/students.ebs.ee\/et\/wp-json\/wp\/v2\/types\/page"}],"author":[{"embeddable":true,"href":"https:\/\/students.ebs.ee\/et\/wp-json\/wp\/v2\/users\/723"}],"replies":[{"embeddable":true,"href":"https:\/\/students.ebs.ee\/et\/wp-json\/wp\/v2\/comments?post=10945"}],"version-history":[{"count":10,"href":"https:\/\/students.ebs.ee\/et\/wp-json\/wp\/v2\/pages\/10945\/revisions"}],"predecessor-version":[{"id":12274,"href":"https:\/\/students.ebs.ee\/et\/wp-json\/wp\/v2\/pages\/10945\/revisions\/12274"}],"up":[{"embeddable":true,"href":"https:\/\/students.ebs.ee\/et\/wp-json\/wp\/v2\/pages\/10924"}],"wp:attachment":[{"href":"https:\/\/students.ebs.ee\/et\/wp-json\/wp\/v2\/media?parent=10945"}],"wp:term":[{"taxonomy":"category","embeddable":true,"href":"https:\/\/students.ebs.ee\/et\/wp-json\/wp\/v2\/categories?post=10945"},{"taxonomy":"semester","embeddable":true,"href":"https:\/\/students.ebs.ee\/et\/wp-json\/wp\/v2\/semester?post=10945"},{"taxonomy":"campus","embeddable":true,"href":"https:\/\/students.ebs.ee\/et\/wp-json\/wp\/v2\/campus?post=10945"}],"curies":[{"name":"wp","href":"https:\/\/api.w.org\/{rel}","templated":true}]}}