{"id":10941,"date":"2025-09-09T20:01:40","date_gmt":"2025-09-09T17:01:40","guid":{"rendered":"https:\/\/students.ebs.ee\/?page_id=10941"},"modified":"2025-11-20T12:46:58","modified_gmt":"2025-11-20T09:46:58","slug":"e-kataloog","status":"publish","type":"page","link":"https:\/\/students.ebs.ee\/et\/raamatukogu\/e-kataloog\/","title":{"rendered":"E-kataloog"},"content":{"rendered":"\n<p><a href=\"https:\/\/www.lugeja.ee\/\">EBSi raamatukogu e-kataloog&nbsp;<\/a>on k\u00e4ttesaadav veebip\u00f5hises s\u00fcsteemis URRAM. E-kataloog sisaldab nii raamatukogus kui lugemissaalis leiduvaid teavikuid.<br>EBSis kaitstud bakalaureuse- ja magistrit\u00f6\u00f6de otsingul valida teaviku laad \u2013&nbsp;<em>K\u00e4sikiri, l<\/em>\u00f5put\u00f6\u00f6de e-versiooni otsimiseks valida teaviku laad \u2013&nbsp;<em>V\u00f5rguv\u00e4ljaanne<\/em>.<br><a href=\"https:\/\/students.ebs.ee\/et\/doctoral-theses\/\" target=\"_blank\" rel=\"noreferrer noopener\">EBSis kaitstud doktorit\u00f6\u00f6de nimekiri<\/a><a href=\"https:\/\/students.ebs.ee\/et\/raamatukogu\/doctoral-theses\/\">.<\/a><a href=\"https:\/\/ebs.ee\/en\/doctoral-theses\">&nbsp;<\/a><br><a href=\"https:\/\/students.ebs.ee\/wp-content\/uploads\/2025\/09\/EBSis-kaitstud-loputoode-otsimise-juhend-kataloogist.pdf\">EBSis kaitstud l\u00f5put\u00f6\u00f6de otsimise juhend e-kataloogis<\/a>.<br><a href=\"https:\/\/students.ebs.ee\/wp-content\/uploads\/2025\/09\/EBSi-raamatukogu-e-kataloogi-kasutusjuhend.pdf\">EBSi raamatukogu e-kataloogi kasutusjuhend<\/a>.<\/p>\n\n\n\n<h2 class=\"wp-block-heading\">E-raamatud:<\/h2>\n\n\n\n<p><a href=\"https:\/\/search.ebscohost.com\/login.aspx?authtype=ip,sso&amp;custid=s1449582&amp;groupid=main&amp;profile=ehost&amp;defaultdb=nlebk\">eBook Collection (EBSCOhost)<\/a><br>Ingliskeelsete e-raamatute andmebaas&nbsp;<a><\/a>ettev\u00f5tluse, majanduse, turunduse, rahanduse jt teemadel.<\/p>\n\n\n\n<p><a href=\"http:\/\/search.proquest.com\/\">ProQuest One Business<\/a><br>Ingliskeelsed e-raamatud majanduse, ettev\u00f5tluse, juhtimise, turunduse jt teemadel.<\/p>\n\n\n\n<p><a href=\"https:\/\/portaal.nlib.ee\/\">Eesti Rahvusraamatukogu otsinguportaal<\/a><br>E-raamatud erinevates valdkondades.&nbsp;<a href=\"https:\/\/sso.nlib.ee\/register?locale=et&amp;service=https%3A%2F%2Fportaal.nlib.ee%2Fcas%2Fpds_main%3Ffunc%3Dload-login%26calling_system%3Dprimo%26institute%3DNLE%26PDS_HANDLE%3D%26url%3Dhttps%3A%2F%2Fportaal-nlib-ee-primo.hosted.exlibrisgroup.com%3A443%2Fprimo_library%2Flibweb%2FpdsLogin%3FtargetURL%3Dhttps%3A%2F%2Fportaal-nlib-ee-primo.hosted.exlibrisgroup.com%2Fprimo-explore%2Fsearch%3Fsortby%3Drank%26vid%3D372NLE_V1%26lang%3Det_EE%26from-new-ui%3D1%26authenticationProfile%3DPDS%26filler%3D\">Registreerimine<\/a>&nbsp;ID-kaardi v\u00f5i Mobiil-IDga.<\/p>\n\n\n\n<p><a href=\"https:\/\/www.opik.ee\/\" target=\"_blank\" rel=\"noreferrer noopener\">OPIQ<\/a>&nbsp;\u2013 kirjastus Avita e-\u00f5pikute platvorm.<\/p>\n\n\n\n<p><a href=\"https:\/\/www.taskutark.ee\/\">TaskuTark \u00d5PI<\/a>&nbsp;\u2013 kirjastuse Maurus e-\u00f5ppe platvorm.<\/p>\n","protected":false},"excerpt":{"rendered":"<p>EBSi raamatukogu e-kataloog&nbsp;on k\u00e4ttesaadav veebip\u00f5hises s\u00fcsteemis URRAM. E-kataloog sisaldab nii raamatukogus kui lugemissaalis leiduvaid teavikuid.EBSis kaitstud bakalaureuse- ja magistrit\u00f6\u00f6de otsingul valida teaviku laad \u2013&nbsp;K\u00e4sikiri, l\u00f5put\u00f6\u00f6de e-versiooni otsimiseks valida teaviku laad \u2013&nbsp;V\u00f5rguv\u00e4ljaanne.EBSis kaitstud doktorit\u00f6\u00f6de nimekiri.&nbsp;EBSis kaitstud l\u00f5put\u00f6\u00f6de otsimise juhend e-kataloogis.EBSi raamatukogu e-kataloogi kasutusjuhend. E-raamatud: eBook Collection (EBSCOhost)Ingliskeelsete e-raamatute andmebaas&nbsp;ettev\u00f5tluse, majanduse, turunduse, rahanduse jt teemadel. ProQuest One&#8230;<\/p>\n","protected":false},"author":723,"featured_media":0,"parent":10924,"menu_order":10,"comment_status":"closed","ping_status":"closed","template":"","meta":{"_eb_attr":"","footnotes":""},"categories":[64],"semester":[],"campus":[],"class_list":["post-10941","page","type-page","status-publish","hentry","category-raamatukogu"],"acf":[],"_links":{"self":[{"href":"https:\/\/students.ebs.ee\/et\/wp-json\/wp\/v2\/pages\/10941","targetHints":{"allow":["GET"]}}],"collection":[{"href":"https:\/\/students.ebs.ee\/et\/wp-json\/wp\/v2\/pages"}],"about":[{"href":"https:\/\/students.ebs.ee\/et\/wp-json\/wp\/v2\/types\/page"}],"author":[{"embeddable":true,"href":"https:\/\/students.ebs.ee\/et\/wp-json\/wp\/v2\/users\/723"}],"replies":[{"embeddable":true,"href":"https:\/\/students.ebs.ee\/et\/wp-json\/wp\/v2\/comments?post=10941"}],"version-history":[{"count":6,"href":"https:\/\/students.ebs.ee\/et\/wp-json\/wp\/v2\/pages\/10941\/revisions"}],"predecessor-version":[{"id":11881,"href":"https:\/\/students.ebs.ee\/et\/wp-json\/wp\/v2\/pages\/10941\/revisions\/11881"}],"up":[{"embeddable":true,"href":"https:\/\/students.ebs.ee\/et\/wp-json\/wp\/v2\/pages\/10924"}],"wp:attachment":[{"href":"https:\/\/students.ebs.ee\/et\/wp-json\/wp\/v2\/media?parent=10941"}],"wp:term":[{"taxonomy":"category","embeddable":true,"href":"https:\/\/students.ebs.ee\/et\/wp-json\/wp\/v2\/categories?post=10941"},{"taxonomy":"semester","embeddable":true,"href":"https:\/\/students.ebs.ee\/et\/wp-json\/wp\/v2\/semester?post=10941"},{"taxonomy":"campus","embeddable":true,"href":"https:\/\/students.ebs.ee\/et\/wp-json\/wp\/v2\/campus?post=10941"}],"curies":[{"name":"wp","href":"https:\/\/api.w.org\/{rel}","templated":true}]}}