{"id":10939,"date":"2025-09-09T19:57:54","date_gmt":"2025-09-09T16:57:54","guid":{"rendered":"https:\/\/students.ebs.ee\/?page_id=10939"},"modified":"2025-12-15T11:09:05","modified_gmt":"2025-12-15T08:09:05","slug":"andmebaasid","status":"publish","type":"page","link":"https:\/\/students.ebs.ee\/et\/raamatukogu\/andmebaasid\/","title":{"rendered":"Andmebaasid"},"content":{"rendered":"\n<p><a href=\"https:\/\/search.proquest.com\/\"><strong>ProQuest&nbsp;One Business<\/strong><\/a><br>Andmebaas v\u00f5imaldab juurdep\u00e4\u00e4su e-ajakirjadele, e-ajalehtedele, e-raamatutele, konverentside materjalidele ettev\u00f5tluse, majanduse, juhtimise, turunduse jt valdkondades.<br>Teadusajakirjade leidmiseks piirata otsingut Scholarly journals, incl peer-reviewed (eelretsenseeritud teadusajakirjad).<\/p>\n\n\n\n<p><a href=\"https:\/\/www.proquest.com\/samlsso?accountid=43107\">ProQuest andmebaasi sisenemine MyEBS kasutajakontoga<\/a>.<\/p>\n\n\n\n<p><a href=\"https:\/\/proquest.libguides.com\/proquestplatform\">ProQuest kasutusjuhendid, videod inglise keeles<\/a><br><a href=\"https:\/\/support.proquest.com\/s\/article\/Ebook-Central-Full-Download-how-to-download-a-book-for-offline-reading?language=en_US\">E-raamatu allalaadimise juhend<\/a><\/p>\n\n\n\n<p><strong><a href=\"https:\/\/search.ebscohost.com\/login.aspx?authtype=ip,uid&amp;profile=ehost\" target=\"_blank\" rel=\"noreferrer noopener\">EBSCO andmebaasid<\/a><\/strong><br>EBSCOhost Web andmebaasid v\u00f5imaldavad teha otsinguid majandus-, sotsiaal- ja humanitaarteadusalase e-ajakirjade, e-ajalehtede,&nbsp;e-raamatute, e-dissertatsioonide ja videode hulgas. Teadusajakirjade leidmiseks piirata otsingut Scholarly (Peer Reviewed) Journals (eelretsenseeritud teadusajakirjad).<br><a href=\"https:\/\/search.ebscohost.com\/login.aspx?authtype=ip,sso&amp;custid=s1449582&amp;groupid=main\">EBSCO andmebaasi sisenemine MyEBSi kasutajakontoga<\/a><br><a href=\"https:\/\/ebsco.libguides.com\/home\">EBSCO kasutusjuhendid, videod inglise keeles<\/a><\/p>\n\n\n\n<p><strong><a href=\"https:\/\/search.ebscohost.com\/\">Academic Search Ultimate<\/a><\/strong><br>Andmebaas v\u00f5imaldab juurdep\u00e4\u00e4su 12500-le sotsiaalteaduslikule ajakirjale, sealhulgas 8500-le eelretsenseeritud ajakirjale ja sisaldab artiklite t\u00e4istekste sotsioloogia, ps\u00fchholoogia, poliitika, kirjandus, muusika&nbsp;jne valdkondade kohta. Andmebaas tagab juurdep\u00e4\u00e4su 13200-le monograafiale, aruandele ja konverentsiv\u00e4ljaandele.<\/p>\n\n\n\n<p><strong><a href=\"https:\/\/search.ebscohost.com\/\">Business Source Ultimate<\/a><\/strong><br>Andmebaas v\u00f5imaldab juurdep\u00e4\u00e4su 2300-le ajakirjale, sealhulgas 1100-le eelretsenseeritud ajakirjale ja sisaldab t\u00e4istekste ettev\u00f5tluse, turunduse, juhtimise, majandusarvestuse, rahanduse jm valdkondade kohta. Valides Enhanced Business Searching Interface leiab infot ka autorite ning artiklite tsiteeringute arvu kohta.<\/p>\n\n\n\n<p><a href=\"https:\/\/search.ebscohost.com\/login.aspx?authtype=ip,sso&amp;custid=s1449582&amp;groupid=main&amp;profile=ehost&amp;defaultdb=nlebk\"><strong>eBook Collection (EBSCOhost)<\/strong><\/a><br>E-raamatud ettev\u00f5tluse, majanduse, turunduse, rahanduse jt teemadel.<\/p>\n\n\n\n<p><a href=\"https:\/\/search.ebscohost.com\/login.aspx?authtype=ip,sso&amp;custid=s1449582&amp;groupid=main&amp;profile=ehost&amp;defaultdb=hxh\">Health Source: Nursing\/Academic Edition<\/a><br><a href=\"https:\/\/search.ebscohost.com\/login.aspx?authtype=ip,sso&amp;custid=s1449582&amp;groupid=main&amp;profile=ehost&amp;defaultdb=eric\">ERIC<\/a><br><a href=\"https:\/\/search.ebscohost.com\/login.aspx?authtype=ip,sso&amp;custid=s1449582&amp;groupid=main&amp;profile=ehost&amp;defaultdb=f5h\">MasterFILE Premier<\/a><br><a href=\"https:\/\/search.ebscohost.com\/login.aspx?authtype=ip,sso&amp;custid=s1449582&amp;groupid=main&amp;profile=ehost&amp;defaultdb=cmedm\">MEDLINE<\/a><\/p>\n\n\n\n<p><a href=\"https:\/\/search.ebscohost.com\/login.aspx?authtype=ip,sso&amp;custid=s1449582&amp;groupid=main&amp;profile=ehost&amp;defaultdb=bwh\">Regional Business News<\/a><br><a href=\"https:\/\/search.ebscohost.com\/login.aspx?authtype=ip,sso&amp;custid=s1449582&amp;groupid=main&amp;profile=ehost&amp;defaultdb=hev\">European View of the Americas: 1493 to 1750<\/a><br><a href=\"https:\/\/search.ebscohost.com\/login.aspx?authtype=ip,sso&amp;custid=s1449582&amp;groupid=main&amp;profile=ehost&amp;defaultdb=8gh\">GreenFILE<\/a><br><a href=\"https:\/\/search.ebscohost.com\/login.aspx?authtype=ip,sso&amp;custid=s1449582&amp;groupid=main&amp;profile=ehost&amp;defaultdb=l0h\">AHFS Consumer Medication Information<\/a><br><a href=\"https:\/\/search.ebscohost.com\/login.aspx?authtype=ip,sso&amp;custid=s1449582&amp;groupid=main&amp;profile=ehost&amp;defaultdb=trh\">Teacher Reference Center<\/a><\/p>\n\n\n\n<p><strong><a href=\"http:\/\/scholar.google.com\/\">Google Scholar<\/a><\/strong><br>Teaduslikud publikatsioonid, raamatud, ajakirjad, artiklid jne.<br><a href=\"https:\/\/scholar.google.com\/intl\/en\/scholar\/help.html\">Google Scholari kasutusjuhend<\/a><\/p>\n\n\n\n<p><strong><a href=\"http:\/\/books.google.com\/\">Google Books<\/a><\/strong><br>E-raamatud, ajakirjad.<br><a href=\"https:\/\/support.google.com\/websearch\/answer\/43729?hl=en\">Kasutusjuhend<\/a><\/p>\n\n\n\n<p><strong><a href=\"https:\/\/www.researchgate.net\/\">ResearchGate<\/a><\/strong><br>Teaduslikud publikatsioonid, artiklid, ajakirjad jm. Tasuta kasutajakonto.<br><a href=\"https:\/\/explore.researchgate.net\/display\/support\/Getting+started\">K<\/a><strong><a href=\"https:\/\/explore.researchgate.net\/display\/support\/Getting+started\">asutusjuhend<\/a><\/strong><\/p>\n\n\n\n<p><strong><a href=\"https:\/\/archive.org\/\">Internet Archive Digital Library<\/a><\/strong><br>Vaba juurdep\u00e4\u00e4suga portaal e-raamatutele, videodele, filmidele jm.<\/p>\n\n\n\n<p><a href=\"https:\/\/www.thomsonreuters.com\/en\/press-releases\/2017\/february\/european-elections-news-and-analysis-on-eikon.html\">Thomson Reuters Eikon<\/a><br>Andmebaas v\u00f5imaldab juurdep\u00e4\u00e4su&nbsp;ettev\u00f5tete andmetele, anal\u00fc\u00fctikale ja uudistele. V\u00f5imalus koostada tabeleid, jooniseid.<br>Parooli saamiseks p\u00f6\u00f6rduda&nbsp;<a href=\"mailto:raamatukogu@ebs.ee\"><strong>raamatukogu@ebs.ee<\/strong><\/a><br>VPN juhendid sisenemiseks v\u00e4ljastpoolt EBSi arvutiv\u00f5rku&nbsp;<a href=\"https:\/\/students.ebs.ee\/wp-content\/uploads\/2025\/09\/VPN-manual-for-Windows-for-Students-1.pdf\" target=\"_blank\" rel=\"noreferrer noopener\"><strong>Windows<\/strong> <\/a> <a href=\"https:\/\/students.ebs.ee\/wp-content\/uploads\/2025\/09\/VPN-manual-for-Macbook-for-Students-1.pdf\" target=\"_blank\" rel=\"noreferrer noopener\"><strong>Macbook<\/strong><\/a><br><a href=\"https:\/\/www.refinitiv.com\/en\/support-and-training\/eikon-training#training-videos\"><strong>Koolituse videod<\/strong><\/a><\/p>\n\n\n\n<p><strong><a href=\"https:\/\/portaal.nlib.ee\/\">Eesti Rahvusraamatukogu otsinguportaal<\/a><\/strong><br>Portaal sisaldab e-raamatuid, e-ajakirju, litsentsiandmebaase&nbsp;jne.<br><a href=\"https:\/\/sso.nlib.ee\/register?locale=et&amp;service=https%3A%2F%2Fportaal.nlib.ee%2Fcas%2Fpds_main%3Ffunc%3Dload-login%26calling_system%3Dprimo%26institute%3DNLE%26PDS_HANDLE%3D%26url%3Dhttps%3A%2F%2Fportaal-nlib-ee-primo.hosted.exlibrisgroup.com%3A443%2Fprimo_library%2Flibweb%2FpdsLogin%3FtargetURL%3Dhttps%3A%2F%2Fportaal-nlib-ee-primo.hosted.exlibrisgroup.com%2Fprimo-explore%2Fsearch%3Fsortby%3Drank%26vid%3D372NLE_V1%26lang%3Det_EE%26from-new-ui%3D1%26authenticationProfile%3DPDS%26filler%3D\">Registreerimine<\/a>&nbsp;ID-kaardi, Smart-ID v\u00f5i Mobiil-IDga.<\/p>\n\n\n\n<p><\/p>\n\n\n\n<p><\/p>\n\n\n\n<h2 class=\"wp-block-heading\">Perioodika<\/h2>\n\n\n\n<p>EBSi raamatukogusse tellitud\u00a0ajalehtede ning ajakirjade <a href=\"https:\/\/students.ebs.ee\/wp-content\/uploads\/2025\/12\/Perioodilised-valjaanded-EBSi-raamatukogus-2026.pdf\" data-type=\"attachment\" data-id=\"12250\">nimekiri.<\/a><\/p>\n\n\n\n<p><a><\/a>V\u00e4ljaanded asuvad EBSi raamatukogu lugemissaalis (II korrus, ruum 234).<\/p>\n\n\n\n<p><\/p>\n","protected":false},"excerpt":{"rendered":"<p>ProQuest&nbsp;One BusinessAndmebaas v\u00f5imaldab juurdep\u00e4\u00e4su e-ajakirjadele, e-ajalehtedele, e-raamatutele, konverentside materjalidele ettev\u00f5tluse, majanduse, juhtimise, turunduse jt valdkondades.Teadusajakirjade leidmiseks piirata otsingut Scholarly journals, incl peer-reviewed (eelretsenseeritud teadusajakirjad). ProQuest andmebaasi sisenemine MyEBS kasutajakontoga. ProQuest kasutusjuhendid, videod inglise keelesE-raamatu allalaadimise juhend EBSCO andmebaasidEBSCOhost Web andmebaasid v\u00f5imaldavad teha otsinguid majandus-, sotsiaal- ja humanitaarteadusalase e-ajakirjade, e-ajalehtede,&nbsp;e-raamatute, e-dissertatsioonide ja videode hulgas. Teadusajakirjade leidmiseks&#8230;<\/p>\n","protected":false},"author":723,"featured_media":0,"parent":10924,"menu_order":12,"comment_status":"closed","ping_status":"closed","template":"","meta":{"_eb_attr":"","footnotes":""},"categories":[64],"semester":[],"campus":[],"class_list":["post-10939","page","type-page","status-publish","hentry","category-raamatukogu"],"acf":[],"_links":{"self":[{"href":"https:\/\/students.ebs.ee\/et\/wp-json\/wp\/v2\/pages\/10939","targetHints":{"allow":["GET"]}}],"collection":[{"href":"https:\/\/students.ebs.ee\/et\/wp-json\/wp\/v2\/pages"}],"about":[{"href":"https:\/\/students.ebs.ee\/et\/wp-json\/wp\/v2\/types\/page"}],"author":[{"embeddable":true,"href":"https:\/\/students.ebs.ee\/et\/wp-json\/wp\/v2\/users\/723"}],"replies":[{"embeddable":true,"href":"https:\/\/students.ebs.ee\/et\/wp-json\/wp\/v2\/comments?post=10939"}],"version-history":[{"count":34,"href":"https:\/\/students.ebs.ee\/et\/wp-json\/wp\/v2\/pages\/10939\/revisions"}],"predecessor-version":[{"id":12256,"href":"https:\/\/students.ebs.ee\/et\/wp-json\/wp\/v2\/pages\/10939\/revisions\/12256"}],"up":[{"embeddable":true,"href":"https:\/\/students.ebs.ee\/et\/wp-json\/wp\/v2\/pages\/10924"}],"wp:attachment":[{"href":"https:\/\/students.ebs.ee\/et\/wp-json\/wp\/v2\/media?parent=10939"}],"wp:term":[{"taxonomy":"category","embeddable":true,"href":"https:\/\/students.ebs.ee\/et\/wp-json\/wp\/v2\/categories?post=10939"},{"taxonomy":"semester","embeddable":true,"href":"https:\/\/students.ebs.ee\/et\/wp-json\/wp\/v2\/semester?post=10939"},{"taxonomy":"campus","embeddable":true,"href":"https:\/\/students.ebs.ee\/et\/wp-json\/wp\/v2\/campus?post=10939"}],"curies":[{"name":"wp","href":"https:\/\/api.w.org\/{rel}","templated":true}]}}