{"id":10936,"date":"2025-09-09T13:53:05","date_gmt":"2025-09-09T10:53:05","guid":{"rendered":"https:\/\/students.ebs.ee\/?page_id=10936"},"modified":"2026-03-23T12:20:56","modified_gmt":"2026-03-23T09:20:56","slug":"teenused","status":"publish","type":"page","link":"https:\/\/students.ebs.ee\/et\/raamatukogu\/teenused\/","title":{"rendered":"Teenused"},"content":{"rendered":"\n<ul class=\"wp-block-list\">\n<li>teavikute kojulaenutus<\/li>\n\n\n\n<li>l\u00f5put\u00f6\u00f6de kohalkasutus<\/li>\n\n\n\n<li>teatme- ja teabeteenindus<\/li>\n\n\n\n<li>personaalne n\u00f5ustamine eelnevalt kokkulepitud teemal (1 tund)<\/li>\n\n\n\n<li>andmebaaside kasutamine<\/li>\n\n\n\n<li>lugemissaali kasutamine<\/li>\n\n\n\n<li>arvutite kasutamine<\/li>\n\n\n\n<li><a href=\"https:\/\/students.ebs.ee\/et\/it-teenused\/printimine\/\">printimine<\/a>, paljundamine, skaneerimine<\/li>\n\n\n\n<li>infotarbijakoolitus<\/li>\n\n\n\n<li><a href=\"https:\/\/students.ebs.ee\/wp-content\/uploads\/2025\/09\/Raamatukogu-tasuliste-teenuste-kaskkiri.pdf\">K\u00e4skkiri raamatukogu tasulistele teenustele<\/a><\/li>\n<\/ul>\n\n\n\n<h2 class=\"wp-block-heading\">Andmebaaside koolitused<\/h2>\n\n\n\n<p>Raamatukogu korraldab iga kuu esimesel ja teisel teisip\u00e4eval&nbsp;infotarbijakoolituse tunde. <\/p>\n\n\n\n<p>Koolitusel tutvustatakse:<\/p>\n\n\n\n<ul class=\"wp-block-list\">\n<li>EBSi raamatukogu e-kataloogi URRAM<\/li>\n\n\n\n<li>Eesti raamatukogude e-kataloogi ESTER<\/li>\n\n\n\n<li>andmebaasi ProQuest One Business (e-ajakirjad, e-raamatud, e-dissertatsioonid, konverentside materjalid)<\/li>\n\n\n\n<li>EBSCO andmebaase (e-ajakirjad, e-raamatud, videod)<\/li>\n\n\n\n<li>eBook Collection (EBSCOhost) &#8211; e-raamatud<\/li>\n\n\n\n<li>teisi andmebaase, teemav\u00e4ravaid, linke<\/li>\n<\/ul>\n\n\n\n<p>Registreerimine:<\/p>\n\n\n\n<p>EBSi raamatukogu, Tel: +372 665 1307, E-post:&nbsp;<a href=\"mailto:raamatukogu@ebs.ee\">raamatukogu@ebs.ee<\/a><\/p>\n\n\n\n<figure class=\"wp-block-table\"><table class=\"has-fixed-layout\"><thead><tr><th class=\"has-text-align-center\" data-align=\"center\">KOOLITUSTE TOIMUMISE AJAD<\/th><th class=\"has-text-align-center\" data-align=\"center\">&nbsp;<\/th><th class=\"has-text-align-center\" data-align=\"center\">&nbsp;<\/th><th class=\"has-text-align-center\" data-align=\"center\">&nbsp;<\/th><\/tr><\/thead><tbody><tr><th class=\"has-text-align-center\" data-align=\"center\">TOIMUMISE KUUP\u00c4EV&nbsp;<\/th><th class=\"has-text-align-center\" data-align=\"center\">KOHT<\/th><th class=\"has-text-align-center\" data-align=\"center\">KELLAAEG<\/th><th class=\"has-text-align-center\" data-align=\"center\">KEEL<\/th><\/tr><tr><td class=\"has-text-align-center\" data-align=\"center\">3. veebruar 2026<\/td><td class=\"has-text-align-center\" data-align=\"center\">Ruum 328<\/td><td class=\"has-text-align-center\" data-align=\"center\">15.45 &#8211; 17.15<\/td><td class=\"has-text-align-center\" data-align=\"center\">Eesti keeles<\/td><\/tr><tr><td class=\"has-text-align-center\" data-align=\"center\">10. veebruar&nbsp;2026<\/td><td class=\"has-text-align-center\" data-align=\"center\">Ruum 322<\/td><td class=\"has-text-align-center\" data-align=\"center\">15.45 &#8211; 17.15<\/td><td class=\"has-text-align-center\" data-align=\"center\">Inglise keeles<\/td><\/tr><tr><td class=\"has-text-align-center\" data-align=\"center\">3. m\u00e4rts 2026<\/td><td class=\"has-text-align-center\" data-align=\"center\">Ruum 410<\/td><td class=\"has-text-align-center\" data-align=\"center\">15.45 &#8211; 17.15<\/td><td class=\"has-text-align-center\" data-align=\"center\">Eesti keeles<\/td><\/tr><tr><td class=\"has-text-align-center\" data-align=\"center\">10. m\u00e4rts&nbsp;2025<\/td><td class=\"has-text-align-center\" data-align=\"center\">Ruum 411<\/td><td class=\"has-text-align-center\" data-align=\"center\">15.45 &#8211; 17.15<\/td><td class=\"has-text-align-center\" data-align=\"center\">Inglise keeles<\/td><\/tr><tr><td class=\"has-text-align-center\" data-align=\"center\">7. aprill&nbsp;2026<\/td><td class=\"has-text-align-center\" data-align=\"center\">Ruum 422<\/td><td class=\"has-text-align-center\" data-align=\"center\">15.45 &#8211; 17.15<\/td><td class=\"has-text-align-center\" data-align=\"center\">Eesti keeles<\/td><\/tr><tr><td class=\"has-text-align-center\" data-align=\"center\">14. aprill&nbsp;2026<\/td><td class=\"has-text-align-center\" data-align=\"center\">Ruum 411<\/td><td class=\"has-text-align-center\" data-align=\"center\">15.45 &#8211; 17.15<\/td><td class=\"has-text-align-center\" data-align=\"center\">Inglise keeles<\/td><\/tr><tr><td class=\"has-text-align-center\" data-align=\"center\">5. mai 2026<\/td><td class=\"has-text-align-center\" data-align=\"center\">Ruum 224<\/td><td class=\"has-text-align-center\" data-align=\"center\">15.45 &#8211; 17.15<\/td><td class=\"has-text-align-center\" data-align=\"center\">Eesti keeles<\/td><\/tr><tr><td class=\"has-text-align-center\" data-align=\"center\">12. mai 2026<\/td><td class=\"has-text-align-center\" data-align=\"center\">Ruum 224<\/td><td class=\"has-text-align-center\" data-align=\"center\">15.45 &#8211; 17.15<\/td><td class=\"has-text-align-center\" data-align=\"center\">Inglise keeles<\/td><\/tr><\/tbody><\/table><\/figure>\n\n\n\n<p><br><\/p>\n\n\n\n<p><\/p>\n","protected":false},"excerpt":{"rendered":"<p>Andmebaaside koolitused Raamatukogu korraldab iga kuu esimesel ja teisel teisip\u00e4eval&nbsp;infotarbijakoolituse tunde. Koolitusel tutvustatakse: Registreerimine: EBSi raamatukogu, Tel: +372 665 1307, E-post:&nbsp;raamatukogu@ebs.ee KOOLITUSTE TOIMUMISE AJAD &nbsp; &nbsp; &nbsp; TOIMUMISE KUUP\u00c4EV&nbsp; KOHT KELLAAEG KEEL 3. veebruar 2026 Ruum 328 15.45 &#8211; 17.15 Eesti keeles 10. veebruar&nbsp;2026 Ruum 322 15.45 &#8211; 17.15 Inglise keeles 3. m\u00e4rts 2026 Ruum&#8230;<\/p>\n","protected":false},"author":458,"featured_media":0,"parent":10924,"menu_order":9,"comment_status":"closed","ping_status":"closed","template":"","meta":{"_eb_attr":"","footnotes":""},"categories":[64],"semester":[],"campus":[],"class_list":["post-10936","page","type-page","status-publish","hentry","category-raamatukogu"],"acf":[],"_links":{"self":[{"href":"https:\/\/students.ebs.ee\/et\/wp-json\/wp\/v2\/pages\/10936","targetHints":{"allow":["GET"]}}],"collection":[{"href":"https:\/\/students.ebs.ee\/et\/wp-json\/wp\/v2\/pages"}],"about":[{"href":"https:\/\/students.ebs.ee\/et\/wp-json\/wp\/v2\/types\/page"}],"author":[{"embeddable":true,"href":"https:\/\/students.ebs.ee\/et\/wp-json\/wp\/v2\/users\/458"}],"replies":[{"embeddable":true,"href":"https:\/\/students.ebs.ee\/et\/wp-json\/wp\/v2\/comments?post=10936"}],"version-history":[{"count":16,"href":"https:\/\/students.ebs.ee\/et\/wp-json\/wp\/v2\/pages\/10936\/revisions"}],"predecessor-version":[{"id":13111,"href":"https:\/\/students.ebs.ee\/et\/wp-json\/wp\/v2\/pages\/10936\/revisions\/13111"}],"up":[{"embeddable":true,"href":"https:\/\/students.ebs.ee\/et\/wp-json\/wp\/v2\/pages\/10924"}],"wp:attachment":[{"href":"https:\/\/students.ebs.ee\/et\/wp-json\/wp\/v2\/media?parent=10936"}],"wp:term":[{"taxonomy":"category","embeddable":true,"href":"https:\/\/students.ebs.ee\/et\/wp-json\/wp\/v2\/categories?post=10936"},{"taxonomy":"semester","embeddable":true,"href":"https:\/\/students.ebs.ee\/et\/wp-json\/wp\/v2\/semester?post=10936"},{"taxonomy":"campus","embeddable":true,"href":"https:\/\/students.ebs.ee\/et\/wp-json\/wp\/v2\/campus?post=10936"}],"curies":[{"name":"wp","href":"https:\/\/api.w.org\/{rel}","templated":true}]}}