{"id":10924,"date":"2025-09-09T13:39:54","date_gmt":"2025-09-09T10:39:54","guid":{"rendered":"https:\/\/students.ebs.ee\/?page_id=10924"},"modified":"2026-03-23T12:21:40","modified_gmt":"2026-03-23T09:21:40","slug":"raamatukogu","status":"publish","type":"page","link":"https:\/\/students.ebs.ee\/et\/raamatukogu\/","title":{"rendered":"Raamatukogu"},"content":{"rendered":"\n<p class=\"has-medium-font-size\"><strong>Kontakt:<\/strong><\/p>\n\n\n\n<p>A. Lauteri 3, Tallinn<br>Tel: +372 665 1307<br>E-post: <a href=\"mailto:raamatukogu@ebs.ee\">raamatukogu@ebs.ee<\/a><\/p>\n\n\n\n<p><\/p>\n\n\n\n<p class=\"has-large-font-size\"><strong>Lahtiolekuajad:<\/strong><\/p>\n\n\n\n<p><strong>3. aprill 2026<br>Raamatukogu ja lugemissaal on suletud<\/strong><br><\/p>\n\n\n\n<p><strong>Konsultant<\/strong> (II korrus, ruum 235)<br>E &#8211; R &#8211; 9.00-16.00<\/p>\n\n\n\n<p><strong>Lugemissaal<\/strong> (II korrus, ruum 234)<br>E &#8211; R &#8211; 8.00-21.30<br>L, P   &#8211; 8.00-19.30<\/p>\n\n\n\n<p><strong>Raamatukogu hoidla<\/strong> (0. korrus, ruum 37)<\/p>\n\n\n\n<p class=\"has-large-font-size\"><strong>Raamatute laenutamine<\/strong><\/p>\n\n\n\n<p>\u2022&nbsp;&nbsp; &nbsp;Uute lugejate registreerimine&nbsp;<strong><a href=\"https:\/\/www.lugeja.ee\/\">veebis<\/a><\/strong> <br>Valida &#8211; Sisene &#8211; Registreerimine &#8211; EBS Raamatukogu &#8211; ID-kaart, Mobiil ID, Smart ID<\/p>\n\n\n\n<p>\u2022&nbsp;&nbsp; &nbsp;Reserveeri raamatukogu kataloogi <a href=\"https:\/\/www.lugeja.ee\" data-type=\"link\" data-id=\"https:\/\/www.lugeja.ee\">Urram<\/a> kaudu v\u00f5i saada raamatusoov e-mailile <a href=\"mailto:raamatukogu@ebs.ee\">raamatukogu@ebs.ee<\/a><\/p>\n\n\n\n<p>\u2022&nbsp;&nbsp; &nbsp;Tellitud raamatud saab k\u00e4tte 0. korruse raamatuhoidla k\u00f5rval asuvalt riiulilt<\/p>\n\n\n\n<p>\u2022&nbsp;&nbsp; &nbsp;Tagastada saab raamatuid 0. korruse riiulikappi v\u00f5i fuajees olevasse raamatute tagastuskappi<\/p>\n\n\n\n<p><\/p>\n\n\n\n<p class=\"has-large-font-size\"><strong>Tutvustus<\/strong><\/p>\n\n\n\n<p>EBSi raamatukogu on erialaraamatukogu, mis teenindab oma \u00fclikooli \u00f5ppej\u00f5ude, \u00fcli\u00f5pilasi, t\u00f6\u00f6tajaid ja EBSi vilistlasi ning g\u00fcmnaasiumi \u00f5pilasi ja \u00f5petajaid.<\/p>\n\n\n\n<p>Raamatukogu arendab oma kogusid prioriteetsete \u00f5ppesuundade &#8211; juhtimine, ettev\u00f5tlus, majandus, turundus, rahandus &#8211; infovajadusi arvestades. 1. jaanuari 2026. a. seisuga oli EBSi raamatukogus 7142 nimetust teavikuid (29464 eksemplari) ja 16 nimetust perioodilisi v\u00e4ljaandeid. Raamatukogu teavikud on 55% inglise, 44% eesti ja 1% teistes keeltes.&nbsp;<\/p>\n\n\n\n<p>Raamatuhoidlas (0. korrus, ruum 37) asub p\u00f5hikogu, kus laenutamine toimub ettetellimiste teel. Lugejate registreerimine toimub&nbsp;<a href=\"https:\/\/www.lugeja.ee\/\">veebis<\/a>.<\/p>\n\n\n\n<p>Lugemissaalis (II&nbsp;korrus, ruum 234) on avariiulitel teatmeteosed, uuemad raamatud ja&nbsp;perioodikav\u00e4ljaanded. Lugejate kasutuses on&nbsp;kuus interneti\u00fchendusega arvutit ja&nbsp;paljundustehnika.&nbsp;<\/p>\n\n\n\n<p>Lugejateenindus toimub raamatukogu kasutamiseeskirja alusel. Teenindatakse ka lugejaid v\u00e4ljastpoolt EBSi, kellele osa teenuseid on tasulised.&nbsp;<a><\/a>Infokirjaoskuse tagamiseks viiakse esmakursuslastele ning l\u00f5put\u00f6\u00f6 kirjutajatele l\u00e4bi EBSi raamatukogu andmebaase ja teisi infootsingu v\u00f5imalusi tutvustavaid infotunde.<\/p>\n\n\n\n<div class=\"wp-block-file\"><a id=\"wp-block-file--media-3de3f31a-cdf6-4683-9bbb-a298e84e5d31\" href=\"https:\/\/students.ebs.ee\/wp-content\/uploads\/2025\/09\/Raamatukogu-kasutamiseeskiri.pdf\">Raamatukogu kasutamiseeskiri<\/a><\/div>\n\n\n\n<div class=\"wp-block-file\"><a id=\"wp-block-file--media-216addb1-d158-4fd8-9032-ef9e335b81b8\" href=\"https:\/\/students.ebs.ee\/wp-content\/uploads\/2025\/09\/Raamatukogu-pohimaarus.pdf\">Raamatukogu po\u0303hima\u0308a\u0308rus<\/a><\/div>\n\n\n\n<div class=\"wp-block-file\"><a id=\"wp-block-file--media-a45b74ad-1e78-4688-9f0a-095bfe073c45\" href=\"https:\/\/students.ebs.ee\/wp-content\/uploads\/2025\/09\/Raamatukogu-arengukava.pdf\">Raamatukogu arengukava<\/a><\/div>\n\n\n\n<div class=\"wp-block-file\"><a id=\"wp-block-file--media-1923ed97-9c90-44e5-ba36-2c8ed5b1447d\" href=\"https:\/\/students.ebs.ee\/wp-content\/uploads\/2025\/09\/Raamatukogu-komplekteerimise-alused.pdf\">Raamatukogu komplekteerimise alused<\/a><\/div>\n\n\n\n<p><\/p>\n","protected":false},"excerpt":{"rendered":"<p>Kontakt: A. Lauteri 3, TallinnTel: +372 665 1307E-post: raamatukogu@ebs.ee Lahtiolekuajad: 3. aprill 2026Raamatukogu ja lugemissaal on suletud Konsultant (II korrus, ruum 235)E &#8211; R &#8211; 9.00-16.00 Lugemissaal (II korrus, ruum 234)E &#8211; R &#8211; 8.00-21.30L, P &#8211; 8.00-19.30 Raamatukogu hoidla (0. korrus, ruum 37) Raamatute laenutamine \u2022&nbsp;&nbsp; &nbsp;Uute lugejate registreerimine&nbsp;veebis Valida &#8211; Sisene &#8211; Registreerimine&#8230;<\/p>\n","protected":false},"author":458,"featured_media":0,"parent":0,"menu_order":1,"comment_status":"closed","ping_status":"closed","template":"","meta":{"_eb_attr":"","footnotes":""},"categories":[64],"semester":[],"campus":[],"class_list":["post-10924","page","type-page","status-publish","hentry","category-raamatukogu"],"acf":[],"_links":{"self":[{"href":"https:\/\/students.ebs.ee\/et\/wp-json\/wp\/v2\/pages\/10924","targetHints":{"allow":["GET"]}}],"collection":[{"href":"https:\/\/students.ebs.ee\/et\/wp-json\/wp\/v2\/pages"}],"about":[{"href":"https:\/\/students.ebs.ee\/et\/wp-json\/wp\/v2\/types\/page"}],"author":[{"embeddable":true,"href":"https:\/\/students.ebs.ee\/et\/wp-json\/wp\/v2\/users\/458"}],"replies":[{"embeddable":true,"href":"https:\/\/students.ebs.ee\/et\/wp-json\/wp\/v2\/comments?post=10924"}],"version-history":[{"count":40,"href":"https:\/\/students.ebs.ee\/et\/wp-json\/wp\/v2\/pages\/10924\/revisions"}],"predecessor-version":[{"id":13112,"href":"https:\/\/students.ebs.ee\/et\/wp-json\/wp\/v2\/pages\/10924\/revisions\/13112"}],"wp:attachment":[{"href":"https:\/\/students.ebs.ee\/et\/wp-json\/wp\/v2\/media?parent=10924"}],"wp:term":[{"taxonomy":"category","embeddable":true,"href":"https:\/\/students.ebs.ee\/et\/wp-json\/wp\/v2\/categories?post=10924"},{"taxonomy":"semester","embeddable":true,"href":"https:\/\/students.ebs.ee\/et\/wp-json\/wp\/v2\/semester?post=10924"},{"taxonomy":"campus","embeddable":true,"href":"https:\/\/students.ebs.ee\/et\/wp-json\/wp\/v2\/campus?post=10924"}],"curies":[{"name":"wp","href":"https:\/\/api.w.org\/{rel}","templated":true}]}}