{"id":10918,"date":"2025-09-09T11:52:01","date_gmt":"2025-09-09T08:52:01","guid":{"rendered":"https:\/\/students.ebs.ee\/?page_id=10918"},"modified":"2026-04-14T14:23:17","modified_gmt":"2026-04-14T11:23:17","slug":"opilasele","status":"publish","type":"page","link":"https:\/\/students.ebs.ee\/et\/gumnaasium\/opilasele\/","title":{"rendered":"\u00d5pilasele"},"content":{"rendered":"\n<h2 class=\"wp-block-heading\">Koolivaheajad&nbsp;2025\/2026 \u00f5ppeaastal<\/h2>\n\n\n\n<ul class=\"wp-block-list\">\n<li><strong>s\u00fcgisvaheaeg:&nbsp;&nbsp;<\/strong>&nbsp;20.10.2025- 26.10.2025<\/li>\n\n\n\n<li><strong>j\u00f5uluvaheaeg:&nbsp;&nbsp;<\/strong>&nbsp;22.12.2025-04.01.2026<\/li>\n\n\n\n<li><strong>suusavaheaeg:&nbsp;&nbsp;<\/strong>16.02.2026-22.02.2026<\/li>\n\n\n\n<li><strong>kevadvaheaeg:<\/strong>&nbsp; (v.a 12. klass) 13.04.2026-19.04.2026<\/li>\n\n\n\n<li><strong>suvevaheaeg:&nbsp;<\/strong>&nbsp; &nbsp;(v.a 12. klass)&nbsp;10.06.2026-31.08.2026<\/li>\n<\/ul>\n\n\n\n<h3 class=\"wp-block-heading\">Tunniplaan 20.04.2026 &#8211; 9.06.2026<\/h3>\n\n\n\n<p><a href=\"https:\/\/students.ebs.ee\/wp-content\/uploads\/2026\/04\/tp5periood10digi.pdf\">Digi 10. klass<\/a>\u00a0\u00a0\u00a0\u00a0\u00a0<a href=\"https:\/\/students.ebs.ee\/wp-content\/uploads\/2026\/04\/tp5periood10eur.pdf\">Euroopa 10. klass<\/a>\u00a0\u00a0\u00a0<a href=\"https:\/\/students.ebs.ee\/wp-content\/uploads\/2026\/04\/tp5periood10i.pdf\">Rahvusvaheline 10. klass<\/a><\/p>\n\n\n\n<p><a href=\"https:\/\/students.ebs.ee\/wp-content\/uploads\/2026\/04\/tp5periood11digi.pdf\">Digi 11. klass<\/a> <a href=\"https:\/\/students.ebs.ee\/wp-content\/uploads\/2026\/04\/tp5periood11eur.pdf\">Euroopa 11. klass<\/a> <a href=\"https:\/\/students.ebs.ee\/wp-content\/uploads\/2026\/04\/tp5periood11i.pdf\">Rahvusvaheline 11. klass<\/a><\/p>\n\n\n\n<p><a href=\"https:\/\/students.ebs.ee\/wp-content\/uploads\/2026\/02\/tp4periood12digi.jpg\">Digi 12. klass<\/a>&nbsp; &nbsp; &nbsp;<a href=\"https:\/\/students.ebs.ee\/wp-content\/uploads\/2026\/02\/tp4periood12eur.jpg\">Euroopa 12. klass<\/a>&nbsp; &nbsp;<a href=\"https:\/\/students.ebs.ee\/wp-content\/uploads\/2026\/02\/tp4periood12i.jpg\">Rahvusvaheline 12. klass<\/a><\/p>\n\n\n\n<p><strong>*<\/strong>Jooksvatest muudatustest teavitame koolistendil ja e-kirja teel.&nbsp;<\/p>\n\n\n\n<p>TUNDIDE AJAD 10. klassid<\/p>\n\n\n\n<p>1.&nbsp;&nbsp; &nbsp; 9.00 &#8211; &nbsp;9.45<br>2.&nbsp;&nbsp; &nbsp; 9.55 &#8211; 10.40<br>3.&nbsp;&nbsp; &nbsp;10.50 &#8211; 11.35<\/p>\n\n\n\n<p>S\u00d6\u00d6GIVAHETUND 11:35-12:10<\/p>\n\n\n\n<p>4.&nbsp;&nbsp; &nbsp;12.10 &#8211; 12.55<br>5.&nbsp;&nbsp; &nbsp;13.05 &#8211; 13.50<br>6.&nbsp;&nbsp; &nbsp;14.00 &#8211; 14.45<br>7.&nbsp;&nbsp; &nbsp;14.55 &#8211; 15.40<br>8.&nbsp;&nbsp; &nbsp;15.50 &#8211; 16.35<br>9.&nbsp;&nbsp; &nbsp;16.45 &#8211; 17.30<\/p>\n\n\n\n<p>TUNDIDE AJAD 11.-12. klassid<\/p>\n\n\n\n<p>1.&nbsp;&nbsp; &nbsp; 9.00 &#8211; &nbsp;9.45<br>2.&nbsp;&nbsp; &nbsp; 9.55 &#8211; 10.40<br>3.&nbsp;&nbsp; &nbsp;10.50 &#8211; 11.35<br>4. &nbsp;&nbsp; &nbsp;11.45 \u2013 12.30<\/p>\n\n\n\n<p>S\u00d6\u00d6GIVAHETUND 12:30-13:05<\/p>\n\n\n\n<p>5.&nbsp;&nbsp; &nbsp;13.05 &#8211; 13.50<br>6.&nbsp;&nbsp; &nbsp;14.00 &#8211; 14.45<br>7.&nbsp;&nbsp; &nbsp;14.55 &#8211; 15.40<br>8.&nbsp;&nbsp; &nbsp;15.50 &#8211; 16.35<br>9.&nbsp;&nbsp; &nbsp;16.45 &#8211; 17.30<\/p>\n\n\n\n<h3 class=\"wp-block-heading\">Perioodid 2025\/2026 \u00f5ppeaastal<\/h3>\n\n\n\n<p>I&nbsp; &nbsp;periood&nbsp;&nbsp;01.09.2025 &#8211; 17.10.2025<\/p>\n\n\n\n<p>II&nbsp; periood 27.10.2025 &#8211; 12.12.2025<\/p>\n\n\n\n<p>III periood 15.12.2025 &#8211; 13.02.2026<\/p>\n\n\n\n<p>IV<a><\/a>&nbsp;periood 23.02.2026 &#8211; 10.04.2026<\/p>\n\n\n\n<p>V&nbsp; periood 20.04.2026 &#8211; 09.06.2026<\/p>\n\n\n\n<p>\u00dcleminekueksamid: eesti keel 01.06; matemaatika 03.06; inglise keel 05.06; uurimist\u00f6\u00f6de\/\u00e4riplaanide kaitsmine (11. klass) 15.05.2026.<\/p>\n\n\n\n<h2 class=\"wp-block-heading\">Eksamid 2025\/2026 \u00f5ppeaastal<\/h2>\n\n\n\n<p>RIIGIEKSAMITE VORMID JA AJAD (12.klass):<br>eesti keel (kirjalik)&nbsp; &nbsp; 13.04.2026<\/p>\n\n\n\n<p>eesti keel teise keelena (kirjalik) 14.04.2026<\/p>\n\n\n\n<p>eesti keel teise keelena (suuline) 14.-17.04.2026<br>inglise keel v\u00f5\u00f5rkeelena B1\/B2-tasemel (kirjalik)&nbsp; &nbsp; 27.04.2026<br><a><\/a>inglise keel v\u00f5\u00f5rkeelena B1\/B2-tasemel (suuline)&nbsp; &nbsp; 27.-30.04.2026<br>matemaatika (kirjalik)&nbsp; &nbsp; 20.05.2026<br>12. klassi koolieksam&nbsp; &nbsp; 28.05.2026<\/p>\n\n\n\n<p>Kontakt<\/p>\n\n\n\n<p>Tel: 665 1384<br>E-post:&nbsp;<a href=\"mailto:gymnaasium@ebs.ee\">gymnaasium@ebs.ee<\/a><\/p>\n\n\n\n<h2 class=\"wp-block-heading\">J\u00e4relt\u00f6\u00f6d<\/h2>\n\n\n\n<p>J\u00e4relt\u00f6\u00f6d toimuvad \u00fcldjuhul neljap\u00e4eval 8.-9. tunni ajal; perioodi viimasel n\u00e4dalal teisip\u00e4eval ja neljap\u00e4eval.<br>J\u00e4relt\u00f6\u00f6de l\u00e4biviimises osalevad k\u00f5ik \u00f5petajad kordam\u00f6\u00f6da (vastavalt koormusele).<\/p>\n\n\n\n<p>Puuduliku kursuse hinde parandamine toimub j\u00e4rgmistel kuup\u00e4evadel:<br><strong>23.10.2025; 18.12.2025; 19.02.2026; 16.04.2026; 11.06.2026&nbsp;<\/strong>ja<strong>&nbsp;18.06.2026<\/strong><br>\u00d5ppet\u00f6\u00f6 ajal jooksvalt saab kursuse hindeid parandada vaid juhul, kui \u00f5pilane v\u00f5tab tugikursuse ja sooritab selle l\u00f5pus arvestust\u00f6\u00f6 positiivsele hindele.<\/p>\n\n\n\n<p>(J\u00e4relt\u00f6\u00f6le registreerumiseks t\u00e4ida avaldus&nbsp;<a href=\"https:\/\/forms.office.com\/e\/2gjwZUuMPK\" target=\"_blank\" rel=\"noreferrer noopener\">siin<\/a>)<\/p>\n\n\n\n<h2 class=\"wp-block-heading\">Tugi ja t\u00e4iend\u00f5pe<\/h2>\n\n\n\n<p>Tugi- ja t\u00e4iendus\u00f5ppes\u00fcsteem EBS G\u00fcmnaasiumis tagab \u00f5ppe k\u00e4ttesaadavuse individuaal- ja grupikonsultatsioonide vormis&nbsp; eri vajadustega \u00f5pilastele.<\/p>\n\n\n\n<p>Tugi\u00f5ppesse on kaasatud k\u00f5ik \u00f5petajad EBS G\u00fcmnaasiumist. S\u00fcsteem loob \u00f5pilase toetamiseks v\u00f5rgustiku, mille eesm\u00e4rgiks on iga individuaalse \u00f5pijuhtumi lahendamiseks kujundada \u00f5pilasest, \u00f5petajast, klassijuhatajast, lapsevanemast ja \u00f5ppealajuhatajast \u00fchtne eesm\u00e4rgip\u00e4rane meeskond.<\/p>\n\n\n\n<ul class=\"wp-block-list\">\n<li>\u00d5petajatel on igaks perioodiks m\u00e4\u00e4ratud tasuta konsultatsioonide ajad, mis toimuvad \u00f5petajaga kokkuleppel. Kui \u00f5pilasel tekib aines&nbsp;\u00f5ppeplaanist v\u00e4ljuvat t\u00e4iendavat huvi v\u00f5i&nbsp;raskusi, mis tunni jooksul lahendust ei leia, tuleks k\u00fclastada \u00f5petaja tasuta konsultatsioone.<br>&nbsp;<\/li>\n\n\n\n<li>Olgugi, et p\u00fc\u00fcame \u00f5petajatena p\u00f6\u00f6rata tunni jooksul t\u00e4helepanu k\u00f5igile, siis v\u00f5ib juhtuda, et kulutame rohkem aega n\u00f5rgemate j\u00e4releaitamisele, aga samav\u00e4\u00e4rset t\u00e4helepanu vajab aines andekust ja huvi \u00fcles n\u00e4idanud \u00f5pilane. <\/li>\n<\/ul>\n\n\n\n<ul class=\"wp-block-list\">\n<li>Negatiivse arvestusliku hinde parandamiseks perioodi jooksul on \u00f5pilastel v\u00f5imalik sooritada j\u00e4relt\u00f6id selleks etten\u00e4htud p\u00e4evadel. Igal perioodil on ette n\u00e4htud \u00fcks n\u00e4dal&nbsp;oma&nbsp;\u00f5ppesoorituste korrigeerimiseks.&nbsp;\u00d5pilastel, kes pole kursust sooritanud positiivsele tulemusele, m\u00e4\u00e4ratakse \u00f5ppen\u00f5ukogu otsusega tasulisele tugi\u00f5ppele.&nbsp;<br>&nbsp;<\/li>\n\n\n\n<li>Samuti v\u00f5imaldame lapse v\u00f5i vanema vastava avalduse alusel osalemist t\u00e4iendavatel kursustel, mida pakub meie g\u00fcmnaasium, \u00fclikool v\u00f5i t\u00e4iendus\u00f5ppekeskus. Seega on \u00f5pilasi, kes eelistavad \u00f5ppida g\u00fcmnaasiumi programmis j\u00e4rele, lisaks v\u00f5i ette, kuid on ka neid, kes huvituvad&nbsp;t\u00e4iendavalt&nbsp;\u00f5ppimisest&nbsp;isegi \u00fclikooli kursustel.<\/li>\n<\/ul>\n\n\n\n<p>Eesm\u00e4rk on \u00f5ppeprotsessi v\u00f5imalikult individuaalne ja \u00f5pilasest l\u00e4htuv korraldamine. Arenguvestlustel kaardistame k\u00f5ik vajadused ja&nbsp; teeme omapoolseid kogemustele&nbsp;<a><\/a>tuginevaid&nbsp;ettepanekuid.&nbsp;<\/p>\n\n\n\n<p>Sinu tuleviku nimel!<\/p>\n\n\n\n<h3 class=\"wp-block-heading\">\u00d5ppen\u00f5ukogu&nbsp;koosolekute toimumise ajad 2025\/2026 \u00f5ppeaastal<\/h3>\n\n\n\n<p>20.10.2025<br>16.12.2025<br>16.02.2026<br>14.04.2026<br>08.06.2026<br>18.06.2026<br>28.08.2026<\/p>\n","protected":false},"excerpt":{"rendered":"<p>Koolivaheajad&nbsp;2025\/2026 \u00f5ppeaastal Tunniplaan 20.04.2026 &#8211; 9.06.2026 Digi 10. klass\u00a0\u00a0\u00a0\u00a0\u00a0Euroopa 10. klass\u00a0\u00a0\u00a0Rahvusvaheline 10. klass Digi 11. klass Euroopa 11. klass Rahvusvaheline 11. klass Digi 12. klass&nbsp; &nbsp; &nbsp;Euroopa 12. klass&nbsp; &nbsp;Rahvusvaheline 12. klass *Jooksvatest muudatustest teavitame koolistendil ja e-kirja teel.&nbsp; TUNDIDE AJAD 10. klassid 1.&nbsp;&nbsp; &nbsp; 9.00 &#8211; &nbsp;9.452.&nbsp;&nbsp; &nbsp; 9.55 &#8211; 10.403.&nbsp;&nbsp; &nbsp;10.50 &#8211; 11.35&#8230;<\/p>\n","protected":false},"author":458,"featured_media":0,"parent":10908,"menu_order":1,"comment_status":"closed","ping_status":"closed","template":"","meta":{"_eb_attr":"","footnotes":""},"categories":[170],"semester":[],"campus":[],"class_list":["post-10918","page","type-page","status-publish","hentry","category-gumnaasium"],"acf":[],"_links":{"self":[{"href":"https:\/\/students.ebs.ee\/et\/wp-json\/wp\/v2\/pages\/10918","targetHints":{"allow":["GET"]}}],"collection":[{"href":"https:\/\/students.ebs.ee\/et\/wp-json\/wp\/v2\/pages"}],"about":[{"href":"https:\/\/students.ebs.ee\/et\/wp-json\/wp\/v2\/types\/page"}],"author":[{"embeddable":true,"href":"https:\/\/students.ebs.ee\/et\/wp-json\/wp\/v2\/users\/458"}],"replies":[{"embeddable":true,"href":"https:\/\/students.ebs.ee\/et\/wp-json\/wp\/v2\/comments?post=10918"}],"version-history":[{"count":20,"href":"https:\/\/students.ebs.ee\/et\/wp-json\/wp\/v2\/pages\/10918\/revisions"}],"predecessor-version":[{"id":13203,"href":"https:\/\/students.ebs.ee\/et\/wp-json\/wp\/v2\/pages\/10918\/revisions\/13203"}],"up":[{"embeddable":true,"href":"https:\/\/students.ebs.ee\/et\/wp-json\/wp\/v2\/pages\/10908"}],"wp:attachment":[{"href":"https:\/\/students.ebs.ee\/et\/wp-json\/wp\/v2\/media?parent=10918"}],"wp:term":[{"taxonomy":"category","embeddable":true,"href":"https:\/\/students.ebs.ee\/et\/wp-json\/wp\/v2\/categories?post=10918"},{"taxonomy":"semester","embeddable":true,"href":"https:\/\/students.ebs.ee\/et\/wp-json\/wp\/v2\/semester?post=10918"},{"taxonomy":"campus","embeddable":true,"href":"https:\/\/students.ebs.ee\/et\/wp-json\/wp\/v2\/campus?post=10918"}],"curies":[{"name":"wp","href":"https:\/\/api.w.org\/{rel}","templated":true}]}}