{"id":10828,"date":"2025-08-07T11:19:46","date_gmt":"2025-08-07T08:19:46","guid":{"rendered":"https:\/\/students.ebs.ee\/?page_id=10828"},"modified":"2026-03-03T18:26:33","modified_gmt":"2026-03-03T15:26:33","slug":"ravikindlustus","status":"publish","type":"page","link":"https:\/\/students.ebs.ee\/et\/oppetoo\/oppeinfo\/ravikindlustus\/","title":{"rendered":"Ravikindlustus"},"content":{"rendered":"\n<p>Vastavalt <a href=\"https:\/\/www.riigiteataja.ee\/akt\/110062011008?leiaKehtiv\" data-type=\"link\" data-id=\"https:\/\/www.riigiteataja.ee\/akt\/110062011008?leiaKehtiv\" target=\"_blank\" rel=\"noreferrer noopener\">ravikindlustuse seadusele<\/a> on \u00fcli\u00f5pilastel\u00a0<a href=\"https:\/\/www.tervisekassa.ee\/opilased-ja-uliopilased\" target=\"_blank\" rel=\"noreferrer noopener\">ravikindlustus<\/a>. Ravikindlustus kehtib \u00f5ppekava nominaalaja jooksul. Ravikindlustuse saamiseks ei pea \u00fcli\u00f5pilane ise tervisekassasse p\u00f6\u00f6rduma, \u00fcli\u00f5pilaste andmed esitab \u00fclikool tervisekassale \u00fcli\u00f5pilaste registri kaudu.<\/p>\n\n\n\n<p>Akadeemilise puhkuse<strong>&nbsp;<\/strong>ajaks ravikindlustus peatub&nbsp;ning j\u00e4tkub p\u00e4rast akadeemilise puhkuse l\u00f5ppu. Erandiks on akadeemiline puhkus tervislikel p\u00f5hjustel: kui akadeemiline puhkus on v\u00f5etud tervislikel p\u00f5hjustel, siis ravikindlustus ei katke.<\/p>\n\n\n\n<p><strong>Ravikindlustuse l\u00f5ppemine<\/strong><\/p>\n\n\n\n<ul class=\"wp-block-list\">\n<li>kolm kuud\u00a0p\u00e4rast \u00fclikooli l\u00f5petamist<\/li>\n\n\n\n<li>\u00fcks aasta ja \u00fcks kuu peale \u00f5ppekava nominaalkestuse l\u00f5ppu (v\u00e4lja arvatud tervislikel p\u00f5hjustel akadeemilisel puhkusel viibides)<\/li>\n\n\n\n<li>\u00fcks kuu p\u00e4rast \u00f5pingute katkemisest (eksmatrikuleerimisest)<\/li>\n<\/ul>\n\n\n\n<p><\/p>\n\n\n\n<p><a href=\"https:\/\/www.eesti.ee\/et\/tervis-ja-tervisekaitse\/tervishoid-ja-arstiabi\/ravikindlustus\" target=\"_blank\" rel=\"noreferrer noopener\">Riigiportaalis<\/a>&nbsp;on v\u00f5imalik kontrollida nii oma ravikindlustuse kehtivust, elukohaga seotud andmeid, perearsti kui ka haigush\u00fcvitiste v\u00e4ljamaksmist.<\/p>\n\n\n\n<p><\/p>\n","protected":false},"excerpt":{"rendered":"<p>Vastavalt ravikindlustuse seadusele on \u00fcli\u00f5pilastel\u00a0ravikindlustus. Ravikindlustus kehtib \u00f5ppekava nominaalaja jooksul. Ravikindlustuse saamiseks ei pea \u00fcli\u00f5pilane ise tervisekassasse p\u00f6\u00f6rduma, \u00fcli\u00f5pilaste andmed esitab \u00fclikool tervisekassale \u00fcli\u00f5pilaste registri kaudu. Akadeemilise puhkuse&nbsp;ajaks ravikindlustus peatub&nbsp;ning j\u00e4tkub p\u00e4rast akadeemilise puhkuse l\u00f5ppu. Erandiks on akadeemiline puhkus tervislikel p\u00f5hjustel: kui akadeemiline puhkus on v\u00f5etud tervislikel p\u00f5hjustel, siis ravikindlustus ei katke. Ravikindlustuse l\u00f5ppemine Riigiportaalis&nbsp;on&#8230;<\/p>\n","protected":false},"author":6,"featured_media":0,"parent":267,"menu_order":1,"comment_status":"closed","ping_status":"closed","template":"","meta":{"_eb_attr":"","footnotes":""},"categories":[],"semester":[],"campus":[],"class_list":["post-10828","page","type-page","status-publish","hentry"],"acf":[],"_links":{"self":[{"href":"https:\/\/students.ebs.ee\/et\/wp-json\/wp\/v2\/pages\/10828","targetHints":{"allow":["GET"]}}],"collection":[{"href":"https:\/\/students.ebs.ee\/et\/wp-json\/wp\/v2\/pages"}],"about":[{"href":"https:\/\/students.ebs.ee\/et\/wp-json\/wp\/v2\/types\/page"}],"author":[{"embeddable":true,"href":"https:\/\/students.ebs.ee\/et\/wp-json\/wp\/v2\/users\/6"}],"replies":[{"embeddable":true,"href":"https:\/\/students.ebs.ee\/et\/wp-json\/wp\/v2\/comments?post=10828"}],"version-history":[{"count":6,"href":"https:\/\/students.ebs.ee\/et\/wp-json\/wp\/v2\/pages\/10828\/revisions"}],"predecessor-version":[{"id":12923,"href":"https:\/\/students.ebs.ee\/et\/wp-json\/wp\/v2\/pages\/10828\/revisions\/12923"}],"up":[{"embeddable":true,"href":"https:\/\/students.ebs.ee\/et\/wp-json\/wp\/v2\/pages\/267"}],"wp:attachment":[{"href":"https:\/\/students.ebs.ee\/et\/wp-json\/wp\/v2\/media?parent=10828"}],"wp:term":[{"taxonomy":"category","embeddable":true,"href":"https:\/\/students.ebs.ee\/et\/wp-json\/wp\/v2\/categories?post=10828"},{"taxonomy":"semester","embeddable":true,"href":"https:\/\/students.ebs.ee\/et\/wp-json\/wp\/v2\/semester?post=10828"},{"taxonomy":"campus","embeddable":true,"href":"https:\/\/students.ebs.ee\/et\/wp-json\/wp\/v2\/campus?post=10828"}],"curies":[{"name":"wp","href":"https:\/\/api.w.org\/{rel}","templated":true}]}}