{"id":10772,"date":"2025-07-08T16:44:00","date_gmt":"2025-07-08T13:44:00","guid":{"rendered":"https:\/\/students.ebs.ee\/?page_id=10772"},"modified":"2025-10-09T13:32:25","modified_gmt":"2025-10-09T10:32:25","slug":"kevad-2026-ajakava","status":"publish","type":"page","link":"https:\/\/students.ebs.ee\/et\/oppetoo\/ulikooli-lopetamine\/loputoo\/kevad-2026-ajakava\/","title":{"rendered":"Kevad 2026 ajakava"},"content":{"rendered":"\n<p>Kevadsemestril 2026 bakalaureuse- v\u00f5i magistrit\u00f6\u00f6ga l\u00f5petamiseks tuleb l\u00f5put\u00f6\u00f6 kavand Canvases esitada hiljemalt&nbsp;<strong>1. detsembriks 2025<\/strong>.<\/p>\n\n\n\n<p>L\u00f5put\u00f6\u00f6le tuleb registreeruda ka&nbsp;<a href=\"https:\/\/my.ebs.ee\/et\" data-type=\"link\" data-id=\"https:\/\/my.ebs.ee\/et\">MyEBSis<\/a>, <strong>15. jaanuariks 2026<\/strong>.<\/p>\n\n\n\n<ul class=\"wp-block-list\">\n<li>L\u00f5put\u00f6\u00f6 kavand tuleb esitada Canvases (<a href=\"https:\/\/ebs.instructure.com\/enroll\/J4FD8X\">kursuse link<\/a>, kindlasti tuleb vajutada &#8220;enroll in course&#8221;), kuhu on v\u00f5imalik end ise registreerida<\/li>\n\n\n\n<li>L\u00f5put\u00f6\u00f6 kavand tuleb esitada vormil, mis tuleb spetsiaalses keskkonnas t\u00e4ita ja Canvasesse \u00fclesannete alla \u00fcles laadida.<\/li>\n\n\n\n<li>L\u00f5put\u00f6\u00f6 juhendaja kinnitab kavandi Canvases<\/li>\n<\/ul>\n\n\n\n<p><strong>Bakalaureuset\u00f6\u00f6de ajakava<\/strong><\/p>\n\n\n\n<ul class=\"wp-block-list\">\n<li>1. oktoober &#8211; 1. detsember 2025 \u2013 bakalaureuse\u00f6\u00f6 kavandi esitamine Canvases<\/li>\n\n\n\n<li>1. detsember 2025 \u2013 t\u00e4htaeg, millal juhendaja peab olema kinnitanud kavandi Canvases<\/li>\n\n\n\n<li>20. detsember &#8211; 15. jaanuar 2026 \u2013 bakalaureuset\u00f6\u00f6 kursusele registreerumine <a href=\"https:\/\/my.ebs.ee\/et\" data-type=\"link\" data-id=\"https:\/\/my.ebs.ee\/et\">MyEBSis<\/a><\/li>\n\n\n\n<li>16. m\u00e4rts 2026 \u2013 bakalaureuset\u00f6\u00f6 esitamine Canvases juhendajale vahearuande t\u00e4itmiseks<\/li>\n\n\n\n<li>23. m\u00e4rts 2026 \u2013 juhendaja poolt vahearuande kinnitamine Canvases<\/li>\n\n\n\n<li>28. aprill 2026 \u2013 l\u00f5petamistingimuste t\u00e4htaeg, st k\u00f5ikides \u00f5ppeainetes (kohustuslikes ja valikainetes) on l\u00f5pphinne v\u00e4lja pandud<\/li>\n\n\n\n<li>4. mai 2026 \u2013 bakalaureuset\u00f6\u00f6 esitamine Canvases juhendajale<\/li>\n\n\n\n<li>13. mai 2026 \u2013&nbsp;juhendaja annab kinnituse (koos hindamisruubrikuga) bakalaureuset\u00f6\u00f6 l\u00f5pphindamisele lubamise kohta<\/li>\n\n\n\n<li>18. mai 2026 \u2013 bakalaureuset\u00f6\u00f6 esitamine Canvasesse l\u00f5pphindamiseks<\/li>\n\n\n\n<li>3. juuni 2026 \u2013 avalikustatakse hinded<\/li>\n<\/ul>\n\n\n\n<p><strong>Magistrit\u00f6\u00f6de ajakava<\/strong><\/p>\n\n\n\n<ul class=\"wp-block-list\">\n<li>1. oktoober &#8211; 1. detsember 2025 \u2013 magistrit\u00f6\u00f6 kavandi esitamine Canvases<\/li>\n\n\n\n<li>1. detsember 2025 \u2013 t\u00e4htaeg, millal juhendaja peab olema kinnitanud kavandi Canvases<\/li>\n\n\n\n<li>20. detsember &#8211; 15. jaanuar 2026 \u2013 magistrit\u00f6\u00f6 kursusele registreerumine <a href=\"https:\/\/my.ebs.ee\/et\" data-type=\"link\" data-id=\"https:\/\/my.ebs.ee\/et\">MyEBSis<\/a><\/li>\n\n\n\n<li>16. m\u00e4rts 2026 \u2013 magistrit\u00f6\u00f6 esitamine Canvases juhendajale vahearuande t\u00e4itmiseks<\/li>\n\n\n\n<li>23. m\u00e4rts 2026 \u2013 juhendaja poolt vahearuande kinnitamine Canvases<\/li>\n\n\n\n<li>7. mai 2026 \u2013 magistrit\u00f6\u00f6 esitamine Canvases juhendajale hindamiseks<\/li>\n\n\n\n<li>14. mai 2026 \u2013 juhendaja annab hinnangu kas l\u00f5put\u00f6\u00f6 on lubatud l\u00f5ppkaitsmisele ja annab soovitused l\u00f5plike paranduste kohta<\/li>\n\n\n\n<li>25. mai 2026 \u2013 magistrit\u00f6\u00f6 esitamine retsenseerimiseks ja l\u00f5ppkaitsmiseks<\/li>\n\n\n\n<li>29. mai 2026 \u2013 \u00fcli\u00f5pilane saab info l\u00f5ppkaitsmisele lubamisest ja retsensendi tagasiside<\/li>\n\n\n\n<li>1. &#8211; 5. juuni 2026 \u2013 magistrit\u00f6\u00f6de l\u00f5ppkaitsmised<\/li>\n<\/ul>\n\n\n\n<p><\/p>\n","protected":false},"excerpt":{"rendered":"<p>Kevadsemestril 2026 bakalaureuse- v\u00f5i magistrit\u00f6\u00f6ga l\u00f5petamiseks tuleb l\u00f5put\u00f6\u00f6 kavand Canvases esitada hiljemalt&nbsp;1. detsembriks 2025. L\u00f5put\u00f6\u00f6le tuleb registreeruda ka&nbsp;MyEBSis, 15. jaanuariks 2026. Bakalaureuset\u00f6\u00f6de ajakava Magistrit\u00f6\u00f6de ajakava<\/p>\n","protected":false},"author":6,"featured_media":0,"parent":306,"menu_order":8,"comment_status":"closed","ping_status":"closed","template":"","meta":{"_eb_attr":"","footnotes":""},"categories":[],"semester":[],"campus":[],"class_list":["post-10772","page","type-page","status-publish","hentry"],"acf":[],"_links":{"self":[{"href":"https:\/\/students.ebs.ee\/et\/wp-json\/wp\/v2\/pages\/10772","targetHints":{"allow":["GET"]}}],"collection":[{"href":"https:\/\/students.ebs.ee\/et\/wp-json\/wp\/v2\/pages"}],"about":[{"href":"https:\/\/students.ebs.ee\/et\/wp-json\/wp\/v2\/types\/page"}],"author":[{"embeddable":true,"href":"https:\/\/students.ebs.ee\/et\/wp-json\/wp\/v2\/users\/6"}],"replies":[{"embeddable":true,"href":"https:\/\/students.ebs.ee\/et\/wp-json\/wp\/v2\/comments?post=10772"}],"version-history":[{"count":19,"href":"https:\/\/students.ebs.ee\/et\/wp-json\/wp\/v2\/pages\/10772\/revisions"}],"predecessor-version":[{"id":11551,"href":"https:\/\/students.ebs.ee\/et\/wp-json\/wp\/v2\/pages\/10772\/revisions\/11551"}],"up":[{"embeddable":true,"href":"https:\/\/students.ebs.ee\/et\/wp-json\/wp\/v2\/pages\/306"}],"wp:attachment":[{"href":"https:\/\/students.ebs.ee\/et\/wp-json\/wp\/v2\/media?parent=10772"}],"wp:term":[{"taxonomy":"category","embeddable":true,"href":"https:\/\/students.ebs.ee\/et\/wp-json\/wp\/v2\/categories?post=10772"},{"taxonomy":"semester","embeddable":true,"href":"https:\/\/students.ebs.ee\/et\/wp-json\/wp\/v2\/semester?post=10772"},{"taxonomy":"campus","embeddable":true,"href":"https:\/\/students.ebs.ee\/et\/wp-json\/wp\/v2\/campus?post=10772"}],"curies":[{"name":"wp","href":"https:\/\/api.w.org\/{rel}","templated":true}]}}